{"id":5080,"date":"2021-10-12T20:09:53","date_gmt":"2021-10-13T03:09:53","guid":{"rendered":"https:\/\/brulen.com\/privacy-statement-us\/"},"modified":"2021-10-15T22:54:24","modified_gmt":"2021-10-16T05:54:24","slug":"privacy-statement-us","status":"publish","type":"page","link":"https:\/\/brulen.com\/it\/privacy-statement-us\/","title":{"rendered":"Informativa sulla privacy (USA)"},"content":{"rendered":"<div data-elementor-type=\"wp-page\" data-elementor-id=\"5080\" class=\"elementor elementor-5080\" data-elementor-post-type=\"page\">\n\t\t\t\t\t\t<section data-particle_enable=\"false\" data-particle-mobile-disabled=\"false\" class=\"elementor-section elementor-top-section elementor-element elementor-element-def7ab7 headline transparent elementor-section-stretched elementor-section-boxed elementor-section-height-default elementor-section-height-default\" data-id=\"def7ab7\" data-element_type=\"section\" data-e-type=\"section\" data-settings=\"{&quot;stretch_section&quot;:&quot;section-stretched&quot;,&quot;background_background&quot;:&quot;video&quot;,&quot;shape_divider_bottom&quot;:&quot;tilt&quot;,&quot;background_video_link&quot;:&quot;https:\\\/\\\/brulen.com\\\/brunew\\\/wp-content\\\/videos\\\/Rock%20concert%20out%20of%20focus.mp4&quot;,&quot;background_play_on_mobile&quot;:&quot;yes&quot;}\">\n\t\t\t\t\t\t\t\t<div class=\"elementor-background-video-container\">\n\t\t\t\t\t\t\t\t\t\t\t\t\t<video class=\"elementor-background-video-hosted\" role=\"presentation\" autoplay muted playsinline loop><\/video>\n\t\t\t\t\t\t\t\t\t\t\t<\/div>\n\t\t\t\t\t\t\t\t\t<div class=\"elementor-background-overlay\"><\/div>\n\t\t\t\t\t\t<div class=\"elementor-shape elementor-shape-bottom\" aria-hidden=\"true\" data-negative=\"false\">\n\t\t\t<svg xmlns=\"http:\/\/www.w3.org\/2000\/svg\" viewbox=\"0 0 1000 100\" preserveaspectratio=\"none\">\n\t<path class=\"elementor-shape-fill\" d=\"M0,6V0h1000v100L0,6z\"\/>\n<\/svg>\t\t<\/div>\n\t\t\t\t\t<div class=\"elementor-container elementor-column-gap-default\">\n\t\t\t\t\t<div class=\"elementor-column elementor-col-100 elementor-top-column elementor-element elementor-element-08343e4\" data-id=\"08343e4\" data-element_type=\"column\" data-e-type=\"column\">\n\t\t\t<div class=\"elementor-widget-wrap elementor-element-populated\">\n\t\t\t\t\t\t<div class=\"elementor-element elementor-element-8ff812b animated-fast elementor-invisible elementor-widget elementor-widget-heading\" data-id=\"8ff812b\" data-element_type=\"widget\" data-e-type=\"widget\" data-settings=\"{&quot;_animation&quot;:&quot;fadeInUp&quot;}\" data-widget_type=\"heading.default\">\n\t\t\t\t<div class=\"elementor-widget-container\">\n\t\t\t\t\t<span class=\"elementor-heading-title elementor-size-default\">Stati Uniti d&#039;America<\/span>\t\t\t\t<\/div>\n\t\t\t\t<\/div>\n\t\t\t\t<div class=\"elementor-element elementor-element-3019956 animated-fast elementor-invisible elementor-widget elementor-widget-heading\" data-id=\"3019956\" data-element_type=\"widget\" data-e-type=\"widget\" data-settings=\"{&quot;_animation&quot;:&quot;fadeInUp&quot;,&quot;_animation_delay&quot;:200}\" data-widget_type=\"heading.default\">\n\t\t\t\t<div class=\"elementor-widget-container\">\n\t\t\t\t\t<h1 class=\"elementor-heading-title elementor-size-default\">INFORMATIVA SULLA PRIVACY<\/h1>\t\t\t\t<\/div>\n\t\t\t\t<\/div>\n\t\t\t\t\t<\/div>\n\t\t<\/div>\n\t\t\t\t\t<\/div>\n\t\t<\/section>\n\t\t\t\t<section data-particle_enable=\"false\" data-particle-mobile-disabled=\"false\" class=\"elementor-section elementor-top-section elementor-element elementor-element-3d615195 elementor-section-boxed elementor-section-height-default elementor-section-height-default\" data-id=\"3d615195\" data-element_type=\"section\" data-e-type=\"section\">\n\t\t\t\t\t\t<div class=\"elementor-container elementor-column-gap-default\">\n\t\t\t\t\t<div class=\"elementor-column elementor-col-100 elementor-top-column elementor-element elementor-element-5985cd36\" data-id=\"5985cd36\" data-element_type=\"column\" data-e-type=\"column\">\n\t\t\t<div class=\"elementor-widget-wrap elementor-element-populated\">\n\t\t\t\t\t\t<div class=\"elementor-element elementor-element-49f9eee8 jltma-glass-effect-no elementor-invisible elementor-widget elementor-widget-shortcode\" data-id=\"49f9eee8\" data-element_type=\"widget\" data-e-type=\"widget\" data-settings=\"{&quot;_animation&quot;:&quot;fadeInRight&quot;}\" data-widget_type=\"shortcode.default\">\n\t\t\t\t<div class=\"elementor-widget-container\">\n\t\t\t\t\t\t\t<div class=\"elementor-shortcode\">\n<!-- Legal document generated by Complianz | GDPR\/CCPA Cookie Consent https:\/\/wordpress.org\/plugins\/complianz-gdpr -->\n<div id=\"cmplz-document\" class=\"cmplz-document privacy-statement cmplz-document-us\"><p><i>L&#039;ultima modifica alla presente informativa sulla privacy \u00e8 stata effettuata il 31 marzo 2025, l&#039;ultima verifica \u00e8 stata effettuata il 31 marzo 2025 e si applica ai cittadini e ai residenti permanenti legali degli Stati Uniti.<\/i><br \/><br \/><\/p><p>In questa informativa sulla privacy, spieghiamo cosa facciamo con i dati che otteniamo su di te tramite <a href=\"https:\/\/brulen.com\/it\">https:\/\/brulen.com\/it<\/a>. Ti consigliamo di leggere attentamente questa dichiarazione. Nel nostro trattamento rispettiamo i requisiti della normativa sulla privacy. Ci\u00f2 significa, tra l&#039;altro, che:<ul>\n                <li>indichiamo chiaramente le finalit\u00e0 per le quali trattiamo i dati personali. Lo facciamo tramite questa informativa sulla privacy;<\/li>\n                <li>miriamo a limitare la nostra raccolta di dati personali ai soli dati personali richiesti per scopi legittimi;<\/li>\n                <li>richiediamo prima il tuo consenso esplicito per trattare i tuoi dati personali nei casi che richiedono il tuo consenso;<\/li>\n                <li>adottiamo misure di sicurezza appropriate per proteggere i tuoi dati personali e lo richiediamo anche alle parti che elaborano i dati personali per nostro conto;<\/li>\n                <li>rispettiamo il tuo diritto di accedere ai tuoi dati personali o di farli correggere o cancellare, su tua richiesta.<\/li>\n            <\/ul><\/p><p>Se hai domande o vuoi sapere esattamente quali dati conserviamo di te, contattaci.<\/p><h2>1. Pratiche di divulgazione<\/h2><p><p>Comunichiamo informazioni personali se ci viene richiesto dalla legge o da un ordine del tribunale, in risposta a un&#039;autorit\u00e0 incaricata dell&#039;applicazione della legge, nella misura consentita da altre disposizioni di legge, per fornire informazioni o per un&#039;indagine su una questione relativa alla sicurezza pubblica.<\/p><p>Se il nostro sito Web o l&#039;organizzazione viene rilevato, venduto o coinvolto in una fusione o acquisizione, i tuoi dati potrebbero essere divulgati ai nostri consulenti e eventuali potenziali acquirenti e saranno trasmessi ai nuovi proprietari.<\/p><\/p><h2>2. Come rispondiamo ai segnali Do Not Track e al controllo globale della privacy <\/h2><p>Il nostro sito Web risponde e supporta il campo di richiesta dell&#039;intestazione Do Not Track (DNT). Se attivi DNT nel tuo browser, tali preferenze ci vengono comunicate nell&#039;intestazione della richiesta HTTP e non terremo traccia del tuo comportamento di navigazione.<\/p><h2>3. Biscotti<\/h2><p>Il nostro sito web utilizza i cookie. Per ulteriori informazioni sui cookie, fare riferimento alla nostra Cookie Policy sul nostro <a href=\"https:\/\/brulen.com\/it\/cookie-policy-us\/\">Politica sui cookie (USA)<\/a> pagina web.&nbsp;<\/p><p>Abbiamo stipulato un contratto di elaborazione dei dati con Google.<\/p><h2>4. Sicurezza<\/h2><p>Ci impegniamo per la sicurezza dei dati personali. Adottiamo misure di sicurezza appropriate per limitare l&#039;abuso e l&#039;accesso non autorizzato ai dati personali. Ci\u00f2 garantisce che solo le persone necessarie abbiano accesso ai tuoi dati, che l&#039;accesso ai dati sia protetto e che le nostre misure di sicurezza siano regolarmente riviste.<\/p><h2>5. Siti web di terze parti<\/h2><p>La presente informativa sulla privacy non si applica ai siti Web di terzi collegati tramite link sul nostro sito Web. Non possiamo garantire che queste terze parti gestiscano i tuoi dati personali in modo affidabile o sicuro. Ti consigliamo di leggere le informative sulla privacy di questi siti Web prima di utilizzare questi siti Web.<\/p><h2>6. Modifiche alla presente informativa sulla privacy<\/h2><p>Ci riserviamo il diritto di apportare modifiche alla presente informativa sulla privacy. Si consiglia di consultare regolarmente questa informativa sulla privacy per essere a conoscenza di eventuali modifiche. Inoltre, vi informeremo attivamente ove possibile.<\/p><h2>7. Accesso e modifica dei dati<\/h2><p>Se hai domande o vuoi sapere quali dati personali abbiamo su di te, ti preghiamo di contattarci. Assicurati di indicare sempre chiaramente chi sei, in modo che possiamo essere certi che non modifichiamo o cancelliamo alcun dato della persona sbagliata. Forniremo le informazioni richieste solo al ricevimento di una richiesta verificabile del consumatore. Puoi contattarci utilizzando le informazioni di seguito. Hai i seguenti diritti:<\/p><p class=\"cmplz-subtitle\">7.1 Hai i seguenti diritti in relazione ai tuoi dati personali<\/p><ol class=\"alphabetic\">\n                        <li>Puoi inviare una richiesta di accesso ai dati che elaboriamo su di te.<\/li>\n                        <li>Lei pu\u00f2 opporsi al trattamento.<\/li>\n                        <li>Puoi richiedere una panoramica, in un formato comunemente usato, dei dati che elaboriamo su di te.<\/li>\n                        <li>Lei pu\u00f2 chiedere la rettifica o la cancellazione dei dati qualora siano errati o non pi\u00f9 pertinenti, oppure chiedere che ne sia limitato il trattamento.<\/li>\n                        <li>Puoi presentare ricorso contro la nostra decisione ogni volta che rifiutiamo di dare seguito a una richiesta e presentare un reclamo all&#039;autorit\u00e0 competente se il tuo ricorso viene respinto.<\/li>\n                      <\/ol><h2>8. Bambini<\/h2><p>Il nostro sito Web non \u00e8 progettato per attirare i bambini e non \u00e8 nostra intenzione raccogliere dati personali da bambini di et\u00e0 inferiore al consenso nel loro paese di residenza. Chiediamo pertanto che i minori di et\u00e0 inferiore al consenso non ci forniscano alcun dato personale.<\/p><h2>9. Dati di contatto<\/h2><p>Brulen, Inc.,<br \/>\n        7260 Ovest Azure Drive<br \/>\nNumero civico 140-1500<br \/>\nLas Vegas, NV 89130<br \/>\n        Stati Uniti<br \/>\n        Sito web: <a href=\"https:\/\/brulen.com\/it\">https:\/\/brulen.com\/it<\/a> <br \/>\n        E-mail: <span class=\"cmplz-obfuscate\">privacy@<span class=\"cmplz-fmail-domain\">ex.com<\/span>b&#114;&#117;l&#101;n&#046;com<\/span> <br \/>\n        <br \/>\n        Numero di telefono: (702) 857-7900<\/p><\/div><\/div>\n\t\t\t\t\t\t<\/div>\n\t\t\t\t<\/div>\n\t\t\t\t\t<\/div>\n\t\t<\/div>\n\t\t\t\t\t<\/div>\n\t\t<\/section>\n\t\t\t\t<\/div>","protected":false},"excerpt":{"rendered":"<p>INFORMATIVA SULLA PRIVACY USA<\/p>","protected":false},"author":1,"featured_media":0,"parent":0,"menu_order":0,"comment_status":"closed","ping_status":"closed","template":"","meta":{"footnotes":""},"class_list":["post-5080","page","type-page","status-publish","hentry"],"yoast_head":"<!-- This site is optimized with the Yoast SEO Premium plugin v27.3 (Yoast SEO v27.3) - https:\/\/yoast.com\/product\/yoast-seo-premium-wordpress\/ -->\n<title>Privacy Statement (US) &#8902; \u2605 BRULEN\u00ae \u2605 Recording Artist<\/title>\n<meta name=\"description\" content=\"Singer, songwriter, musician &amp; recording artist brings you new classic rock music powerfully infused by the great John Lennon long ago \u2605\u2605\u2605\u2605\u2605\" \/>\n<meta name=\"robots\" content=\"index, follow, max-snippet:-1, max-image-preview:large, max-video-preview:-1\" \/>\n<link rel=\"canonical\" href=\"https:\/\/brulen.com\/it\/privacy-statement-us\/\" \/>\n<meta property=\"og:locale\" content=\"it_IT\" \/>\n<meta property=\"og:type\" content=\"article\" \/>\n<meta property=\"og:title\" content=\"Privacy Statement (US)\" \/>\n<meta property=\"og:description\" content=\"Singer, songwriter, musician &amp; recording artist brings you new classic rock music powerfully infused by the great John Lennon long ago \u2605\u2605\u2605\u2605\u2605\" \/>\n<meta property=\"og:url\" content=\"https:\/\/brulen.com\/it\/privacy-statement-us\/\" \/>\n<meta property=\"og:site_name\" content=\"\u2605 BRULEN\u00ae \u2605 Recording Artist\" \/>\n<meta property=\"article:publisher\" content=\"https:\/\/www.facebook.com\/BrulenMusic\" \/>\n<meta property=\"article:modified_time\" content=\"2021-10-16T05:54:24+00:00\" \/>\n<meta property=\"og:image\" content=\"https:\/\/brulen.com\/brunew\/wp-content\/uploads\/2021\/09\/20191016_194308-818x1444-818x1444.jpg\" \/>\n\t<meta property=\"og:image:width\" content=\"818\" \/>\n\t<meta property=\"og:image:height\" content=\"1444\" \/>\n\t<meta property=\"og:image:type\" content=\"image\/jpeg\" \/>\n<meta name=\"twitter:card\" content=\"summary_large_image\" \/>\n<meta name=\"twitter:site\" content=\"@brulen\" \/>\n<script type=\"application\/ld+json\" class=\"yoast-schema-graph\">{\"@context\":\"https:\\\/\\\/schema.org\",\"@graph\":[{\"@type\":\"WebPage\",\"@id\":\"https:\\\/\\\/brulen.com\\\/it\\\/privacy-statement-us\\\/\",\"url\":\"https:\\\/\\\/brulen.com\\\/it\\\/privacy-statement-us\\\/\",\"name\":\"Privacy Statement (US) &#8902; \u2605 BRULEN\u00ae \u2605 Recording Artist\",\"isPartOf\":{\"@id\":\"https:\\\/\\\/brulen.com\\\/#website\"},\"datePublished\":\"2021-10-13T03:09:53+00:00\",\"dateModified\":\"2021-10-16T05:54:24+00:00\",\"description\":\"Singer, songwriter, musician &amp; recording artist brings you new classic rock music powerfully infused by the great John Lennon long ago \u2605\u2605\u2605\u2605\u2605\",\"breadcrumb\":{\"@id\":\"https:\\\/\\\/brulen.com\\\/it\\\/privacy-statement-us\\\/#breadcrumb\"},\"inLanguage\":\"it-IT\",\"potentialAction\":[{\"@type\":\"ReadAction\",\"target\":[\"https:\\\/\\\/brulen.com\\\/it\\\/privacy-statement-us\\\/\"]}]},{\"@type\":\"BreadcrumbList\",\"@id\":\"https:\\\/\\\/brulen.com\\\/it\\\/privacy-statement-us\\\/#breadcrumb\",\"itemListElement\":[{\"@type\":\"ListItem\",\"position\":1,\"name\":\"Home\",\"item\":\"https:\\\/\\\/brulen.com\\\/\"},{\"@type\":\"ListItem\",\"position\":2,\"name\":\"Privacy Statement (US)\"}]},{\"@type\":\"WebSite\",\"@id\":\"https:\\\/\\\/brulen.com\\\/#website\",\"url\":\"https:\\\/\\\/brulen.com\\\/\",\"name\":\"\u2605 BRULEN\u00ae \u2605 Recording Artist\",\"description\":\"Recording Artist\",\"publisher\":{\"@id\":\"https:\\\/\\\/brulen.com\\\/#organization\"},\"potentialAction\":[{\"@type\":\"SearchAction\",\"target\":{\"@type\":\"EntryPoint\",\"urlTemplate\":\"https:\\\/\\\/brulen.com\\\/?s={search_term_string}\"},\"query-input\":{\"@type\":\"PropertyValueSpecification\",\"valueRequired\":true,\"valueName\":\"search_term_string\"}}],\"inLanguage\":\"it-IT\"},{\"@type\":\"Organization\",\"@id\":\"https:\\\/\\\/brulen.com\\\/#organization\",\"name\":\"BRULEN\",\"url\":\"https:\\\/\\\/brulen.com\\\/\",\"logo\":{\"@type\":\"ImageObject\",\"inLanguage\":\"it-IT\",\"@id\":\"https:\\\/\\\/brulen.com\\\/#\\\/schema\\\/logo\\\/image\\\/\",\"url\":\"https:\\\/\\\/brulen.com\\\/brunew\\\/wp-content\\\/uploads\\\/2020\\\/11\\\/Brulen-Site-Logo-1.png\",\"contentUrl\":\"https:\\\/\\\/brulen.com\\\/brunew\\\/wp-content\\\/uploads\\\/2020\\\/11\\\/Brulen-Site-Logo-1.png\",\"width\":350,\"height\":169,\"caption\":\"BRULEN\"},\"image\":{\"@id\":\"https:\\\/\\\/brulen.com\\\/#\\\/schema\\\/logo\\\/image\\\/\"},\"sameAs\":[\"https:\\\/\\\/www.facebook.com\\\/BrulenMusic\",\"https:\\\/\\\/x.com\\\/brulen\"],\"publishingPrinciples\":\"https:\\\/\\\/brulen.com\\\/it\\\/privacy-statement-us\\\/\"}]}<\/script>\n<!-- \/ Yoast SEO Premium plugin. -->","yoast_head_json":{"title":"Informativa sulla privacy (USA) \u22c6 \u2605 BRULEN\u00ae \u2605 Artista di registrazione","description":"Cantante, compositore, musicista e artista discografico ti offre una nuova musica rock classica potentemente infusa dal grande John Lennon molto tempo fa \u2605\u2605\u2605\u2605\u2605","robots":{"index":"index","follow":"follow","max-snippet":"max-snippet:-1","max-image-preview":"max-image-preview:large","max-video-preview":"max-video-preview:-1"},"canonical":"https:\/\/brulen.com\/it\/privacy-statement-us\/","og_locale":"it_IT","og_type":"article","og_title":"Privacy Statement (US)","og_description":"Singer, songwriter, musician &amp; recording artist brings you new classic rock music powerfully infused by the great John Lennon long ago \u2605\u2605\u2605\u2605\u2605","og_url":"https:\/\/brulen.com\/it\/privacy-statement-us\/","og_site_name":"\u2605 BRULEN\u00ae \u2605 Recording Artist","article_publisher":"https:\/\/www.facebook.com\/BrulenMusic","article_modified_time":"2021-10-16T05:54:24+00:00","og_image":[{"width":818,"height":1444,"url":"https:\/\/brulen.com\/brunew\/wp-content\/uploads\/2021\/09\/20191016_194308-818x1444-818x1444.jpg","type":"image\/jpeg"}],"twitter_card":"summary_large_image","twitter_site":"@brulen","schema":{"@context":"https:\/\/schema.org","@graph":[{"@type":"WebPage","@id":"https:\/\/brulen.com\/it\/privacy-statement-us\/","url":"https:\/\/brulen.com\/it\/privacy-statement-us\/","name":"Informativa sulla privacy (USA) \u22c6 \u2605 BRULEN\u00ae \u2605 Artista di registrazione","isPartOf":{"@id":"https:\/\/brulen.com\/#website"},"datePublished":"2021-10-13T03:09:53+00:00","dateModified":"2021-10-16T05:54:24+00:00","description":"Cantante, compositore, musicista e artista discografico ti offre una nuova musica rock classica potentemente infusa dal grande John Lennon molto tempo fa \u2605\u2605\u2605\u2605\u2605","breadcrumb":{"@id":"https:\/\/brulen.com\/it\/privacy-statement-us\/#breadcrumb"},"inLanguage":"it-IT","potentialAction":[{"@type":"ReadAction","target":["https:\/\/brulen.com\/it\/privacy-statement-us\/"]}]},{"@type":"BreadcrumbList","@id":"https:\/\/brulen.com\/it\/privacy-statement-us\/#breadcrumb","itemListElement":[{"@type":"ListItem","position":1,"name":"Home","item":"https:\/\/brulen.com\/"},{"@type":"ListItem","position":2,"name":"Privacy Statement (US)"}]},{"@type":"WebSite","@id":"https:\/\/brulen.com\/#website","url":"https:\/\/brulen.com\/","name":"\u2605 BRULEN\u00ae \u2605 Artista di registrazione","description":"Artista di registrazione","publisher":{"@id":"https:\/\/brulen.com\/#organization"},"potentialAction":[{"@type":"SearchAction","target":{"@type":"EntryPoint","urlTemplate":"https:\/\/brulen.com\/?s={search_term_string}"},"query-input":{"@type":"PropertyValueSpecification","valueRequired":true,"valueName":"search_term_string"}}],"inLanguage":"it-IT"},{"@type":"Organization","@id":"https:\/\/brulen.com\/#organization","name":"BRULEN","url":"https:\/\/brulen.com\/","logo":{"@type":"ImageObject","inLanguage":"it-IT","@id":"https:\/\/brulen.com\/#\/schema\/logo\/image\/","url":"https:\/\/brulen.com\/brunew\/wp-content\/uploads\/2020\/11\/Brulen-Site-Logo-1.png","contentUrl":"https:\/\/brulen.com\/brunew\/wp-content\/uploads\/2020\/11\/Brulen-Site-Logo-1.png","width":350,"height":169,"caption":"BRULEN"},"image":{"@id":"https:\/\/brulen.com\/#\/schema\/logo\/image\/"},"sameAs":["https:\/\/www.facebook.com\/BrulenMusic","https:\/\/x.com\/brulen"],"publishingPrinciples":"https:\/\/brulen.com\/it\/privacy-statement-us\/"}]}},"jetpack_sharing_enabled":true,"_links":{"self":[{"href":"https:\/\/brulen.com\/it\/wp-json\/wp\/v2\/pages\/5080","targetHints":{"allow":["GET"]}}],"collection":[{"href":"https:\/\/brulen.com\/it\/wp-json\/wp\/v2\/pages"}],"about":[{"href":"https:\/\/brulen.com\/it\/wp-json\/wp\/v2\/types\/page"}],"author":[{"embeddable":true,"href":"https:\/\/brulen.com\/it\/wp-json\/wp\/v2\/users\/1"}],"replies":[{"embeddable":true,"href":"https:\/\/brulen.com\/it\/wp-json\/wp\/v2\/comments?post=5080"}],"version-history":[{"count":0,"href":"https:\/\/brulen.com\/it\/wp-json\/wp\/v2\/pages\/5080\/revisions"}],"wp:attachment":[{"href":"https:\/\/brulen.com\/it\/wp-json\/wp\/v2\/media?parent=5080"}],"curies":[{"name":"parola chiave","href":"https:\/\/api.w.org\/{rel}","templated":true}]}}