{"id":4802,"date":"2021-10-11T02:33:52","date_gmt":"2021-10-11T09:33:52","guid":{"rendered":"https:\/\/brulen.com\/terms-conditions\/"},"modified":"2021-10-11T02:33:59","modified_gmt":"2021-10-11T09:33:59","slug":"terms-conditions","status":"publish","type":"page","link":"https:\/\/brulen.com\/it\/terms-conditions\/","title":{"rendered":"Termini &amp; Condizioni"},"content":{"rendered":"<!-- This legal document was generated by Complianz Terms &amp; Conditions https:\/\/wordpress.org\/plugins\/complianz-terms-conditions -->\n<div id=\"cmplz-document\" class=\"cmplz-document cmplz-terms-conditions\"><p><i>I termini e le condizioni sono stati aggiornati l&#039;ultima volta il 30 marzo 2025<\/i><\/p><h2>1. Introduzione<\/h2><p>Questi Termini e Condizioni si vietano a questo sito web e tutte le transazioni relative ai nostri prodotti e servizi. Pu\u00f2 essere vincolato da ulteriori contratti relativi alla tua relazione con noi oa qualsiasi prodotto o servizio che ricevi da noi. Se qualsiasi disposizione dei contratti aggiuntivi \u00e8 in conflitto con qualsiasi disposizione di questi Termini, le disposizioni di questi contratti aggiuntivi controlleranno e prevarranno.<\/p><h2>2. Vincolo<\/h2><p>Registrandosi, accedendo o utilizzando in altro modo questo sito web, l&#039;utente accetta di essere vincolato da questi Termini e condizioni di seguito riportati. Il semplice uso di questo sito web implica la conoscenza e l&#039;accettazione di questi termini e condizioni. In alcuni casi particolari, possiamo anche chiederle di acconsentire specificatamente.<\/p><h2>3. Comunicazione elettronica<\/h2><p>Utilizzando questo sito web o comunicando con noi per via elettronica, lei accetta e riconosce che possiamo comunicare con lei elettronicamente sul nostro sito web o inviandole un&#039;e-mail, e accetta che tutti gli accordi, gli avvisi, le divulgazioni e le altre comunicazioni che le correlazioni elettroniche soddisfano qualsiasi requisito legale, incluso ma non limitato al requisito che tali comunicazioni debbano essere in forma scritta.<\/p><h2>4. Propriet\u00e0 intellettuale<\/h2><p>Noi oi nostri licenziatari possediamo e controlliamo tutti i diritti d&#039;autore e gli altri diritti di propriet\u00e0 intellettuale del sito web ei dati, le informazioni e le altre risorse disponibili o accessibili all&#039;interno del sito web.<\/p><p class=\"cmplz-subtitle\">4.1 Tutti i diritti sono riservati<\/p><p>A meno che il contenuto specifico non imponga diversamente, all&#039;utente non viene concessa una licenza o qualsiasi altro diritto in base a diritti d&#039;autore, marchi, brevetti o altri diritti di propriet\u00e0 intellettuale. Ci\u00f2 significa che non potrete utilizzare, riprodurre, riprodurre, eseguire, mostrare, distribuire, incorporare in qualsiasi mezzo elettronico, alterare, decompilare, trasferire, scaricare, trasmettere, monetizzare, vendere o commercializzare qualsiasi risorsa di questo sito web in qualsiasi forma, senza il nostro previo permesso scritto, tranne e solo nella misura in cui sia diversamente stabilito in regolamenti di legge obbligatori (come il diritto di citazione).<\/p><h2>5. Newsletter<\/h2><p>Nonostante quanto sopra, \u00e8 possibile inoltrare la nostra newsletter in forma elettronica ad altre persone che potrebbero essere coinvolte a visitare il nostro sito web.<\/p><h2>6. Propriet\u00e0 di terzi<\/h2><p>Il nostro sito web pu\u00f2 includere collegamenti ipertestuali o altri riferimenti a siti web di altre parti. Non controlliamo o rivediamo il contenuto dei siti web di altre parti che sono collegati a questo sito web. I prodotti oi servizi offerti da altri siti web sono soggetti ai Termini e Condizioni applicabili di queste terze parti. Le opinioni espresse o il materiale che appare su questi siti web non sono necessariamente condivise o approvate da noi.<\/p><p>Non saremo responsabili delle pratiche di privacy o del contenuto di questi siti. Lei sopporta tutti i rischi associati all&#039;uso di questi siti web e di qualsiasi servizio di terzi collegato. Non accetteremo alcuna responsabilit\u00e0 per eventuali perdite o danni in qualsiasi modo, comunque causati, derivanti dalla vostra divulgazione a terzi di informazioni personali.<\/p><h2>7. Utilizzo responsabile<\/h2><p>Visitando il nostro sito web, l&#039;utente accetta di utilizzare solo per gli scopi previsti e come consentito come consentito da queste Condizioni, da qualsiasi contratto aggiuntivo con noi, e dalle leggi e dai regolamenti applicabili, nonch\u00e9 dalle pratiche online generalmente accettate e dalle linee guida del settore. Non pu\u00f2 utilizzare il nostro sito web oi nostri servizi per utilizzare, pubblicare o distribuire qualsiasi materiale che consiste in (o \u00e8 collegato a) software per computer dannosi; utilizzare i dati raccolti dal nostro sito web per qualsiasi attivit\u00e0 di marketing diretto, o condurre qualsiasi attivit\u00e0 di raccolta dati sistematica o automatizzata su o in relazione al nostro sito web.<\/p><p>\u00c8 severamente vietato intraprendere qualsiasi attivit\u00e0 che causi, o possa causare, danni al sito web o che interferisca con le prestazioni, la disponibilit\u00e0 o l&#039;accessibilit\u00e0 del sito web.<\/p><h2>8. Registrazione<\/h2><p>Pu\u00f2 registrarsi per un account sul nostro sito web. Durante questo processo, ti potrebbe essere richiesto di scegliere una password. L&#039;utente \u00e8 responsabile del mantenimento della riservatezza delle password e delle informazioni dell&#039;account e accetta di non condividere le sue password, le informazioni dell&#039;account o l&#039;accesso protetto al nostro sito web o ai servizi con altre persone. Lei non deve permettere a nessun&#039;altra persona di usare il suo account per accedere al sito web perch\u00e9 lei \u00e8 responsabile di tutte le attivit\u00e0 che avvengono attraverso l&#039;uso delle sue password o account. Deve informarci immediatamente se viene a conoscenza di qualsiasi divulgazione della sua password.<\/p><p>Dopo la chiusura dell&#039;account, non tenterete di registrare un nuovo account senza il nostro permesso.<\/p><h2>9. Presentazione di idee<\/h2><p>Non presentare idee, invenzioni, opere d&#039;autore o altre informazioni che possono essere considerate propriet\u00e0 intellettuale propria che vorresti presentarci, a meno che non abbiamo prima firmato un accordo sulla propriet\u00e0 intellettuale o un accordo di non divulgazione. Se ce lo riveli in assenza di tale accordo scritto, ci concedi una licenza mondiale, irrevocabile, non esclusiva, priva di royalty per utilizzare, riprodurre, memorizzare, adattare, pubblicare, tradurre e distribuire il tuo contenuto in qualsiasi media esistente o futuro.<\/p><h2>10. Cessazione dell&#039;uso<\/h2><p>Possiamo, a nostra sola discrezione, in qualsiasi momento modificare o interrompere l&#039;accesso, temporaneamente o permanentemente, al sito web oa qualsiasi servizio su di esso. Lei accetta che non saremo responsabili nei Suoi confronti o nei confronti di terzi per qualsiasi modifica, sospensione o interruzione del Suo accesso o uso del sito web o di qualsiasi contenuto che Lei possa aver condiviso sul sito web. Non avr\u00e0 diritto ad alcun indennizzo o altro pagamento, anche se alcune caratteristiche, impostazioni, e\/o qualsiasi Contenuto che lei ha contribuito o su cui ha fatto affidamento, sono permanentemente persi. Non pu\u00f2 eludere o bypassare, o tentare di eludere o bypassare, qualsiasi misura di restrizione di accesso sul nostro sito web.<\/p><h2>11. Garanzie e responsabilit\u00e0<\/h2><p>Niente in questa sezione limiter\u00e0 o escluder\u00e0 qualsiasi garanzia implicita per legge che sarebbe illegale limitare o escludere. Questo sito web e tutti i contenuti del sito web sono forniti su una base &quot;cos\u00ec com&#039;\u00e8&quot; e &quot;come disponibile&quot; e possono includere imprecisioni o errori tipografici. Decliniamo espressamente tutte le garanzie di qualsiasi tipo, sia espresse che implicite, per quanto riguarda la disponibilit\u00e0, l&#039;accuratezza o la completezza del Contenuto. Non garantiamo che:<\/p><p><ul>\n\t\t\t\t<li>questo sito web oi nostri prodotti o servizi soddisfano le sue esigenze;<\/li>\n\t\t\t\t<li>questo sito web sar\u00e0 disponibile in modo ininterrotto, tempestivo, sicuro o senza errori;<\/li>\n\t\t\t\t<li>la qualit\u00e0 di qualsiasi prodotto o servizio acquistato o ottenuto da voi attraverso questo sito web soddisfer\u00e0 le vostre aspettative.<\/li>\n\t\t\t<\/ul><\/p><p>Nulla di questo sito web costituisce o \u00e8 destinato a ricevere una consulenza legale, finanziaria o medica di qualsiasi tipo. Se avete bisogno di consigli dovreste consultare un professionista appropriato.<\/p><p>Le seguenti disposizioni di questa sezione si applicheranno nella misura massima consentita dalla legge applicabile e non limiteranno o escluderanno la nostra responsabilit\u00e0 in relazione a qualsiasi questione che sarebbe illegale o illegale per noi limitare o escludere la nostra responsabilit\u00e0. In nessun caso saremo responsabili per qualsiasi danno diretto o indiretto (compresi i danni per la perdita di profitti o entrate, perdita o corruzione di dati, software o database, o perdita o danno alla propriet\u00e0 o ai dati) sostenuti da voi o da qualsiasi terza parte, derivanti dal vostro accesso o uso del nostro sito web.<\/p><p>Tranne nella misura in cui contratto qualsiasi aggiuntivo dichiara espressamente il contrario, la nostra massima responsabilit\u00e0 nei vostri confronti per tutti i danni derivanti da o relativi al sito web oa qualsiasi prodotto e servizio commercializzato o venduto attraverso il sito web, indipendentemente dalla forma di azione legale che impone la responsabilit\u00e0 (sia nel contratto, equit\u00e0, negligenza, condotta intenzionale, torto o altro) sar\u00e0 limitata a $1. Tale limite si applicher\u00e0 nel complesso a tutti i vostri reclami, azioni e cause di azione di ogni tipo e natura.<\/p><h2>12. Privacy<\/h2><p>Per accedere al nostro sito web e\/o ai nostri servizi, ti pu\u00f2 essere richiesto di fornire alcune informazioni su di te come parte del processo di registrazione. L&#039;utente accetta che qualsiasi informazione fornita sia sempre accurata, corretta e aggiornata.<\/p><p>Prendiamo sul serio i vostri dati personali e ci impegniamo a proteggere la vostra privacy. Non useremo il suo indirizzo e-mail per posta non richiesta. Qualsiasi e-mail inviata da noi a voi sar\u00e0 solo in connessione con la fornitura di prodotti o servizi concordati.<\/p><p>Abbiamo sviluppato una politica per affrontare qualsiasi preoccupazione sulla privacy che potresti avere. Per ulteriori informazioni, si prega di consultare la nostra <a href=\"#?cmplz_region_redirect=true\">Informativa sulla Privacy<\/a> e la nostra <a href=\"#?cmplz_region_redirect=true\">Gestione dei Cookie<\/a>.<\/p><h2>13. Accessibilit\u00e0<\/h2><p>Ci impegniamo a rendere il contenuto che segnaliamo accessibile agli individui con disabilit\u00e0. Se hai una disabilit\u00e0 e non sei in grado di accedere a qualsiasi parte del nostro sito web a causa della tua disabilit\u00e0, ti chiediamo di darci una notifica includendo una descrizione dettagliata del problema che hai incontrato. Se il problema \u00e8 facilmente identificabile e risolvibile in conformit\u00e0 con gli strumenti e le tecniche informatiche standard del settore, lo risolviamo prontamente.<\/p><h2>14. Restrizioni all&#039;esportazione \/ Conformit\u00e0 legale<\/h2><p>L&#039;accesso al sito web da territori o paesi in cui il Contenuto o l&#039;acquisto di prodotti o Servizi venduti sul sito web \u00e8 illegale \u00e8 proibito. Non pu\u00f2 utilizzare questo sito web in violazione delle leggi e dei regolamenti sull&#039;esportazione di Stati Uniti.<\/p><h2>15. Marketing affiliato<\/h2><p>Attraverso questo sito web possiamo intraprendere un marketing affiliato in cui riceviamo una percentuale o una commissione sulla vendita di servizi o prodotti su o attraverso questo sito web. Possiamo anche accettare sponsorizzazioni o altre forme di compenso pubblicitario dalle aziende. Questa divulgazione ha lo scopo di rispettare i requisiti legali in materia di marketing e pubblicit\u00e0 che possono essere applicati, come le regole della Federal Trade Commission degli Stati Uniti.<\/p><h2>16. Assegnazione<\/h2><p>Non pu\u00f2 assegnare, trasferire o subappaltare nessuno dei Suoi diritti e\/o obblighi ai sensi di questi Termini e condizioni, in tutto o in parte, a terzi senza il nostro previo consenso scritto. Qualsiasi presunta assegnazione in violazione di questa Sezione sar\u00e0 nulla.<\/p><h2>17. Violazioni di questi termini e condizioni<\/h2><p>Senza pregiudicare gli altri nostri diritti ai sensi di questi Termini e Condizioni, se l&#039;utente viola questi Termini e Condizioni in qualsiasi modo, possiamo intraprendere le azioni che riteniamo appropriate per affrontare la minaccia, compresa la sospensione temporanea o permanente del suo accesso al sito web, contattando il suo provider di servizi Internet per richiedere che blocchi il suo accesso al sito web, e\/o avviare un&#039;azione legale contro l&#039;utente.<\/p><h2>18. Forza Maggiore<\/h2><p>Fatta eccezione per gli obblighi di pagamento di denaro, nessun ritardo, fallimento o omissione da parte di una delle parti da eseguire o osservare uno qualsiasi dei suoi obblighi ai sensi del presente documento sar\u00e0 considerato una violazione di questi Termini e condizioni se e per tutto il tempo in cui tale ritardo, fallimento o omissione deriva da qualsiasi causa al di fuori del ragionevole controllo di quella parte.<\/p><h2>19. Indennizzo<\/h2><p>Lei accetta di indennizzare, difendere e manlevare noi, da e contro qualsiasi reclamo, responsabilit\u00e0, danni, perdite e spese, relative alla sua violazione di questi termini e condizioni, e le leggi applicabili, compresi i diritti di propriet\u00e0 intellettuale e diritti di privacy. Ci rimborser\u00e0 prontamente per i nostri danni, perdite, costi e spese relativi ao derivanti da tali reclami.<\/p><h2>20. Rinuncia<\/h2><p>La mancata applicazione di una qualsiasi delle disposizioni stabilite in questi Termini e Condizioni e in qualsiasi Accordo, o il mancato esercizio di qualsiasi opzione di rescissione, non deve essere interpretata come una rinuncia a tali disposizioni e non pregiudica la validit\u00e0 di queste Termini e Condizioni o di qualsiasi Accordo o parte di esso, o il diritto successivo di applicare ogni singola disposizione.<\/p><h2>21. Lingua<\/h2><p>Questi Termini e Condizioni saranno interpretati e intesi esclusivamente in inglese. Tutti gli avvisi e la corrispondenza saranno scritti esclusivamente in quella lingua.<\/p><h2>22. Accordo integrale<\/h2><p>Questi Termini e condizioni, insieme alla nostra <a href=\"#?cmplz_region_redirect=true\">informativa sulla Privacy<\/a> e <a href=\"#?cmplz_region_redirect=true\">Gestione dei Cookie<\/a>, costituiscono l&#039;intero accordo tra voi e Brulen, Inc. in relazione al vostro uso di questo sito web.<\/p><h2>23. Aggiornamento di questi termini e condizioni<\/h2><p>Possiamo aggiornare questi Termini e Condizioni di volta in volta. La data indicata all&#039;inizio di questi Termini e Condizioni \u00e8 l&#039;ultima data di revisione. Vi daremo un avviso scritto di qualsiasi modifica o aggiornamento, ei Termini e Condizioni rivisti diventeranno effettivi dalla data in cui vi daremo tale avviso. L&#039;uso continuato di questo sito web in seguito alla pubblicazione di modifiche o aggiornamenti sar\u00e0 considerato come una notifica della vostra accettazione di rispettare e di essere vincolati da questi Termini e Condizioni. Per richiedere una versione precedente di questi termini e condizioni, contattateci.<\/p><h2>24. Scelta della legge e della giurisdizione<\/h2><p>Questi Termini e Condizioni sono regolati dalle leggi di Stati Uniti. Qualsiasi controversia relativa ai presenti Termini e Condizioni sar\u00e0 soggetta alla giurisdizione dei tribunali di Stati Uniti. Se una qualsiasi parte o disposizione di questi Termini e Condizioni \u00e8 ritenuta da un tribunale o da un&#039;altra autorit\u00e0 non valida e\/o inapplicabile ai sensi della legge applicabile, tale parte o disposizione sar\u00e0 modificata, eliminata e\/o applicata nella misura massima consentita in modo da dare effetto all&#039;intento di questi Termini e Condizioni. Le altre disposizioni non saranno interessate.<\/p><h2>25. Informazioni di contatto<\/h2><p>Questo sito web \u00e8 di propriet\u00e0 e gestito da Brulen, Inc..<\/p><p>Puoi contattarci in merito a questi Termini e Condizioni scrivendoci o inviandoci un'e-mail al seguente indirizzo: &#116;&#101;rm&#115;&#064;br&#117;&#108;e&#110;.c&#111;&#109;<br>7260 Ovest Azure Drive<br \/>\r\nNumero civico 140-1500<br \/>\r\nLas Vegas, NV 89130<\/p><h2>26. Scarica<\/h2><p>Puoi anche <a href=\"https:\/\/brulen.com\/it\/brunew\/wp-content\/plugins\/complianz-terms-conditions\/download.php\/\">scaricare<\/a> i nostri Termini e Condizioni in formato PDF.<\/p><\/div>","protected":false},"excerpt":{"rendered":"","protected":false},"author":1,"featured_media":0,"parent":0,"menu_order":0,"comment_status":"closed","ping_status":"closed","template":"","meta":{"footnotes":""},"class_list":["post-4802","page","type-page","status-publish","hentry"],"yoast_head":"<!-- This site is optimized with the Yoast SEO Premium plugin v27.2 (Yoast SEO v27.2) - https:\/\/yoast.com\/product\/yoast-seo-premium-wordpress\/ -->\n<title>Terms &amp; Conditions &#8902; \u2605 BRULEN\u00ae \u2605 Recording Artist<\/title>\n<meta name=\"description\" content=\"Singer, songwriter, musician &amp; recording artist brings you new classic rock music powerfully infused by the great John Lennon long ago \u2605\u2605\u2605\u2605\u2605\" \/>\n<meta name=\"robots\" content=\"index, follow, max-snippet:-1, max-image-preview:large, max-video-preview:-1\" \/>\n<link rel=\"canonical\" href=\"https:\/\/brulen.com\/it\/terms-conditions\/\" \/>\n<meta property=\"og:locale\" content=\"it_IT\" \/>\n<meta property=\"og:type\" content=\"article\" \/>\n<meta property=\"og:title\" content=\"Terms &amp; Conditions\" \/>\n<meta property=\"og:description\" content=\"Singer, songwriter, musician &amp; recording artist brings you new classic rock music powerfully infused by the great John Lennon long ago \u2605\u2605\u2605\u2605\u2605\" \/>\n<meta property=\"og:url\" content=\"https:\/\/brulen.com\/it\/terms-conditions\/\" \/>\n<meta property=\"og:site_name\" content=\"\u2605 BRULEN\u00ae \u2605 Recording Artist\" \/>\n<meta property=\"article:publisher\" content=\"https:\/\/www.facebook.com\/BrulenMusic\" \/>\n<meta property=\"article:modified_time\" content=\"2021-10-11T09:33:59+00:00\" \/>\n<meta property=\"og:image\" content=\"https:\/\/brulen.com\/brunew\/wp-content\/uploads\/2021\/09\/20191016_194308-818x1444-818x1444.jpg\" \/>\n\t<meta property=\"og:image:width\" content=\"818\" \/>\n\t<meta property=\"og:image:height\" content=\"1444\" \/>\n\t<meta property=\"og:image:type\" content=\"image\/jpeg\" \/>\n<meta name=\"twitter:card\" content=\"summary_large_image\" \/>\n<meta name=\"twitter:site\" content=\"@brulen\" \/>\n<script type=\"application\/ld+json\" class=\"yoast-schema-graph\">{\"@context\":\"https:\/\/schema.org\",\"@graph\":[{\"@type\":\"WebPage\",\"@id\":\"https:\/\/brulen.com\/terms-conditions\/\",\"url\":\"https:\/\/brulen.com\/terms-conditions\/\",\"name\":\"Terms & Conditions &#8902; \u2605 BRULEN\u00ae \u2605 Recording Artist\",\"isPartOf\":{\"@id\":\"https:\/\/brulen.com\/#website\"},\"datePublished\":\"2021-10-11T09:33:52+00:00\",\"dateModified\":\"2021-10-11T09:33:59+00:00\",\"description\":\"Singer, songwriter, musician &amp; recording artist brings you new classic rock music powerfully infused by the great John Lennon long ago \u2605\u2605\u2605\u2605\u2605\",\"breadcrumb\":{\"@id\":\"https:\/\/brulen.com\/terms-conditions\/#breadcrumb\"},\"inLanguage\":\"it-IT\",\"potentialAction\":[{\"@type\":\"ReadAction\",\"target\":[\"https:\/\/brulen.com\/terms-conditions\/\"]}]},{\"@type\":\"BreadcrumbList\",\"@id\":\"https:\/\/brulen.com\/terms-conditions\/#breadcrumb\",\"itemListElement\":[{\"@type\":\"ListItem\",\"position\":1,\"name\":\"Home\",\"item\":\"https:\/\/brulen.com\/\"},{\"@type\":\"ListItem\",\"position\":2,\"name\":\"Terms &#038; Conditions\"}]},{\"@type\":\"WebSite\",\"@id\":\"https:\/\/brulen.com\/#website\",\"url\":\"https:\/\/brulen.com\/\",\"name\":\"\u2605 BRULEN\u00ae \u2605 Recording Artist\",\"description\":\"Recording Artist\",\"publisher\":{\"@id\":\"https:\/\/brulen.com\/#organization\"},\"potentialAction\":[{\"@type\":\"SearchAction\",\"target\":{\"@type\":\"EntryPoint\",\"urlTemplate\":\"https:\/\/brulen.com\/?s={search_term_string}\"},\"query-input\":{\"@type\":\"PropertyValueSpecification\",\"valueRequired\":true,\"valueName\":\"search_term_string\"}}],\"inLanguage\":\"it-IT\"},{\"@type\":\"Organization\",\"@id\":\"https:\/\/brulen.com\/#organization\",\"name\":\"BRULEN\",\"url\":\"https:\/\/brulen.com\/\",\"logo\":{\"@type\":\"ImageObject\",\"inLanguage\":\"it-IT\",\"@id\":\"https:\/\/brulen.com\/#\/schema\/logo\/image\/\",\"url\":\"https:\/\/brulen.com\/brunew\/wp-content\/uploads\/2020\/11\/Brulen-Site-Logo-1.png\",\"contentUrl\":\"https:\/\/brulen.com\/brunew\/wp-content\/uploads\/2020\/11\/Brulen-Site-Logo-1.png\",\"width\":350,\"height\":169,\"caption\":\"BRULEN\"},\"image\":{\"@id\":\"https:\/\/brulen.com\/#\/schema\/logo\/image\/\"},\"sameAs\":[\"https:\/\/www.facebook.com\/BrulenMusic\",\"https:\/\/x.com\/brulen\"],\"publishingPrinciples\":\"https:\/\/brulen.com\/it\/privacy-statement-us\/\"}]}<\/script>\n<!-- \/ Yoast SEO Premium plugin. -->","yoast_head_json":{"title":"Termini e condizioni \u22c6 \u2605 BRULEN\u00ae \u2605 Artista di registrazione","description":"Cantante, compositore, musicista e artista discografico ti offre una nuova musica rock classica potentemente infusa dal grande John Lennon molto tempo fa \u2605\u2605\u2605\u2605\u2605","robots":{"index":"index","follow":"follow","max-snippet":"max-snippet:-1","max-image-preview":"max-image-preview:large","max-video-preview":"max-video-preview:-1"},"canonical":"https:\/\/brulen.com\/it\/terms-conditions\/","og_locale":"it_IT","og_type":"article","og_title":"Terms & Conditions","og_description":"Singer, songwriter, musician &amp; recording artist brings you new classic rock music powerfully infused by the great John Lennon long ago \u2605\u2605\u2605\u2605\u2605","og_url":"https:\/\/brulen.com\/it\/terms-conditions\/","og_site_name":"\u2605 BRULEN\u00ae \u2605 Recording Artist","article_publisher":"https:\/\/www.facebook.com\/BrulenMusic","article_modified_time":"2021-10-11T09:33:59+00:00","og_image":[{"width":818,"height":1444,"url":"https:\/\/brulen.com\/brunew\/wp-content\/uploads\/2021\/09\/20191016_194308-818x1444-818x1444.jpg","type":"image\/jpeg"}],"twitter_card":"summary_large_image","twitter_site":"@brulen","schema":{"@context":"https:\/\/schema.org","@graph":[{"@type":"WebPage","@id":"https:\/\/brulen.com\/terms-conditions\/","url":"https:\/\/brulen.com\/terms-conditions\/","name":"Termini e condizioni \u22c6 \u2605 BRULEN\u00ae \u2605 Artista di registrazione","isPartOf":{"@id":"https:\/\/brulen.com\/#website"},"datePublished":"2021-10-11T09:33:52+00:00","dateModified":"2021-10-11T09:33:59+00:00","description":"Cantante, compositore, musicista e artista discografico ti offre una nuova musica rock classica potentemente infusa dal grande John Lennon molto tempo fa \u2605\u2605\u2605\u2605\u2605","breadcrumb":{"@id":"https:\/\/brulen.com\/terms-conditions\/#breadcrumb"},"inLanguage":"it-IT","potentialAction":[{"@type":"ReadAction","target":["https:\/\/brulen.com\/terms-conditions\/"]}]},{"@type":"BreadcrumbList","@id":"https:\/\/brulen.com\/terms-conditions\/#breadcrumb","itemListElement":[{"@type":"ListItem","position":1,"name":"Home","item":"https:\/\/brulen.com\/"},{"@type":"ListItem","position":2,"name":"Terms &#038; Conditions"}]},{"@type":"WebSite","@id":"https:\/\/brulen.com\/#website","url":"https:\/\/brulen.com\/","name":"\u2605 BRULEN\u00ae \u2605 Artista di registrazione","description":"Artista di registrazione","publisher":{"@id":"https:\/\/brulen.com\/#organization"},"potentialAction":[{"@type":"SearchAction","target":{"@type":"EntryPoint","urlTemplate":"https:\/\/brulen.com\/?s={search_term_string}"},"query-input":{"@type":"PropertyValueSpecification","valueRequired":true,"valueName":"search_term_string"}}],"inLanguage":"it-IT"},{"@type":"Organization","@id":"https:\/\/brulen.com\/#organization","name":"BRULEN","url":"https:\/\/brulen.com\/","logo":{"@type":"ImageObject","inLanguage":"it-IT","@id":"https:\/\/brulen.com\/#\/schema\/logo\/image\/","url":"https:\/\/brulen.com\/brunew\/wp-content\/uploads\/2020\/11\/Brulen-Site-Logo-1.png","contentUrl":"https:\/\/brulen.com\/brunew\/wp-content\/uploads\/2020\/11\/Brulen-Site-Logo-1.png","width":350,"height":169,"caption":"BRULEN"},"image":{"@id":"https:\/\/brulen.com\/#\/schema\/logo\/image\/"},"sameAs":["https:\/\/www.facebook.com\/BrulenMusic","https:\/\/x.com\/brulen"],"publishingPrinciples":"https:\/\/brulen.com\/it\/privacy-statement-us\/"}]}},"jetpack_sharing_enabled":true,"_links":{"self":[{"href":"https:\/\/brulen.com\/it\/wp-json\/wp\/v2\/pages\/4802","targetHints":{"allow":["GET"]}}],"collection":[{"href":"https:\/\/brulen.com\/it\/wp-json\/wp\/v2\/pages"}],"about":[{"href":"https:\/\/brulen.com\/it\/wp-json\/wp\/v2\/types\/page"}],"author":[{"embeddable":true,"href":"https:\/\/brulen.com\/it\/wp-json\/wp\/v2\/users\/1"}],"replies":[{"embeddable":true,"href":"https:\/\/brulen.com\/it\/wp-json\/wp\/v2\/comments?post=4802"}],"version-history":[{"count":0,"href":"https:\/\/brulen.com\/it\/wp-json\/wp\/v2\/pages\/4802\/revisions"}],"wp:attachment":[{"href":"https:\/\/brulen.com\/it\/wp-json\/wp\/v2\/media?parent=4802"}],"curies":[{"name":"parola chiave","href":"https:\/\/api.w.org\/{rel}","templated":true}]}}