{"id":3611,"date":"2021-09-29T23:46:43","date_gmt":"2021-09-30T06:46:43","guid":{"rendered":"https:\/\/brulen.com\/product\/brulen-official-premium-face-mask\/"},"modified":"2021-10-25T18:18:34","modified_gmt":"2021-10-26T01:18:34","slug":"brulen-official-premium-face-mask","status":"publish","type":"product","link":"https:\/\/brulen.com\/fr\/produit\/brulen-official-premium-face-mask\/","title":{"rendered":"Masque facial premium officiel BRULEN\u00ae"},"content":{"rendered":"<p>Ce masque facial r\u00e9utilisable vous ira bien gr\u00e2ce \u00e0 son fil nasal r\u00e9glable et ses bandes \u00e9lastiques. Choisissez un design qui compl\u00e9tera votre style, car les masques faciaux deviennent la nouvelle tendance.<\/p>\n<p>\u2022 100% en microfibre de polyester ultradoux<br \/>\n\u2022 Poids du tissu\u00a0: 80-85\u00a0g\/m\u00b2 (80-85\u00a0g\/m\u00b2)<br \/>\n\u2022 Fil nasal qui aide \u00e0 ajuster le masque<br \/>\n\u2022 Bandes \u00e9lastiques avec r\u00e9gulateurs de taille de boucle d&#039;oreille en PVC<br \/>\n\u2022 Poche pour filtre ou serviette<br \/>\n\u2022 Lavable et r\u00e9utilisable<br \/>\n\u2022 Composants de produits vierges provenant du Royaume-Uni et de la Chine<\/p>","protected":false},"excerpt":{"rendered":"<p>This reusable face mask will fit you nicely thanks to its adjustable nose wire and elastic bands. Choose a design that will complement your style, as face masks are becoming the new trend. \u2022 100% supersoft polyester microfiber \u2022 Fabric [&hellip;]<\/p>\n","protected":false},"featured_media":3613,"template":"","meta":[],"product_brand":[],"product_cat":[59],"product_tag":[],"class_list":{"0":"post-3611","1":"product","2":"type-product","3":"status-publish","4":"has-post-thumbnail","6":"product_cat-clothing","8":"first","9":"instock","10":"taxable","11":"shipping-taxable","12":"purchasable","13":"product-type-simple"},"yoast_head":"<!-- This site is optimized with the Yoast SEO Premium plugin v27.3 (Yoast SEO v27.3) - https:\/\/yoast.com\/product\/yoast-seo-premium-wordpress\/ -->\n<title>BRULEN\u00ae Official Premium Face Mask &#8902; \u2605 BRULEN\u00ae \u2605 Recording Artist<\/title>\n<meta name=\"description\" content=\"Singer, songwriter, musician &amp; recording artist brings you goodies including clothing and collectibles with the BRULEN official logo \u2605\u2605\u2605\u2605\u2605\" \/>\n<meta name=\"robots\" content=\"index, follow, max-snippet:-1, max-image-preview:large, max-video-preview:-1\" \/>\n<link rel=\"canonical\" href=\"https:\/\/brulen.com\/fr\/produit\/brulen-official-premium-face-mask\/\" \/>\n<meta property=\"og:locale\" content=\"fr_FR\" \/>\n<meta property=\"og:type\" content=\"article\" \/>\n<meta property=\"og:title\" content=\"BRULEN\u00ae Official Premium Face Mask\" \/>\n<meta property=\"og:description\" content=\"Singer, songwriter, musician &amp; recording artist brings you new classic rock music powerfully infused by the great John Lennon long ago \u2605\u2605\u2605\u2605\u2605\" \/>\n<meta property=\"og:url\" content=\"https:\/\/brulen.com\/fr\/produit\/brulen-official-premium-face-mask\/\" \/>\n<meta property=\"og:site_name\" content=\"\u2605 BRULEN\u00ae \u2605 Recording Artist\" \/>\n<meta property=\"article:publisher\" content=\"https:\/\/www.facebook.com\/BrulenMusic\" \/>\n<meta property=\"article:modified_time\" content=\"2021-10-26T01:18:34+00:00\" \/>\n<meta property=\"og:image\" content=\"https:\/\/brulen.com\/brunew\/wp-content\/uploads\/2021\/09\/all-over-print-premium-face-mask-black-front-61555d4eaf533-1000x1000.jpg\" \/>\n\t<meta property=\"og:image:width\" content=\"1000\" \/>\n\t<meta property=\"og:image:height\" content=\"1000\" \/>\n\t<meta property=\"og:image:type\" content=\"image\/jpeg\" \/>\n<meta name=\"twitter:card\" content=\"summary_large_image\" \/>\n<meta name=\"twitter:site\" content=\"@brulen\" \/>\n<meta name=\"twitter:label1\" content=\"Prix\" \/>\n\t<meta name=\"twitter:data1\" content=\"&#036;18.99\" \/>\n\t<meta name=\"twitter:label2\" content=\"Disponibilit\u00e9\" \/>\n\t<meta name=\"twitter:data2\" content=\"En stock\" \/>\n<script type=\"application\/ld+json\" class=\"yoast-schema-graph\">{\"@context\":\"https:\\\/\\\/schema.org\",\"@graph\":[{\"@type\":\"WebPage\",\"@id\":\"https:\\\/\\\/brulen.com\\\/ru\\\/product\\\/brulen-official-premium-face-mask\\\/\",\"url\":\"https:\\\/\\\/brulen.com\\\/ru\\\/product\\\/brulen-official-premium-face-mask\\\/\",\"name\":\"BRULEN\u00ae Official Premium Face Mask &#8902; \u2605 BRULEN\u00ae \u2605 Recording Artist\",\"isPartOf\":{\"@id\":\"https:\\\/\\\/brulen.com\\\/#website\"},\"primaryImageOfPage\":{\"@id\":\"https:\\\/\\\/brulen.com\\\/ru\\\/product\\\/brulen-official-premium-face-mask\\\/#primaryimage\"},\"image\":{\"@id\":\"https:\\\/\\\/brulen.com\\\/ru\\\/product\\\/brulen-official-premium-face-mask\\\/#primaryimage\"},\"thumbnailUrl\":\"https:\\\/\\\/brulen.com\\\/brunew\\\/wp-content\\\/uploads\\\/2021\\\/09\\\/all-over-print-premium-face-mask-black-front-61555d4eaf533-1000x1000.jpg\",\"datePublished\":\"2021-09-30T06:46:43+00:00\",\"dateModified\":\"2021-10-26T01:18:34+00:00\",\"description\":\"Singer, songwriter, musician &amp; recording artist brings you goodies including clothing and collectibles with the BRULEN official logo \u2605\u2605\u2605\u2605\u2605\",\"breadcrumb\":{\"@id\":\"https:\\\/\\\/brulen.com\\\/ru\\\/product\\\/brulen-official-premium-face-mask\\\/#breadcrumb\"},\"inLanguage\":\"fr-FR\",\"potentialAction\":[{\"@type\":\"ReadAction\",\"target\":[\"https:\\\/\\\/brulen.com\\\/ru\\\/product\\\/brulen-official-premium-face-mask\\\/\"]}]},{\"@type\":\"ImageObject\",\"inLanguage\":\"fr-FR\",\"@id\":\"https:\\\/\\\/brulen.com\\\/ru\\\/product\\\/brulen-official-premium-face-mask\\\/#primaryimage\",\"url\":\"https:\\\/\\\/brulen.com\\\/brunew\\\/wp-content\\\/uploads\\\/2021\\\/09\\\/all-over-print-premium-face-mask-black-front-61555d4eaf533-1000x1000.jpg\",\"contentUrl\":\"https:\\\/\\\/brulen.com\\\/brunew\\\/wp-content\\\/uploads\\\/2021\\\/09\\\/all-over-print-premium-face-mask-black-front-61555d4eaf533-1000x1000.jpg\",\"width\":1000,\"height\":1000},{\"@type\":\"BreadcrumbList\",\"@id\":\"https:\\\/\\\/brulen.com\\\/ru\\\/product\\\/brulen-official-premium-face-mask\\\/#breadcrumb\",\"itemListElement\":[{\"@type\":\"ListItem\",\"position\":1,\"name\":\"Home\",\"item\":\"https:\\\/\\\/brulen.com\\\/\"},{\"@type\":\"ListItem\",\"position\":2,\"name\":\"Shop\",\"item\":\"https:\\\/\\\/brulen.com\\\/shop\\\/\"},{\"@type\":\"ListItem\",\"position\":3,\"name\":\"BRULEN\u00ae Official Premium Face Mask\"}]},{\"@type\":\"WebSite\",\"@id\":\"https:\\\/\\\/brulen.com\\\/#website\",\"url\":\"https:\\\/\\\/brulen.com\\\/\",\"name\":\"\u2605 BRULEN\u00ae \u2605 Recording Artist\",\"description\":\"Recording Artist\",\"publisher\":{\"@id\":\"https:\\\/\\\/brulen.com\\\/#organization\"},\"potentialAction\":[{\"@type\":\"SearchAction\",\"target\":{\"@type\":\"EntryPoint\",\"urlTemplate\":\"https:\\\/\\\/brulen.com\\\/?s={search_term_string}\"},\"query-input\":{\"@type\":\"PropertyValueSpecification\",\"valueRequired\":true,\"valueName\":\"search_term_string\"}}],\"inLanguage\":\"fr-FR\"},{\"@type\":\"Organization\",\"@id\":\"https:\\\/\\\/brulen.com\\\/#organization\",\"name\":\"BRULEN\",\"url\":\"https:\\\/\\\/brulen.com\\\/\",\"logo\":{\"@type\":\"ImageObject\",\"inLanguage\":\"fr-FR\",\"@id\":\"https:\\\/\\\/brulen.com\\\/#\\\/schema\\\/logo\\\/image\\\/\",\"url\":\"https:\\\/\\\/brulen.com\\\/brunew\\\/wp-content\\\/uploads\\\/2020\\\/11\\\/Brulen-Site-Logo-1.png\",\"contentUrl\":\"https:\\\/\\\/brulen.com\\\/brunew\\\/wp-content\\\/uploads\\\/2020\\\/11\\\/Brulen-Site-Logo-1.png\",\"width\":350,\"height\":169,\"caption\":\"BRULEN\"},\"image\":{\"@id\":\"https:\\\/\\\/brulen.com\\\/#\\\/schema\\\/logo\\\/image\\\/\"},\"sameAs\":[\"https:\\\/\\\/www.facebook.com\\\/BrulenMusic\",\"https:\\\/\\\/x.com\\\/brulen\"],\"publishingPrinciples\":\"https:\\\/\\\/brulen.com\\\/it\\\/privacy-statement-us\\\/\"}]}<\/script>\n<meta property=\"product:price:amount\" content=\"18.99\" \/>\n<meta property=\"product:price:currency\" content=\"USD\" \/>\n<meta property=\"og:availability\" content=\"instock\" \/>\n<meta property=\"product:availability\" content=\"instock\" \/>\n<meta property=\"product:retailer_item_id\" content=\"61555D517B713\" \/>\n<meta property=\"product:condition\" content=\"new\" \/>\n<!-- \/ Yoast SEO Premium plugin. -->","yoast_head_json":{"title":"Masque facial officiel de qualit\u00e9 sup\u00e9rieure BRULEN\u00ae \u22c6 \u2605 BRULEN\u00ae \u2605 Artiste d&#039;enregistrement","description":"Chanteur, auteur-compositeur, musicien et artiste d&#039;enregistrement vous apporte des cadeaux, y compris des v\u00eatements et des objets de collection avec le logo officiel BRULEN \u2605\u2605\u2605\u2605\u2605","robots":{"index":"index","follow":"follow","max-snippet":"max-snippet:-1","max-image-preview":"max-image-preview:large","max-video-preview":"max-video-preview:-1"},"canonical":"https:\/\/brulen.com\/fr\/produit\/brulen-official-premium-face-mask\/","og_locale":"fr_FR","og_type":"article","og_title":"BRULEN\u00ae Official Premium Face Mask","og_description":"Singer, songwriter, musician &amp; recording artist brings you new classic rock music powerfully infused by the great John Lennon long ago \u2605\u2605\u2605\u2605\u2605","og_url":"https:\/\/brulen.com\/fr\/produit\/brulen-official-premium-face-mask\/","og_site_name":"\u2605 BRULEN\u00ae \u2605 Recording Artist","article_publisher":"https:\/\/www.facebook.com\/BrulenMusic","article_modified_time":"2021-10-26T01:18:34+00:00","og_image":[{"width":1000,"height":1000,"url":"https:\/\/brulen.com\/brunew\/wp-content\/uploads\/2021\/09\/all-over-print-premium-face-mask-black-front-61555d4eaf533-1000x1000.jpg","type":"image\/jpeg"}],"twitter_card":"summary_large_image","twitter_site":"@brulen","twitter_misc":{"Prix":"&#36;18.99","Disponibilit\u00e9":"En stock"},"schema":{"@context":"https:\/\/schema.org","@graph":[{"@type":"WebPage","@id":"https:\/\/brulen.com\/ru\/product\/brulen-official-premium-face-mask\/","url":"https:\/\/brulen.com\/ru\/product\/brulen-official-premium-face-mask\/","name":"Masque facial officiel de qualit\u00e9 sup\u00e9rieure BRULEN\u00ae \u22c6 \u2605 BRULEN\u00ae \u2605 Artiste d&#039;enregistrement","isPartOf":{"@id":"https:\/\/brulen.com\/#website"},"primaryImageOfPage":{"@id":"https:\/\/brulen.com\/ru\/product\/brulen-official-premium-face-mask\/#primaryimage"},"image":{"@id":"https:\/\/brulen.com\/ru\/product\/brulen-official-premium-face-mask\/#primaryimage"},"thumbnailUrl":"https:\/\/brulen.com\/brunew\/wp-content\/uploads\/2021\/09\/all-over-print-premium-face-mask-black-front-61555d4eaf533-1000x1000.jpg","datePublished":"2021-09-30T06:46:43+00:00","dateModified":"2021-10-26T01:18:34+00:00","description":"Chanteur, auteur-compositeur, musicien et artiste d&#039;enregistrement vous apporte des cadeaux, y compris des v\u00eatements et des objets de collection avec le logo officiel BRULEN \u2605\u2605\u2605\u2605\u2605","breadcrumb":{"@id":"https:\/\/brulen.com\/ru\/product\/brulen-official-premium-face-mask\/#breadcrumb"},"inLanguage":"fr-FR","potentialAction":[{"@type":"ReadAction","target":["https:\/\/brulen.com\/ru\/product\/brulen-official-premium-face-mask\/"]}]},{"@type":"ImageObject","inLanguage":"fr-FR","@id":"https:\/\/brulen.com\/ru\/product\/brulen-official-premium-face-mask\/#primaryimage","url":"https:\/\/brulen.com\/brunew\/wp-content\/uploads\/2021\/09\/all-over-print-premium-face-mask-black-front-61555d4eaf533-1000x1000.jpg","contentUrl":"https:\/\/brulen.com\/brunew\/wp-content\/uploads\/2021\/09\/all-over-print-premium-face-mask-black-front-61555d4eaf533-1000x1000.jpg","width":1000,"height":1000},{"@type":"BreadcrumbList","@id":"https:\/\/brulen.com\/ru\/product\/brulen-official-premium-face-mask\/#breadcrumb","itemListElement":[{"@type":"ListItem","position":1,"name":"Home","item":"https:\/\/brulen.com\/"},{"@type":"ListItem","position":2,"name":"Shop","item":"https:\/\/brulen.com\/shop\/"},{"@type":"ListItem","position":3,"name":"BRULEN\u00ae Official Premium Face Mask"}]},{"@type":"WebSite","@id":"https:\/\/brulen.com\/#website","url":"https:\/\/brulen.com\/","name":"\u2605 BRULEN\u00ae \u2605 Artiste d&#039;enregistrement","description":"Artiste d&#039;enregistrement","publisher":{"@id":"https:\/\/brulen.com\/#organization"},"potentialAction":[{"@type":"SearchAction","target":{"@type":"EntryPoint","urlTemplate":"https:\/\/brulen.com\/?s={search_term_string}"},"query-input":{"@type":"PropertyValueSpecification","valueRequired":true,"valueName":"search_term_string"}}],"inLanguage":"fr-FR"},{"@type":"Organization","@id":"https:\/\/brulen.com\/#organization","name":"BRULEN","url":"https:\/\/brulen.com\/","logo":{"@type":"ImageObject","inLanguage":"fr-FR","@id":"https:\/\/brulen.com\/#\/schema\/logo\/image\/","url":"https:\/\/brulen.com\/brunew\/wp-content\/uploads\/2020\/11\/Brulen-Site-Logo-1.png","contentUrl":"https:\/\/brulen.com\/brunew\/wp-content\/uploads\/2020\/11\/Brulen-Site-Logo-1.png","width":350,"height":169,"caption":"BRULEN"},"image":{"@id":"https:\/\/brulen.com\/#\/schema\/logo\/image\/"},"sameAs":["https:\/\/www.facebook.com\/BrulenMusic","https:\/\/x.com\/brulen"],"publishingPrinciples":"https:\/\/brulen.com\/it\/privacy-statement-us\/"}]},"product_price_amount":"18.99","product_price_currency":"USD","og_availability":"instock","product_availability":"instock","product_retailer_item_id":"61555D517B713","product_condition":"new"},"jetpack_sharing_enabled":true,"_links":{"self":[{"href":"https:\/\/brulen.com\/fr\/wp-json\/wp\/v2\/product\/3611","targetHints":{"allow":["GET"]}}],"collection":[{"href":"https:\/\/brulen.com\/fr\/wp-json\/wp\/v2\/product"}],"about":[{"href":"https:\/\/brulen.com\/fr\/wp-json\/wp\/v2\/types\/product"}],"wp:featuredmedia":[{"embeddable":true,"href":"https:\/\/brulen.com\/fr\/wp-json\/wp\/v2\/media\/3613"}],"wp:attachment":[{"href":"https:\/\/brulen.com\/fr\/wp-json\/wp\/v2\/media?parent=3611"}],"wp:term":[{"taxonomy":"product_brand","embeddable":true,"href":"https:\/\/brulen.com\/fr\/wp-json\/wp\/v2\/product_brand?post=3611"},{"taxonomy":"product_cat","embeddable":true,"href":"https:\/\/brulen.com\/fr\/wp-json\/wp\/v2\/product_cat?post=3611"},{"taxonomy":"product_tag","embeddable":true,"href":"https:\/\/brulen.com\/fr\/wp-json\/wp\/v2\/product_tag?post=3611"}],"curies":[{"name":"wp","href":"https:\/\/api.w.org\/{rel}","templated":true}]}}