{"id":5080,"date":"2021-10-12T20:09:53","date_gmt":"2021-10-13T03:09:53","guid":{"rendered":"https:\/\/brulen.com\/privacy-statement-us\/"},"modified":"2021-10-15T22:54:24","modified_gmt":"2021-10-16T05:54:24","slug":"privacy-statement-us","status":"publish","type":"page","link":"https:\/\/brulen.com\/fr\/privacy-statement-us\/","title":{"rendered":"D\u00e9claration de confidentialit\u00e9 (\u00c9tats-Unis)"},"content":{"rendered":"<div data-elementor-type=\"wp-page\" data-elementor-id=\"5080\" class=\"elementor elementor-5080\" data-elementor-post-type=\"page\">\n\t\t\t\t\t\t<section data-particle_enable=\"false\" data-particle-mobile-disabled=\"false\" class=\"elementor-section elementor-top-section elementor-element elementor-element-def7ab7 headline transparent elementor-section-stretched elementor-section-boxed elementor-section-height-default elementor-section-height-default\" data-id=\"def7ab7\" data-element_type=\"section\" data-e-type=\"section\" data-settings=\"{&quot;stretch_section&quot;:&quot;section-stretched&quot;,&quot;background_background&quot;:&quot;video&quot;,&quot;shape_divider_bottom&quot;:&quot;tilt&quot;,&quot;background_video_link&quot;:&quot;https:\\\/\\\/brulen.com\\\/brunew\\\/wp-content\\\/videos\\\/Rock%20concert%20out%20of%20focus.mp4&quot;,&quot;background_play_on_mobile&quot;:&quot;yes&quot;}\">\n\t\t\t\t\t\t\t\t<div class=\"elementor-background-video-container\">\n\t\t\t\t\t\t\t\t\t\t\t\t\t<video class=\"elementor-background-video-hosted\" role=\"presentation\" autoplay muted playsinline loop><\/video>\n\t\t\t\t\t\t\t\t\t\t\t<\/div>\n\t\t\t\t\t\t\t\t\t<div class=\"elementor-background-overlay\"><\/div>\n\t\t\t\t\t\t<div class=\"elementor-shape elementor-shape-bottom\" aria-hidden=\"true\" data-negative=\"false\">\n\t\t\t<svg xmlns=\"http:\/\/www.w3.org\/2000\/svg\" viewbox=\"0 0 1000 100\" preserveaspectratio=\"none\">\n\t<path class=\"elementor-shape-fill\" d=\"M0,6V0h1000v100L0,6z\"\/>\n<\/svg>\t\t<\/div>\n\t\t\t\t\t<div class=\"elementor-container elementor-column-gap-default\">\n\t\t\t\t\t<div class=\"elementor-column elementor-col-100 elementor-top-column elementor-element elementor-element-08343e4\" data-id=\"08343e4\" data-element_type=\"column\" data-e-type=\"column\">\n\t\t\t<div class=\"elementor-widget-wrap elementor-element-populated\">\n\t\t\t\t\t\t<div class=\"elementor-element elementor-element-8ff812b animated-fast elementor-invisible elementor-widget elementor-widget-heading\" data-id=\"8ff812b\" data-element_type=\"widget\" data-e-type=\"widget\" data-settings=\"{&quot;_animation&quot;:&quot;fadeInUp&quot;}\" data-widget_type=\"heading.default\">\n\t\t\t\t<div class=\"elementor-widget-container\">\n\t\t\t\t\t<span class=\"elementor-heading-title elementor-size-default\">Etats-Unis<\/span>\t\t\t\t<\/div>\n\t\t\t\t<\/div>\n\t\t\t\t<div class=\"elementor-element elementor-element-3019956 animated-fast elementor-invisible elementor-widget elementor-widget-heading\" data-id=\"3019956\" data-element_type=\"widget\" data-e-type=\"widget\" data-settings=\"{&quot;_animation&quot;:&quot;fadeInUp&quot;,&quot;_animation_delay&quot;:200}\" data-widget_type=\"heading.default\">\n\t\t\t\t<div class=\"elementor-widget-container\">\n\t\t\t\t\t<h1 class=\"elementor-heading-title elementor-size-default\">D\u00c9CLARATION DE CONFIDENTIALIT\u00c9<\/h1>\t\t\t\t<\/div>\n\t\t\t\t<\/div>\n\t\t\t\t\t<\/div>\n\t\t<\/div>\n\t\t\t\t\t<\/div>\n\t\t<\/section>\n\t\t\t\t<section data-particle_enable=\"false\" data-particle-mobile-disabled=\"false\" class=\"elementor-section elementor-top-section elementor-element elementor-element-3d615195 elementor-section-boxed elementor-section-height-default elementor-section-height-default\" data-id=\"3d615195\" data-element_type=\"section\" data-e-type=\"section\">\n\t\t\t\t\t\t<div class=\"elementor-container elementor-column-gap-default\">\n\t\t\t\t\t<div class=\"elementor-column elementor-col-100 elementor-top-column elementor-element elementor-element-5985cd36\" data-id=\"5985cd36\" data-element_type=\"column\" data-e-type=\"column\">\n\t\t\t<div class=\"elementor-widget-wrap elementor-element-populated\">\n\t\t\t\t\t\t<div class=\"elementor-element elementor-element-49f9eee8 jltma-glass-effect-no elementor-invisible elementor-widget elementor-widget-shortcode\" data-id=\"49f9eee8\" data-element_type=\"widget\" data-e-type=\"widget\" data-settings=\"{&quot;_animation&quot;:&quot;fadeInRight&quot;}\" data-widget_type=\"shortcode.default\">\n\t\t\t\t<div class=\"elementor-widget-container\">\n\t\t\t\t\t\t\t<div class=\"elementor-shortcode\">\n<!-- Legal document generated by Complianz | GDPR\/CCPA Cookie Consent https:\/\/wordpress.org\/plugins\/complianz-gdpr -->\n<div id=\"cmplz-document\" class=\"cmplz-document privacy-statement cmplz-document-us\"><p><i>Cette d\u00e9claration de confidentialit\u00e9 a \u00e9t\u00e9 modifi\u00e9e pour la derni\u00e8re fois le 31 mars 2025, v\u00e9rifi\u00e9e pour la derni\u00e8re fois le 31 mars 2025 et s&#039;applique aux citoyens et aux r\u00e9sidents permanents l\u00e9gaux des \u00c9tats-Unis.<\/i><br \/><br \/><\/p><p>Dans cette d\u00e9claration de confidentialit\u00e9, nous expliquons ce que nous faisons avec les donn\u00e9es que nous obtenons \u00e0 votre sujet via <a href=\"https:\/\/brulen.com\/fr\">https:\/\/brulen.com\/fr<\/a>. Nous vous recommandons de lire attentivement cette d\u00e9claration. Dans notre traitement, nous respectons les exigences de la l\u00e9gislation sur la protection de la vie priv\u00e9e. Cela signifie, entre autres, que :<ul>\n                <li>nous indiquons clairement les finalit\u00e9s pour lesquelles nous traitons les donn\u00e9es personnelles. Nous le faisons au moyen de cette d\u00e9claration de confidentialit\u00e9 ;<\/li>\n                <li>nous visons \u00e0 limiter notre collecte de donn\u00e9es personnelles aux seules donn\u00e9es personnelles n\u00e9cessaires \u00e0 des fins l\u00e9gitimes ;<\/li>\n                <li>nous demandons d&#039;abord votre consentement explicite pour traiter vos donn\u00e9es personnelles dans les cas n\u00e9cessitant votre consentement\u00a0;<\/li>\n                <li>nous prenons des mesures de s\u00e9curit\u00e9 appropri\u00e9es pour prot\u00e9ger vos donn\u00e9es personnelles et exigeons \u00e9galement cela des parties qui traitent les donn\u00e9es personnelles en notre nom\u00a0;<\/li>\n                <li>nous respectons votre droit d&#039;acc\u00e9der \u00e0 vos donn\u00e9es personnelles ou de les faire rectifier ou supprimer, \u00e0 votre demande.<\/li>\n            <\/ul><\/p><p>Si vous avez des questions ou souhaitez savoir exactement quelles donn\u00e9es nous conservons \u00e0 votre sujet, veuillez nous contacter.<\/p><h2>1. Pratiques de divulgation<\/h2><p><p>Nous divulguons des informations personnelles si nous y sommes tenus par la loi ou par une ordonnance du tribunal, en r\u00e9ponse \u00e0 un organisme d&#039;application de la loi, dans la mesure permise par d&#039;autres dispositions de la loi, pour fournir des informations, ou pour une enqu\u00eate sur une question li\u00e9e \u00e0 la s\u00e9curit\u00e9 publique.<\/p><p>Si notre site web ou notre organisation est reprise, vendue ou impliqu\u00e9e dans une fusion ou une acquisition, vos donn\u00e9es peuvent \u00eatre divulgu\u00e9es \u00e0 nos conseillers et \u00e0 tout acheteur potentiel et seront transmises aux nouveaux propri\u00e9taires.<\/p><\/p><h2>2. Comment nous r\u00e9pondons aux signaux \u00ab\u00a0Ne pas suivre\u00a0\u00bb et au contr\u00f4le global de la confidentialit\u00e9 <\/h2><p>Notre site Web r\u00e9pond et prend en charge le champ de demande d&#039;en-t\u00eate Do Not Track (DNT). Si vous activez DNT dans votre navigateur, ces pr\u00e9f\u00e9rences nous sont communiqu\u00e9es dans l&#039;en-t\u00eate de la requ\u00eate HTTP et nous ne suivrons pas votre comportement de navigation.<\/p><h2>3. Cookies<\/h2><p>Notre site Web utilise des cookies. Pour plus d&#039;informations sur les cookies, veuillez vous r\u00e9f\u00e9rer \u00e0 notre politique en mati\u00e8re de cookies sur notre <a href=\"https:\/\/brulen.com\/fr\/cookie-policy-us\/\">Politique relative aux cookies (\u00c9tats-Unis)<\/a> page web.&nbsp;<\/p><p>Nous avons conclu un accord de traitement de donn\u00e9es avec Google.<\/p><h2>4. S\u00e9curit\u00e9<\/h2><p>Nous nous engageons sur la s\u00e9curit\u00e9 des donn\u00e9es personnelles. Nous prenons des mesures de s\u00e9curit\u00e9 appropri\u00e9es pour limiter les abus et l&#039;acc\u00e8s non autoris\u00e9 aux donn\u00e9es personnelles. Cela garantit que seules les personnes n\u00e9cessaires ont acc\u00e8s \u00e0 vos donn\u00e9es, que l&#039;acc\u00e8s aux donn\u00e9es est prot\u00e9g\u00e9 et que nos mesures de s\u00e9curit\u00e9 sont r\u00e9guli\u00e8rement revues.<\/p><h2>5. Sites Web tiers<\/h2><p>Cette d\u00e9claration de confidentialit\u00e9 ne s&#039;applique pas aux sites Web de tiers connect\u00e9s par des liens sur notre site Web. Nous ne pouvons garantir que ces tiers traitent vos donn\u00e9es personnelles de mani\u00e8re fiable ou s\u00e9curis\u00e9e. Nous vous recommandons de lire les d\u00e9clarations de confidentialit\u00e9 de ces sites Web avant d&#039;utiliser ces sites Web.<\/p><h2>6. Modifications de la pr\u00e9sente d\u00e9claration de confidentialit\u00e9<\/h2><p>Nous nous r\u00e9servons le droit d&#039;apporter des modifications \u00e0 cette d\u00e9claration de confidentialit\u00e9. Il est recommand\u00e9 de consulter r\u00e9guli\u00e8rement cette d\u00e9claration de confidentialit\u00e9 afin d&#039;\u00eatre au courant de tout changement. De plus, nous vous informerons activement dans la mesure du possible.<\/p><h2>7. Acc\u00e9der et modifier vos donn\u00e9es<\/h2><p>Si vous avez des questions ou souhaitez conna\u00eetre les donn\u00e9es personnelles que nous avons \u00e0 votre sujet, veuillez nous contacter. Veuillez vous assurer de toujours indiquer clairement qui vous \u00eates, afin que nous puissions \u00eatre certains que nous ne modifions ni ne supprimons les donn\u00e9es de la mauvaise personne. Nous ne fournirons les informations demand\u00e9es qu&#039;\u00e0 la r\u00e9ception d&#039;une demande v\u00e9rifiable du consommateur. Vous pouvez nous contacter en utilisant les informations ci-dessous. Vous disposez des droits suivants :<\/p><p class=\"cmplz-subtitle\">7.1 Vous disposez des droits suivants concernant vos donn\u00e9es personnelles<\/p><ol class=\"alphabetic\">\n                        <li>Vous pouvez soumettre une demande d&#039;acc\u00e8s aux donn\u00e9es que nous traitons \u00e0 votre sujet.<\/li>\n                        <li>Vous pouvez vous opposer au traitement.<\/li>\n                        <li>Vous pouvez demander un aper\u00e7u, dans un format couramment utilis\u00e9, des donn\u00e9es que nous traitons \u00e0 votre sujet.<\/li>\n                        <li>Vous pouvez demander la rectification ou la suppression des donn\u00e9es si elles sont incorrectes ou non ou plus pertinentes, ou demander la limitation du traitement des donn\u00e9es.<\/li>\n                        <li>Vous pouvez faire appel de notre d\u00e9cision chaque fois que nous refusons de donner suite \u00e0 une demande et d\u00e9poser une plainte aupr\u00e8s de l\u2019autorit\u00e9 comp\u00e9tente si votre appel est rejet\u00e9.<\/li>\n                      <\/ol><h2>8. Enfants<\/h2><p>Notre site Web n&#039;est pas con\u00e7u pour attirer les enfants et notre intention n&#039;est pas de collecter des donn\u00e9es personnelles aupr\u00e8s d&#039;enfants n&#039;ayant pas atteint l&#039;\u00e2ge de consentement dans leur pays de r\u00e9sidence. Nous demandons donc que les enfants n&#039;ayant pas atteint l&#039;\u00e2ge de consentement ne nous soumettent aucune donn\u00e9e personnelle.<\/p><h2>9. Coordonn\u00e9es<\/h2><p>Brulen, Inc.<br \/>\n        7260 West Azure Drive<br \/>\nSte 140-1500<br \/>\nLas Vegas, Nevada 89130<br \/>\n        \u00c9tats-Unis<br \/>\n        Site Internet: <a href=\"https:\/\/brulen.com\/fr\">https:\/\/brulen.com\/fr<\/a> <br \/>\n        E-mail: <span class=\"cmplz-obfuscate\">confidentialit\u00e9@<span class=\"cmplz-fmail-domain\">ex.com<\/span>b&#114;ul&#101;&#110;.&#099;om<\/span> <br \/>\n        <br \/>\n        Num\u00e9ro de t\u00e9l\u00e9phone : (702) 857-7900<\/p><\/div><\/div>\n\t\t\t\t\t\t<\/div>\n\t\t\t\t<\/div>\n\t\t\t\t\t<\/div>\n\t\t<\/div>\n\t\t\t\t\t<\/div>\n\t\t<\/section>\n\t\t\t\t<\/div>","protected":false},"excerpt":{"rendered":"<p>D\u00c9CLARATION DE CONFIDENTIALIT\u00c9 DES \u00c9TATS-UNIS<\/p>","protected":false},"author":1,"featured_media":0,"parent":0,"menu_order":0,"comment_status":"closed","ping_status":"closed","template":"","meta":{"footnotes":""},"class_list":["post-5080","page","type-page","status-publish","hentry"],"yoast_head":"<!-- This site is optimized with the Yoast SEO Premium plugin v27.3 (Yoast SEO v27.3) - https:\/\/yoast.com\/product\/yoast-seo-premium-wordpress\/ -->\n<title>Privacy Statement (US) &#8902; \u2605 BRULEN\u00ae \u2605 Recording Artist<\/title>\n<meta name=\"description\" content=\"Singer, songwriter, musician &amp; recording artist brings you new classic rock music powerfully infused by the great John Lennon long ago \u2605\u2605\u2605\u2605\u2605\" \/>\n<meta name=\"robots\" content=\"index, follow, max-snippet:-1, max-image-preview:large, max-video-preview:-1\" \/>\n<link rel=\"canonical\" href=\"https:\/\/brulen.com\/fr\/privacy-statement-us\/\" \/>\n<meta property=\"og:locale\" content=\"fr_FR\" \/>\n<meta property=\"og:type\" content=\"article\" \/>\n<meta property=\"og:title\" content=\"Privacy Statement (US)\" \/>\n<meta property=\"og:description\" content=\"Singer, songwriter, musician &amp; recording artist brings you new classic rock music powerfully infused by the great John Lennon long ago \u2605\u2605\u2605\u2605\u2605\" \/>\n<meta property=\"og:url\" content=\"https:\/\/brulen.com\/fr\/privacy-statement-us\/\" \/>\n<meta property=\"og:site_name\" content=\"\u2605 BRULEN\u00ae \u2605 Recording Artist\" \/>\n<meta property=\"article:publisher\" content=\"https:\/\/www.facebook.com\/BrulenMusic\" \/>\n<meta property=\"article:modified_time\" content=\"2021-10-16T05:54:24+00:00\" \/>\n<meta property=\"og:image\" content=\"https:\/\/brulen.com\/brunew\/wp-content\/uploads\/2021\/09\/20191016_194308-818x1444-818x1444.jpg\" \/>\n\t<meta property=\"og:image:width\" content=\"818\" \/>\n\t<meta property=\"og:image:height\" content=\"1444\" \/>\n\t<meta property=\"og:image:type\" content=\"image\/jpeg\" \/>\n<meta name=\"twitter:card\" content=\"summary_large_image\" \/>\n<meta name=\"twitter:site\" content=\"@brulen\" \/>\n<script type=\"application\/ld+json\" class=\"yoast-schema-graph\">{\"@context\":\"https:\\\/\\\/schema.org\",\"@graph\":[{\"@type\":\"WebPage\",\"@id\":\"https:\\\/\\\/brulen.com\\\/it\\\/privacy-statement-us\\\/\",\"url\":\"https:\\\/\\\/brulen.com\\\/it\\\/privacy-statement-us\\\/\",\"name\":\"Privacy Statement (US) &#8902; \u2605 BRULEN\u00ae \u2605 Recording Artist\",\"isPartOf\":{\"@id\":\"https:\\\/\\\/brulen.com\\\/#website\"},\"datePublished\":\"2021-10-13T03:09:53+00:00\",\"dateModified\":\"2021-10-16T05:54:24+00:00\",\"description\":\"Singer, songwriter, musician &amp; recording artist brings you new classic rock music powerfully infused by the great John Lennon long ago \u2605\u2605\u2605\u2605\u2605\",\"breadcrumb\":{\"@id\":\"https:\\\/\\\/brulen.com\\\/it\\\/privacy-statement-us\\\/#breadcrumb\"},\"inLanguage\":\"fr-FR\",\"potentialAction\":[{\"@type\":\"ReadAction\",\"target\":[\"https:\\\/\\\/brulen.com\\\/it\\\/privacy-statement-us\\\/\"]}]},{\"@type\":\"BreadcrumbList\",\"@id\":\"https:\\\/\\\/brulen.com\\\/it\\\/privacy-statement-us\\\/#breadcrumb\",\"itemListElement\":[{\"@type\":\"ListItem\",\"position\":1,\"name\":\"Home\",\"item\":\"https:\\\/\\\/brulen.com\\\/\"},{\"@type\":\"ListItem\",\"position\":2,\"name\":\"Privacy Statement (US)\"}]},{\"@type\":\"WebSite\",\"@id\":\"https:\\\/\\\/brulen.com\\\/#website\",\"url\":\"https:\\\/\\\/brulen.com\\\/\",\"name\":\"\u2605 BRULEN\u00ae \u2605 Recording Artist\",\"description\":\"Recording Artist\",\"publisher\":{\"@id\":\"https:\\\/\\\/brulen.com\\\/#organization\"},\"potentialAction\":[{\"@type\":\"SearchAction\",\"target\":{\"@type\":\"EntryPoint\",\"urlTemplate\":\"https:\\\/\\\/brulen.com\\\/?s={search_term_string}\"},\"query-input\":{\"@type\":\"PropertyValueSpecification\",\"valueRequired\":true,\"valueName\":\"search_term_string\"}}],\"inLanguage\":\"fr-FR\"},{\"@type\":\"Organization\",\"@id\":\"https:\\\/\\\/brulen.com\\\/#organization\",\"name\":\"BRULEN\",\"url\":\"https:\\\/\\\/brulen.com\\\/\",\"logo\":{\"@type\":\"ImageObject\",\"inLanguage\":\"fr-FR\",\"@id\":\"https:\\\/\\\/brulen.com\\\/#\\\/schema\\\/logo\\\/image\\\/\",\"url\":\"https:\\\/\\\/brulen.com\\\/brunew\\\/wp-content\\\/uploads\\\/2020\\\/11\\\/Brulen-Site-Logo-1.png\",\"contentUrl\":\"https:\\\/\\\/brulen.com\\\/brunew\\\/wp-content\\\/uploads\\\/2020\\\/11\\\/Brulen-Site-Logo-1.png\",\"width\":350,\"height\":169,\"caption\":\"BRULEN\"},\"image\":{\"@id\":\"https:\\\/\\\/brulen.com\\\/#\\\/schema\\\/logo\\\/image\\\/\"},\"sameAs\":[\"https:\\\/\\\/www.facebook.com\\\/BrulenMusic\",\"https:\\\/\\\/x.com\\\/brulen\"],\"publishingPrinciples\":\"https:\\\/\\\/brulen.com\\\/it\\\/privacy-statement-us\\\/\"}]}<\/script>\n<!-- \/ Yoast SEO Premium plugin. -->","yoast_head_json":{"title":"D\u00e9claration de confidentialit\u00e9 (\u00c9tats-Unis) \u22c6 \u2605 BRULEN\u00ae \u2605 Artiste d&#039;enregistrement","description":"Chanteur, auteur-compositeur, musicien et artiste d&#039;enregistrement vous apporte une nouvelle musique rock classique puissamment infus\u00e9e par le grand John Lennon il y a longtemps \u2605\u2605\u2605\u2605\u2605","robots":{"index":"index","follow":"follow","max-snippet":"max-snippet:-1","max-image-preview":"max-image-preview:large","max-video-preview":"max-video-preview:-1"},"canonical":"https:\/\/brulen.com\/fr\/privacy-statement-us\/","og_locale":"fr_FR","og_type":"article","og_title":"Privacy Statement (US)","og_description":"Singer, songwriter, musician &amp; recording artist brings you new classic rock music powerfully infused by the great John Lennon long ago \u2605\u2605\u2605\u2605\u2605","og_url":"https:\/\/brulen.com\/fr\/privacy-statement-us\/","og_site_name":"\u2605 BRULEN\u00ae \u2605 Recording Artist","article_publisher":"https:\/\/www.facebook.com\/BrulenMusic","article_modified_time":"2021-10-16T05:54:24+00:00","og_image":[{"width":818,"height":1444,"url":"https:\/\/brulen.com\/brunew\/wp-content\/uploads\/2021\/09\/20191016_194308-818x1444-818x1444.jpg","type":"image\/jpeg"}],"twitter_card":"summary_large_image","twitter_site":"@brulen","schema":{"@context":"https:\/\/schema.org","@graph":[{"@type":"WebPage","@id":"https:\/\/brulen.com\/it\/privacy-statement-us\/","url":"https:\/\/brulen.com\/it\/privacy-statement-us\/","name":"D\u00e9claration de confidentialit\u00e9 (\u00c9tats-Unis) \u22c6 \u2605 BRULEN\u00ae \u2605 Artiste d&#039;enregistrement","isPartOf":{"@id":"https:\/\/brulen.com\/#website"},"datePublished":"2021-10-13T03:09:53+00:00","dateModified":"2021-10-16T05:54:24+00:00","description":"Chanteur, auteur-compositeur, musicien et artiste d&#039;enregistrement vous apporte une nouvelle musique rock classique puissamment infus\u00e9e par le grand John Lennon il y a longtemps \u2605\u2605\u2605\u2605\u2605","breadcrumb":{"@id":"https:\/\/brulen.com\/it\/privacy-statement-us\/#breadcrumb"},"inLanguage":"fr-FR","potentialAction":[{"@type":"ReadAction","target":["https:\/\/brulen.com\/it\/privacy-statement-us\/"]}]},{"@type":"BreadcrumbList","@id":"https:\/\/brulen.com\/it\/privacy-statement-us\/#breadcrumb","itemListElement":[{"@type":"ListItem","position":1,"name":"Home","item":"https:\/\/brulen.com\/"},{"@type":"ListItem","position":2,"name":"Privacy Statement (US)"}]},{"@type":"WebSite","@id":"https:\/\/brulen.com\/#website","url":"https:\/\/brulen.com\/","name":"\u2605 BRULEN\u00ae \u2605 Artiste d&#039;enregistrement","description":"Artiste d&#039;enregistrement","publisher":{"@id":"https:\/\/brulen.com\/#organization"},"potentialAction":[{"@type":"SearchAction","target":{"@type":"EntryPoint","urlTemplate":"https:\/\/brulen.com\/?s={search_term_string}"},"query-input":{"@type":"PropertyValueSpecification","valueRequired":true,"valueName":"search_term_string"}}],"inLanguage":"fr-FR"},{"@type":"Organization","@id":"https:\/\/brulen.com\/#organization","name":"BRULEN","url":"https:\/\/brulen.com\/","logo":{"@type":"ImageObject","inLanguage":"fr-FR","@id":"https:\/\/brulen.com\/#\/schema\/logo\/image\/","url":"https:\/\/brulen.com\/brunew\/wp-content\/uploads\/2020\/11\/Brulen-Site-Logo-1.png","contentUrl":"https:\/\/brulen.com\/brunew\/wp-content\/uploads\/2020\/11\/Brulen-Site-Logo-1.png","width":350,"height":169,"caption":"BRULEN"},"image":{"@id":"https:\/\/brulen.com\/#\/schema\/logo\/image\/"},"sameAs":["https:\/\/www.facebook.com\/BrulenMusic","https:\/\/x.com\/brulen"],"publishingPrinciples":"https:\/\/brulen.com\/it\/privacy-statement-us\/"}]}},"jetpack_sharing_enabled":true,"_links":{"self":[{"href":"https:\/\/brulen.com\/fr\/wp-json\/wp\/v2\/pages\/5080","targetHints":{"allow":["GET"]}}],"collection":[{"href":"https:\/\/brulen.com\/fr\/wp-json\/wp\/v2\/pages"}],"about":[{"href":"https:\/\/brulen.com\/fr\/wp-json\/wp\/v2\/types\/page"}],"author":[{"embeddable":true,"href":"https:\/\/brulen.com\/fr\/wp-json\/wp\/v2\/users\/1"}],"replies":[{"embeddable":true,"href":"https:\/\/brulen.com\/fr\/wp-json\/wp\/v2\/comments?post=5080"}],"version-history":[{"count":0,"href":"https:\/\/brulen.com\/fr\/wp-json\/wp\/v2\/pages\/5080\/revisions"}],"wp:attachment":[{"href":"https:\/\/brulen.com\/fr\/wp-json\/wp\/v2\/media?parent=5080"}],"curies":[{"name":"wp","href":"https:\/\/api.w.org\/{rel}","templated":true}]}}