{"id":8632,"date":"2023-08-20T16:36:02","date_gmt":"2023-08-20T23:36:02","guid":{"rendered":"https:\/\/brulen.com\/?page_id=8632"},"modified":"2024-01-23T16:25:21","modified_gmt":"2024-01-24T00:25:21","slug":"songs","status":"publish","type":"page","link":"https:\/\/brulen.com\/es\/songs\/","title":{"rendered":"Pistas"},"content":{"rendered":"","protected":true},"excerpt":{"rendered":"","protected":true},"author":1,"featured_media":0,"parent":0,"menu_order":0,"comment_status":"closed","ping_status":"closed","template":"","meta":{"footnotes":""},"class_list":["post-8632","page","type-page","status-publish","post-password-required","hentry"],"yoast_head":"<!-- This site is optimized with the Yoast SEO Premium plugin v27.3 (Yoast SEO v27.3) - https:\/\/yoast.com\/product\/yoast-seo-premium-wordpress\/ -->\n<title>Music of BRULEN \u2605 Recording Artist \u2605<\/title>\n<meta name=\"description\" content=\"Singer, songwriter, musician &amp; recording artist brings you new classic rock music powerfully infused by the great John Lennon long ago \u2605\u2605\u2605\u2605\u2605\" \/>\n<meta name=\"robots\" content=\"index, follow, max-snippet:-1, max-image-preview:large, max-video-preview:-1\" \/>\n<link rel=\"canonical\" href=\"https:\/\/brulen.com\/es\/songs\/\" \/>\n<meta property=\"og:locale\" content=\"es_ES\" \/>\n<meta property=\"og:type\" content=\"article\" \/>\n<meta property=\"og:title\" content=\"BRULEN Songs\" \/>\n<meta property=\"og:description\" content=\"Singer, songwriter, musician &amp; recording artist brings you new classic rock music powerfully infused by the great John Lennon long ago \u2605\u2605\u2605\u2605\u2605\" \/>\n<meta property=\"og:url\" content=\"https:\/\/brulen.com\/es\/songs\/\" \/>\n<meta property=\"og:site_name\" content=\"\u2605 BRULEN\u00ae \u2605 Recording Artist\" \/>\n<meta property=\"article:publisher\" content=\"https:\/\/www.facebook.com\/BrulenMusic\" \/>\n<meta property=\"article:modified_time\" content=\"2024-01-24T00:25:21+00:00\" \/>\n<meta name=\"twitter:card\" content=\"summary_large_image\" \/>\n<meta name=\"twitter:site\" content=\"@brulen\" \/>\n<meta name=\"twitter:label1\" content=\"Tiempo de lectura\" \/>\n\t<meta name=\"twitter:data1\" content=\"1 minuto\" \/>\n<script type=\"application\/ld+json\" class=\"yoast-schema-graph\">{\"@context\":\"https:\\\/\\\/schema.org\",\"@graph\":[{\"@type\":\"WebPage\",\"@id\":\"https:\\\/\\\/brulen.com\\\/songs\\\/\",\"url\":\"https:\\\/\\\/brulen.com\\\/songs\\\/\",\"name\":\"Music of BRULEN \u2605 Recording Artist \u2605\",\"isPartOf\":{\"@id\":\"https:\\\/\\\/brulen.com\\\/#website\"},\"datePublished\":\"2023-08-20T23:36:02+00:00\",\"dateModified\":\"2024-01-24T00:25:21+00:00\",\"breadcrumb\":{\"@id\":\"https:\\\/\\\/brulen.com\\\/songs\\\/#breadcrumb\"},\"inLanguage\":\"es\"},{\"@type\":\"WebSite\",\"@id\":\"https:\\\/\\\/brulen.com\\\/#website\",\"url\":\"https:\\\/\\\/brulen.com\\\/\",\"name\":\"\u2605 BRULEN\u00ae \u2605 Recording Artist\",\"description\":\"Recording Artist\",\"publisher\":{\"@id\":\"https:\\\/\\\/brulen.com\\\/#organization\"},\"potentialAction\":[{\"@type\":\"SearchAction\",\"target\":{\"@type\":\"EntryPoint\",\"urlTemplate\":\"https:\\\/\\\/brulen.com\\\/?s={search_term_string}\"},\"query-input\":{\"@type\":\"PropertyValueSpecification\",\"valueRequired\":true,\"valueName\":\"search_term_string\"}}],\"inLanguage\":\"es\"},{\"@type\":\"Organization\",\"@id\":\"https:\\\/\\\/brulen.com\\\/#organization\",\"name\":\"BRULEN\",\"url\":\"https:\\\/\\\/brulen.com\\\/\",\"logo\":{\"@type\":\"ImageObject\",\"inLanguage\":\"es\",\"@id\":\"https:\\\/\\\/brulen.com\\\/#\\\/schema\\\/logo\\\/image\\\/\",\"url\":\"https:\\\/\\\/brulen.com\\\/brunew\\\/wp-content\\\/uploads\\\/2020\\\/11\\\/Brulen-Site-Logo-1.png\",\"contentUrl\":\"https:\\\/\\\/brulen.com\\\/brunew\\\/wp-content\\\/uploads\\\/2020\\\/11\\\/Brulen-Site-Logo-1.png\",\"width\":350,\"height\":169,\"caption\":\"BRULEN\"},\"image\":{\"@id\":\"https:\\\/\\\/brulen.com\\\/#\\\/schema\\\/logo\\\/image\\\/\"},\"sameAs\":[\"https:\\\/\\\/www.facebook.com\\\/BrulenMusic\",\"https:\\\/\\\/x.com\\\/brulen\"],\"publishingPrinciples\":\"https:\\\/\\\/brulen.com\\\/it\\\/privacy-statement-us\\\/\"}]}<\/script>\n<!-- \/ Yoast SEO Premium plugin. -->","yoast_head_json":{"title":"M\u00fasica de BRULEN \u2605 Artista de grabaci\u00f3n \u2605","description":"Cantante, compositor, m\u00fasico y artista de grabaci\u00f3n te ofrece nueva m\u00fasica rock cl\u00e1sica infundida poderosamente por el gran John Lennon hace mucho tiempo \u2605\u2605\u2605\u2605\u2605","robots":{"index":"index","follow":"follow","max-snippet":"max-snippet:-1","max-image-preview":"max-image-preview:large","max-video-preview":"max-video-preview:-1"},"canonical":"https:\/\/brulen.com\/es\/songs\/","og_locale":"es_ES","og_type":"article","og_title":"BRULEN Songs","og_description":"Singer, songwriter, musician &amp; recording artist brings you new classic rock music powerfully infused by the great John Lennon long ago \u2605\u2605\u2605\u2605\u2605","og_url":"https:\/\/brulen.com\/es\/songs\/","og_site_name":"\u2605 BRULEN\u00ae \u2605 Recording Artist","article_publisher":"https:\/\/www.facebook.com\/BrulenMusic","article_modified_time":"2024-01-24T00:25:21+00:00","twitter_card":"summary_large_image","twitter_site":"@brulen","twitter_misc":{"Tiempo de lectura":"1 minuto"},"schema":{"@context":"https:\/\/schema.org","@graph":[{"@type":"WebPage","@id":"https:\/\/brulen.com\/songs\/","url":"https:\/\/brulen.com\/songs\/","name":"M\u00fasica de BRULEN \u2605 Artista de grabaci\u00f3n \u2605","isPartOf":{"@id":"https:\/\/brulen.com\/#website"},"datePublished":"2023-08-20T23:36:02+00:00","dateModified":"2024-01-24T00:25:21+00:00","breadcrumb":{"@id":"https:\/\/brulen.com\/songs\/#breadcrumb"},"inLanguage":"es"},{"@type":"WebSite","@id":"https:\/\/brulen.com\/#website","url":"https:\/\/brulen.com\/","name":"\u2605 BRULEN\u00ae \u2605 Artista de grabaci\u00f3n","description":"Artista de grabaci\u00f3n","publisher":{"@id":"https:\/\/brulen.com\/#organization"},"potentialAction":[{"@type":"SearchAction","target":{"@type":"EntryPoint","urlTemplate":"https:\/\/brulen.com\/?s={search_term_string}"},"query-input":{"@type":"PropertyValueSpecification","valueRequired":true,"valueName":"search_term_string"}}],"inLanguage":"es"},{"@type":"Organization","@id":"https:\/\/brulen.com\/#organization","name":"BRULEN","url":"https:\/\/brulen.com\/","logo":{"@type":"ImageObject","inLanguage":"es","@id":"https:\/\/brulen.com\/#\/schema\/logo\/image\/","url":"https:\/\/brulen.com\/brunew\/wp-content\/uploads\/2020\/11\/Brulen-Site-Logo-1.png","contentUrl":"https:\/\/brulen.com\/brunew\/wp-content\/uploads\/2020\/11\/Brulen-Site-Logo-1.png","width":350,"height":169,"caption":"BRULEN"},"image":{"@id":"https:\/\/brulen.com\/#\/schema\/logo\/image\/"},"sameAs":["https:\/\/www.facebook.com\/BrulenMusic","https:\/\/x.com\/brulen"],"publishingPrinciples":"https:\/\/brulen.com\/it\/privacy-statement-us\/"}]}},"jetpack_sharing_enabled":true,"_links":{"self":[{"href":"https:\/\/brulen.com\/es\/wp-json\/wp\/v2\/pages\/8632","targetHints":{"allow":["GET"]}}],"collection":[{"href":"https:\/\/brulen.com\/es\/wp-json\/wp\/v2\/pages"}],"about":[{"href":"https:\/\/brulen.com\/es\/wp-json\/wp\/v2\/types\/page"}],"author":[{"embeddable":true,"href":"https:\/\/brulen.com\/es\/wp-json\/wp\/v2\/users\/1"}],"replies":[{"embeddable":true,"href":"https:\/\/brulen.com\/es\/wp-json\/wp\/v2\/comments?post=8632"}],"version-history":[{"count":212,"href":"https:\/\/brulen.com\/es\/wp-json\/wp\/v2\/pages\/8632\/revisions"}],"predecessor-version":[{"id":8938,"href":"https:\/\/brulen.com\/es\/wp-json\/wp\/v2\/pages\/8632\/revisions\/8938"}],"wp:attachment":[{"href":"https:\/\/brulen.com\/es\/wp-json\/wp\/v2\/media?parent=8632"}],"curies":[{"name":"wp","href":"https:\/\/api.w.org\/{rel}","templated":true}]}}