{"id":5083,"date":"2021-10-12T20:09:54","date_gmt":"2021-10-13T03:09:54","guid":{"rendered":"https:\/\/brulen.com\/disclaimer\/"},"modified":"2021-10-12T20:09:54","modified_gmt":"2021-10-13T03:09:54","slug":"disclaimer","status":"publish","type":"page","link":"https:\/\/brulen.com\/es\/disclaimer\/","title":{"rendered":"Descargo de responsabilidad"},"content":{"rendered":"<!-- Legal document generated by Complianz | GDPR\/CCPA Cookie Consent https:\/\/wordpress.org\/plugins\/complianz-gdpr -->\n<div id=\"cmplz-document\" class=\"cmplz-document disclaimer cmplz-document-all\"><p>Brulen, Inc, se compromete a mantener esta web actualizada y precisa. Si, a pesar de todo, encontrara algo incorrecto o desactualizado, le agradecer\u00edamos que nos lo hiciera saber. Por favor, indique en qu\u00e9 parte de la web ha le\u00eddo la informaci\u00f3n. La revisaremos lo antes posible. Por favor, env\u00eda tu duda por correo electr\u00f3nico a: <span class=\"cmplz-obfuscate\">privacidad@<span class=\"cmplz-fmail-domain\">ex.com<\/span>&#098;r&#117;&#108;e&#110;.c&#111;&#109;<\/span>.<\/p><p>No nos responsabilizamos de las p\u00e9rdidas derivadas de inexactitudes o datos incompletos, ni de las p\u00e9rdidas resultantes de problemas causados o propios a la difusi\u00f3n de la informaci\u00f3n a trav\u00e9s de Internet, como interrupciones o fallos. Al utilizar formularios web, nos esforzamos por limitar al m\u00ednimo el n\u00famero de campos obligatorios. Por cualquier p\u00e9rdida sufrida como resultado del uso de datos, consejos o ideas proporcionadas por Brulen, Inc, o en su nombre a trav\u00e9s de esta web, Brulen, Inc, no acepta ninguna responsabilidad.<\/p><p>Todos los derechos de propiedad intelectual sobre el contenido de esta web pertenecen a Brulen, Inc,.<\/p><p>La copia, difusi\u00f3n y cualquier otro uso de estos materiales no est\u00e1 permitida sin el permiso escrito de Brulen, Inc, excepto y s\u00f3lo en la medida en que se estipule lo contrario en los reglamentos de la ley obligatoria (como el derecho de cita), a menos que el contenido espec\u00edfico dicte lo contrario.<\/p><p>Si tiene alguna pregunta o problema con la accesibilidad de la web, no dude en ponerse en contacto con nosotros.<\/p><\/div>","protected":false},"excerpt":{"rendered":"","protected":false},"author":1,"featured_media":0,"parent":0,"menu_order":0,"comment_status":"closed","ping_status":"closed","template":"","meta":{"footnotes":""},"class_list":["post-5083","page","type-page","status-publish","hentry"],"yoast_head":"<!-- This site is optimized with the Yoast SEO Premium plugin v27.2 (Yoast SEO v27.2) - https:\/\/yoast.com\/product\/yoast-seo-premium-wordpress\/ -->\n<title>Disclaimer &#8902; \u2605 BRULEN\u00ae \u2605 Recording Artist<\/title>\n<meta name=\"description\" content=\"Singer, songwriter, musician &amp; recording artist brings you new classic rock music powerfully infused by the great John Lennon long ago \u2605\u2605\u2605\u2605\u2605\" \/>\n<meta name=\"robots\" content=\"index, follow, max-snippet:-1, max-image-preview:large, max-video-preview:-1\" \/>\n<link rel=\"canonical\" href=\"https:\/\/brulen.com\/es\/disclaimer\/\" \/>\n<meta property=\"og:locale\" content=\"es_ES\" \/>\n<meta property=\"og:type\" content=\"article\" \/>\n<meta property=\"og:title\" content=\"Disclaimer\" \/>\n<meta property=\"og:description\" content=\"Singer, songwriter, musician &amp; recording artist brings you new classic rock music powerfully infused by the great John Lennon long ago \u2605\u2605\u2605\u2605\u2605\" \/>\n<meta property=\"og:url\" content=\"https:\/\/brulen.com\/es\/disclaimer\/\" \/>\n<meta property=\"og:site_name\" content=\"\u2605 BRULEN\u00ae \u2605 Recording Artist\" \/>\n<meta property=\"article:publisher\" content=\"https:\/\/www.facebook.com\/BrulenMusic\" \/>\n<meta property=\"og:image\" content=\"https:\/\/brulen.com\/brunew\/wp-content\/uploads\/2021\/09\/20191016_194308-818x1444-818x1444.jpg\" \/>\n\t<meta property=\"og:image:width\" content=\"818\" \/>\n\t<meta property=\"og:image:height\" content=\"1444\" \/>\n\t<meta property=\"og:image:type\" content=\"image\/jpeg\" \/>\n<meta name=\"twitter:card\" content=\"summary_large_image\" \/>\n<meta name=\"twitter:site\" content=\"@brulen\" \/>\n<script type=\"application\/ld+json\" class=\"yoast-schema-graph\">{\"@context\":\"https:\/\/schema.org\",\"@graph\":[{\"@type\":\"WebPage\",\"@id\":\"https:\/\/brulen.com\/disclaimer\/\",\"url\":\"https:\/\/brulen.com\/disclaimer\/\",\"name\":\"Disclaimer &#8902; \u2605 BRULEN\u00ae \u2605 Recording Artist\",\"isPartOf\":{\"@id\":\"https:\/\/brulen.com\/#website\"},\"datePublished\":\"2021-10-13T03:09:54+00:00\",\"description\":\"Singer, songwriter, musician &amp; recording artist brings you new classic rock music powerfully infused by the great John Lennon long ago \u2605\u2605\u2605\u2605\u2605\",\"breadcrumb\":{\"@id\":\"https:\/\/brulen.com\/disclaimer\/#breadcrumb\"},\"inLanguage\":\"es\",\"potentialAction\":[{\"@type\":\"ReadAction\",\"target\":[\"https:\/\/brulen.com\/disclaimer\/\"]}]},{\"@type\":\"BreadcrumbList\",\"@id\":\"https:\/\/brulen.com\/disclaimer\/#breadcrumb\",\"itemListElement\":[{\"@type\":\"ListItem\",\"position\":1,\"name\":\"Home\",\"item\":\"https:\/\/brulen.com\/\"},{\"@type\":\"ListItem\",\"position\":2,\"name\":\"Disclaimer\"}]},{\"@type\":\"WebSite\",\"@id\":\"https:\/\/brulen.com\/#website\",\"url\":\"https:\/\/brulen.com\/\",\"name\":\"\u2605 BRULEN\u00ae \u2605 Recording Artist\",\"description\":\"Recording Artist\",\"publisher\":{\"@id\":\"https:\/\/brulen.com\/#organization\"},\"potentialAction\":[{\"@type\":\"SearchAction\",\"target\":{\"@type\":\"EntryPoint\",\"urlTemplate\":\"https:\/\/brulen.com\/?s={search_term_string}\"},\"query-input\":{\"@type\":\"PropertyValueSpecification\",\"valueRequired\":true,\"valueName\":\"search_term_string\"}}],\"inLanguage\":\"es\"},{\"@type\":\"Organization\",\"@id\":\"https:\/\/brulen.com\/#organization\",\"name\":\"BRULEN\",\"url\":\"https:\/\/brulen.com\/\",\"logo\":{\"@type\":\"ImageObject\",\"inLanguage\":\"es\",\"@id\":\"https:\/\/brulen.com\/#\/schema\/logo\/image\/\",\"url\":\"https:\/\/brulen.com\/brunew\/wp-content\/uploads\/2020\/11\/Brulen-Site-Logo-1.png\",\"contentUrl\":\"https:\/\/brulen.com\/brunew\/wp-content\/uploads\/2020\/11\/Brulen-Site-Logo-1.png\",\"width\":350,\"height\":169,\"caption\":\"BRULEN\"},\"image\":{\"@id\":\"https:\/\/brulen.com\/#\/schema\/logo\/image\/\"},\"sameAs\":[\"https:\/\/www.facebook.com\/BrulenMusic\",\"https:\/\/x.com\/brulen\"],\"publishingPrinciples\":\"https:\/\/brulen.com\/it\/privacy-statement-us\/\"}]}<\/script>\n<!-- \/ Yoast SEO Premium plugin. -->","yoast_head_json":{"title":"Descargo de responsabilidad \u22c6 \u2605 BRULEN\u00ae \u2605 Artista de grabaci\u00f3n","description":"Cantante, compositor, m\u00fasico y artista de grabaci\u00f3n te ofrece nueva m\u00fasica rock cl\u00e1sica infundida poderosamente por el gran John Lennon hace mucho tiempo \u2605\u2605\u2605\u2605\u2605","robots":{"index":"index","follow":"follow","max-snippet":"max-snippet:-1","max-image-preview":"max-image-preview:large","max-video-preview":"max-video-preview:-1"},"canonical":"https:\/\/brulen.com\/es\/disclaimer\/","og_locale":"es_ES","og_type":"article","og_title":"Disclaimer","og_description":"Singer, songwriter, musician &amp; recording artist brings you new classic rock music powerfully infused by the great John Lennon long ago \u2605\u2605\u2605\u2605\u2605","og_url":"https:\/\/brulen.com\/es\/disclaimer\/","og_site_name":"\u2605 BRULEN\u00ae \u2605 Recording Artist","article_publisher":"https:\/\/www.facebook.com\/BrulenMusic","og_image":[{"width":818,"height":1444,"url":"https:\/\/brulen.com\/brunew\/wp-content\/uploads\/2021\/09\/20191016_194308-818x1444-818x1444.jpg","type":"image\/jpeg"}],"twitter_card":"summary_large_image","twitter_site":"@brulen","schema":{"@context":"https:\/\/schema.org","@graph":[{"@type":"WebPage","@id":"https:\/\/brulen.com\/disclaimer\/","url":"https:\/\/brulen.com\/disclaimer\/","name":"Descargo de responsabilidad \u22c6 \u2605 BRULEN\u00ae \u2605 Artista de grabaci\u00f3n","isPartOf":{"@id":"https:\/\/brulen.com\/#website"},"datePublished":"2021-10-13T03:09:54+00:00","description":"Cantante, compositor, m\u00fasico y artista de grabaci\u00f3n te ofrece nueva m\u00fasica rock cl\u00e1sica infundida poderosamente por el gran John Lennon hace mucho tiempo \u2605\u2605\u2605\u2605\u2605","breadcrumb":{"@id":"https:\/\/brulen.com\/disclaimer\/#breadcrumb"},"inLanguage":"es","potentialAction":[{"@type":"ReadAction","target":["https:\/\/brulen.com\/disclaimer\/"]}]},{"@type":"BreadcrumbList","@id":"https:\/\/brulen.com\/disclaimer\/#breadcrumb","itemListElement":[{"@type":"ListItem","position":1,"name":"Home","item":"https:\/\/brulen.com\/"},{"@type":"ListItem","position":2,"name":"Disclaimer"}]},{"@type":"WebSite","@id":"https:\/\/brulen.com\/#website","url":"https:\/\/brulen.com\/","name":"\u2605 BRULEN\u00ae \u2605 Artista de grabaci\u00f3n","description":"Artista de grabaci\u00f3n","publisher":{"@id":"https:\/\/brulen.com\/#organization"},"potentialAction":[{"@type":"SearchAction","target":{"@type":"EntryPoint","urlTemplate":"https:\/\/brulen.com\/?s={search_term_string}"},"query-input":{"@type":"PropertyValueSpecification","valueRequired":true,"valueName":"search_term_string"}}],"inLanguage":"es"},{"@type":"Organization","@id":"https:\/\/brulen.com\/#organization","name":"BRULEN","url":"https:\/\/brulen.com\/","logo":{"@type":"ImageObject","inLanguage":"es","@id":"https:\/\/brulen.com\/#\/schema\/logo\/image\/","url":"https:\/\/brulen.com\/brunew\/wp-content\/uploads\/2020\/11\/Brulen-Site-Logo-1.png","contentUrl":"https:\/\/brulen.com\/brunew\/wp-content\/uploads\/2020\/11\/Brulen-Site-Logo-1.png","width":350,"height":169,"caption":"BRULEN"},"image":{"@id":"https:\/\/brulen.com\/#\/schema\/logo\/image\/"},"sameAs":["https:\/\/www.facebook.com\/BrulenMusic","https:\/\/x.com\/brulen"],"publishingPrinciples":"https:\/\/brulen.com\/it\/privacy-statement-us\/"}]}},"jetpack_sharing_enabled":true,"_links":{"self":[{"href":"https:\/\/brulen.com\/es\/wp-json\/wp\/v2\/pages\/5083","targetHints":{"allow":["GET"]}}],"collection":[{"href":"https:\/\/brulen.com\/es\/wp-json\/wp\/v2\/pages"}],"about":[{"href":"https:\/\/brulen.com\/es\/wp-json\/wp\/v2\/types\/page"}],"author":[{"embeddable":true,"href":"https:\/\/brulen.com\/es\/wp-json\/wp\/v2\/users\/1"}],"replies":[{"embeddable":true,"href":"https:\/\/brulen.com\/es\/wp-json\/wp\/v2\/comments?post=5083"}],"version-history":[{"count":0,"href":"https:\/\/brulen.com\/es\/wp-json\/wp\/v2\/pages\/5083\/revisions"}],"wp:attachment":[{"href":"https:\/\/brulen.com\/es\/wp-json\/wp\/v2\/media?parent=5083"}],"curies":[{"name":"wp","href":"https:\/\/api.w.org\/{rel}","templated":true}]}}