{"id":5080,"date":"2021-10-12T20:09:53","date_gmt":"2021-10-13T03:09:53","guid":{"rendered":"https:\/\/brulen.com\/privacy-statement-us\/"},"modified":"2021-10-15T22:54:24","modified_gmt":"2021-10-16T05:54:24","slug":"privacy-statement-us","status":"publish","type":"page","link":"https:\/\/brulen.com\/es\/privacy-statement-us\/","title":{"rendered":"Declaraci\u00f3n de privacidad (EE. UU.)"},"content":{"rendered":"<div data-elementor-type=\"wp-page\" data-elementor-id=\"5080\" class=\"elementor elementor-5080\" data-elementor-post-type=\"page\">\n\t\t\t\t\t\t<section data-particle_enable=\"false\" data-particle-mobile-disabled=\"false\" class=\"elementor-section elementor-top-section elementor-element elementor-element-def7ab7 headline transparent elementor-section-stretched elementor-section-boxed elementor-section-height-default elementor-section-height-default\" data-id=\"def7ab7\" data-element_type=\"section\" data-e-type=\"section\" data-settings=\"{&quot;stretch_section&quot;:&quot;section-stretched&quot;,&quot;background_background&quot;:&quot;video&quot;,&quot;shape_divider_bottom&quot;:&quot;tilt&quot;,&quot;background_video_link&quot;:&quot;https:\\\/\\\/brulen.com\\\/brunew\\\/wp-content\\\/videos\\\/Rock%20concert%20out%20of%20focus.mp4&quot;,&quot;background_play_on_mobile&quot;:&quot;yes&quot;}\">\n\t\t\t\t\t\t\t\t<div class=\"elementor-background-video-container\">\n\t\t\t\t\t\t\t\t\t\t\t\t\t<video class=\"elementor-background-video-hosted\" role=\"presentation\" autoplay muted playsinline loop><\/video>\n\t\t\t\t\t\t\t\t\t\t\t<\/div>\n\t\t\t\t\t\t\t\t\t<div class=\"elementor-background-overlay\"><\/div>\n\t\t\t\t\t\t<div class=\"elementor-shape elementor-shape-bottom\" aria-hidden=\"true\" data-negative=\"false\">\n\t\t\t<svg xmlns=\"http:\/\/www.w3.org\/2000\/svg\" viewbox=\"0 0 1000 100\" preserveaspectratio=\"none\">\n\t<path class=\"elementor-shape-fill\" d=\"M0,6V0h1000v100L0,6z\"\/>\n<\/svg>\t\t<\/div>\n\t\t\t\t\t<div class=\"elementor-container elementor-column-gap-default\">\n\t\t\t\t\t<div class=\"elementor-column elementor-col-100 elementor-top-column elementor-element elementor-element-08343e4\" data-id=\"08343e4\" data-element_type=\"column\" data-e-type=\"column\">\n\t\t\t<div class=\"elementor-widget-wrap elementor-element-populated\">\n\t\t\t\t\t\t<div class=\"elementor-element elementor-element-8ff812b animated-fast elementor-invisible elementor-widget elementor-widget-heading\" data-id=\"8ff812b\" data-element_type=\"widget\" data-e-type=\"widget\" data-settings=\"{&quot;_animation&quot;:&quot;fadeInUp&quot;}\" data-widget_type=\"heading.default\">\n\t\t\t\t<div class=\"elementor-widget-container\">\n\t\t\t\t\t<span class=\"elementor-heading-title elementor-size-default\">EE.UU<\/span>\t\t\t\t<\/div>\n\t\t\t\t<\/div>\n\t\t\t\t<div class=\"elementor-element elementor-element-3019956 animated-fast elementor-invisible elementor-widget elementor-widget-heading\" data-id=\"3019956\" data-element_type=\"widget\" data-e-type=\"widget\" data-settings=\"{&quot;_animation&quot;:&quot;fadeInUp&quot;,&quot;_animation_delay&quot;:200}\" data-widget_type=\"heading.default\">\n\t\t\t\t<div class=\"elementor-widget-container\">\n\t\t\t\t\t<h1 class=\"elementor-heading-title elementor-size-default\">DECLARACION DE PRIVACIDAD<\/h1>\t\t\t\t<\/div>\n\t\t\t\t<\/div>\n\t\t\t\t\t<\/div>\n\t\t<\/div>\n\t\t\t\t\t<\/div>\n\t\t<\/section>\n\t\t\t\t<section data-particle_enable=\"false\" data-particle-mobile-disabled=\"false\" class=\"elementor-section elementor-top-section elementor-element elementor-element-3d615195 elementor-section-boxed elementor-section-height-default elementor-section-height-default\" data-id=\"3d615195\" data-element_type=\"section\" data-e-type=\"section\">\n\t\t\t\t\t\t<div class=\"elementor-container elementor-column-gap-default\">\n\t\t\t\t\t<div class=\"elementor-column elementor-col-100 elementor-top-column elementor-element elementor-element-5985cd36\" data-id=\"5985cd36\" data-element_type=\"column\" data-e-type=\"column\">\n\t\t\t<div class=\"elementor-widget-wrap elementor-element-populated\">\n\t\t\t\t\t\t<div class=\"elementor-element elementor-element-49f9eee8 jltma-glass-effect-no elementor-invisible elementor-widget elementor-widget-shortcode\" data-id=\"49f9eee8\" data-element_type=\"widget\" data-e-type=\"widget\" data-settings=\"{&quot;_animation&quot;:&quot;fadeInRight&quot;}\" data-widget_type=\"shortcode.default\">\n\t\t\t\t<div class=\"elementor-widget-container\">\n\t\t\t\t\t\t\t<div class=\"elementor-shortcode\">\n<!-- Legal document generated by Complianz | GDPR\/CCPA Cookie Consent https:\/\/wordpress.org\/plugins\/complianz-gdpr -->\n<div id=\"cmplz-document\" class=\"cmplz-document privacy-statement cmplz-document-us\"><p><i>Esta declaraci\u00f3n de privacidad se modific\u00f3 por \u00faltima vez el 31 de marzo de 2025, se revis\u00f3 por \u00faltima vez el 31 de marzo de 2025 y se aplica a los ciudadanos y residentes legales permanentes de los Estados Unidos.<\/i><br \/><br \/><\/p><p>En esta declaraci\u00f3n de privacidad, explicamos qu\u00e9 hacemos con los datos que obtenemos sobre usted a trav\u00e9s de <a href=\"https:\/\/brulen.com\/es\">https:\/\/brulen.com\/es<\/a>. Le recomendamos que lea atentamente esta declaraci\u00f3n. En nuestro procesamiento cumplimos con los requisitos de la legislaci\u00f3n de privacidad. Eso significa, entre otras cosas, que:<ul>\n                <li>declaramos claramente los fines para los que procesamos los datos personales. Hacemos esto por medio de esta declaraci\u00f3n de privacidad;<\/li>\n                <li>nuestro objetivo es limitar nuestra recopilaci\u00f3n de datos personales a solo los datos personales necesarios para fines leg\u00edtimos;<\/li>\n                <li>primero solicitamos su consentimiento expl\u00edcito para procesar sus datos personales en los casos que requieran su consentimiento;<\/li>\n                <li>tomamos las medidas de seguridad adecuadas para proteger sus datos personales y tambi\u00e9n se lo exigimos a las partes que procesan datos personales en nuestro nombre;<\/li>\n                <li>respetamos su derecho a acceder a sus datos personales o hacer que se corrijan o eliminen, si as\u00ed lo solicita.<\/li>\n            <\/ul><\/p><p>Si tiene alguna pregunta o desea saber exactamente qu\u00e9 datos conservamos de usted, comun\u00edquese con nosotros.<\/p><h2>1. Pr\u00e1cticas de divulgaci\u00f3n<\/h2><p><p>Divulgamos informaci\u00f3n personal si nos lo exige la ley o una orden judicial, en respuesta a un organismo encargado de hacer cumplir la ley, en la medida en que lo permita otras disposiciones legales, para proporcionar informaci\u00f3n o para una investigaci\u00f3n sobre un asunto relacionado con la seguridad p\u00fablica.<\/p><p>Si nuestro sitio web o nuestra organizaci\u00f3n son adquiridos, vendidos o participantes en una fusi\u00f3n o adquisici\u00f3n, sus datos podr\u00e1n ser revelados a nuestros asesores ya los posibles compradores, y se transmitir\u00e1n a los nuevos propietarios.<\/p><\/p><h2>2. C\u00f3mo respondemos a las se\u00f1ales de No rastrear y al Control de privacidad global <\/h2><p>Nuestro sitio web responde y admite el campo de solicitud de encabezado No rastrear (DNT). Si activa DNT en su navegador, esas preferencias se nos comunican en el encabezado de la solicitud HTTP y no realizaremos un seguimiento de su comportamiento de navegaci\u00f3n.<\/p><h2>3. Galletas<\/h2><p>Nuestro sitio web utiliza cookies. Para obtener m\u00e1s informaci\u00f3n sobre las cookies, consulte nuestra Pol\u00edtica de cookies en nuestro <a href=\"https:\/\/brulen.com\/es\/cookie-policy-us\/\">Pol\u00edtica de cookies (EE. UU.)<\/a> P\u00e1gina web.&nbsp;<\/p><p>Hemos celebrado un acuerdo de procesamiento de datos con Google.<\/p><h2>4. Seguridad<\/h2><p>Estamos comprometidos con la seguridad de los datos personales. Tomamos las medidas de seguridad adecuadas para limitar el abuso y el acceso no autorizado a los datos personales. Esto garantiza que solo las personas necesarias tengan acceso a sus datos, que el acceso a los datos est\u00e9 protegido y que nuestras medidas de seguridad se revisen peri\u00f3dicamente.<\/p><h2>5. Sitios web de terceros<\/h2><p>Esta declaraci\u00f3n de privacidad no se aplica a sitios web de terceros conectados por enlaces en nuestro sitio web. No podemos garantizar que estos terceros manejen sus datos personales de manera confiable o segura. Le recomendamos que lea las declaraciones de privacidad de estos sitios web antes de hacer uso de estos sitios web.<\/p><h2>6. Modificaciones a esta declaraci\u00f3n de privacidad<\/h2><p>Nos reservamos el derecho a realizar modificaciones a esta declaraci\u00f3n de privacidad. Se recomienda que consulte esta declaraci\u00f3n de privacidad con regularidad para estar al tanto de cualquier cambio. Adem\u00e1s, le informaremos activamente siempre que sea posible.<\/p><h2>7. Acceso y modificaci\u00f3n de sus datos<\/h2><p>Si tiene alguna pregunta o desea saber qu\u00e9 datos personales tenemos sobre usted, comun\u00edquese con nosotros. Aseg\u00farese de indicar siempre claramente qui\u00e9n es usted, para que podamos estar seguros de que no modificamos ni eliminamos ning\u00fan dato de la persona equivocada. Proporcionaremos la informaci\u00f3n solicitada solo al recibir una solicitud de consumidor verificable. Puede ponerse en contacto con nosotros utilizando la siguiente informaci\u00f3n. Tienes los siguientes derechos:<\/p><p class=\"cmplz-subtitle\">7.1 Usted tiene los siguientes derechos con respecto a sus datos personales<\/p><ol class=\"alphabetic\">\n                        <li>Puede enviar una solicitud de acceso a los datos que procesamos sobre usted.<\/li>\n                        <li>Puede oponerse al procesamiento.<\/li>\n                        <li>Puede solicitar una descripci\u00f3n general, en un formato de uso com\u00fan, de los datos que procesamos sobre usted.<\/li>\n                        <li>Puede solicitar la correcci\u00f3n o eliminaci\u00f3n de los datos si son incorrectos o no son relevantes o solicitar la restricci\u00f3n del procesamiento de los mismos.<\/li>\n                        <li>Usted puede apelar nuestra decisi\u00f3n siempre que nos neguemos a tomar acci\u00f3n sobre una solicitud y presentar una queja ante la autoridad competente si su apelaci\u00f3n es denegada.<\/li>\n                      <\/ol><h2>8. Ni\u00f1os<\/h2><p>Nuestro sitio web no est\u00e1 dise\u00f1ado para atraer a ni\u00f1os y no es nuestra intenci\u00f3n recopilar datos personales de ni\u00f1os menores de la edad de consentimiento en su pa\u00eds de residencia. Por lo tanto, solicitamos que los ni\u00f1os menores de la edad de consentimiento no nos env\u00eden ning\u00fan dato personal.<\/p><h2>9. Datos de contacto<\/h2><p>Brulen, Inc.,<br \/>\n        7260 West Azure Drive<br \/>\nEste 140-1500<br \/>\nLas Vegas, NV 89130<br \/>\n        Estados Unidos<br \/>\n        Sitio web: <a href=\"https:\/\/brulen.com\/es\">https:\/\/brulen.com\/es<\/a> <br \/>\n        Correo electr\u00f3nico: <span class=\"cmplz-obfuscate\">privacidad@<span class=\"cmplz-fmail-domain\">ex.com<\/span>br&#117;&#108;e&#110;.com<\/span> <br \/>\n        <br \/>\n        N\u00famero de tel\u00e9fono: (702) 857-7900<\/p><\/div><\/div>\n\t\t\t\t\t\t<\/div>\n\t\t\t\t<\/div>\n\t\t\t\t\t<\/div>\n\t\t<\/div>\n\t\t\t\t\t<\/div>\n\t\t<\/section>\n\t\t\t\t<\/div>","protected":false},"excerpt":{"rendered":"<p>DECLARACI\u00d3N DE PRIVACIDAD DE EE. UU.<\/p>","protected":false},"author":1,"featured_media":0,"parent":0,"menu_order":0,"comment_status":"closed","ping_status":"closed","template":"","meta":{"footnotes":""},"class_list":["post-5080","page","type-page","status-publish","hentry"],"yoast_head":"<!-- This site is optimized with the Yoast SEO Premium plugin v27.2 (Yoast SEO v27.2) - https:\/\/yoast.com\/product\/yoast-seo-premium-wordpress\/ -->\n<title>Privacy Statement (US) &#8902; \u2605 BRULEN\u00ae \u2605 Recording Artist<\/title>\n<meta name=\"description\" content=\"Singer, songwriter, musician &amp; recording artist brings you new classic rock music powerfully infused by the great John Lennon long ago \u2605\u2605\u2605\u2605\u2605\" \/>\n<meta name=\"robots\" content=\"index, follow, max-snippet:-1, max-image-preview:large, max-video-preview:-1\" \/>\n<link rel=\"canonical\" href=\"https:\/\/brulen.com\/es\/privacy-statement-us\/\" \/>\n<meta property=\"og:locale\" content=\"es_ES\" \/>\n<meta property=\"og:type\" content=\"article\" \/>\n<meta property=\"og:title\" content=\"Privacy Statement (US)\" \/>\n<meta property=\"og:description\" content=\"Singer, songwriter, musician &amp; recording artist brings you new classic rock music powerfully infused by the great John Lennon long ago \u2605\u2605\u2605\u2605\u2605\" \/>\n<meta property=\"og:url\" content=\"https:\/\/brulen.com\/es\/privacy-statement-us\/\" \/>\n<meta property=\"og:site_name\" content=\"\u2605 BRULEN\u00ae \u2605 Recording Artist\" \/>\n<meta property=\"article:publisher\" content=\"https:\/\/www.facebook.com\/BrulenMusic\" \/>\n<meta property=\"article:modified_time\" content=\"2021-10-16T05:54:24+00:00\" \/>\n<meta property=\"og:image\" content=\"https:\/\/brulen.com\/brunew\/wp-content\/uploads\/2021\/09\/20191016_194308-818x1444-818x1444.jpg\" \/>\n\t<meta property=\"og:image:width\" content=\"818\" \/>\n\t<meta property=\"og:image:height\" content=\"1444\" \/>\n\t<meta property=\"og:image:type\" content=\"image\/jpeg\" \/>\n<meta name=\"twitter:card\" content=\"summary_large_image\" \/>\n<meta name=\"twitter:site\" content=\"@brulen\" \/>\n<script type=\"application\/ld+json\" class=\"yoast-schema-graph\">{\"@context\":\"https:\/\/schema.org\",\"@graph\":[{\"@type\":\"WebPage\",\"@id\":\"https:\/\/brulen.com\/it\/privacy-statement-us\/\",\"url\":\"https:\/\/brulen.com\/it\/privacy-statement-us\/\",\"name\":\"Privacy Statement (US) &#8902; \u2605 BRULEN\u00ae \u2605 Recording Artist\",\"isPartOf\":{\"@id\":\"https:\/\/brulen.com\/#website\"},\"datePublished\":\"2021-10-13T03:09:53+00:00\",\"dateModified\":\"2021-10-16T05:54:24+00:00\",\"description\":\"Singer, songwriter, musician &amp; recording artist brings you new classic rock music powerfully infused by the great John Lennon long ago \u2605\u2605\u2605\u2605\u2605\",\"breadcrumb\":{\"@id\":\"https:\/\/brulen.com\/it\/privacy-statement-us\/#breadcrumb\"},\"inLanguage\":\"es\",\"potentialAction\":[{\"@type\":\"ReadAction\",\"target\":[\"https:\/\/brulen.com\/it\/privacy-statement-us\/\"]}]},{\"@type\":\"BreadcrumbList\",\"@id\":\"https:\/\/brulen.com\/it\/privacy-statement-us\/#breadcrumb\",\"itemListElement\":[{\"@type\":\"ListItem\",\"position\":1,\"name\":\"Home\",\"item\":\"https:\/\/brulen.com\/\"},{\"@type\":\"ListItem\",\"position\":2,\"name\":\"Privacy Statement (US)\"}]},{\"@type\":\"WebSite\",\"@id\":\"https:\/\/brulen.com\/#website\",\"url\":\"https:\/\/brulen.com\/\",\"name\":\"\u2605 BRULEN\u00ae \u2605 Recording Artist\",\"description\":\"Recording Artist\",\"publisher\":{\"@id\":\"https:\/\/brulen.com\/#organization\"},\"potentialAction\":[{\"@type\":\"SearchAction\",\"target\":{\"@type\":\"EntryPoint\",\"urlTemplate\":\"https:\/\/brulen.com\/?s={search_term_string}\"},\"query-input\":{\"@type\":\"PropertyValueSpecification\",\"valueRequired\":true,\"valueName\":\"search_term_string\"}}],\"inLanguage\":\"es\"},{\"@type\":\"Organization\",\"@id\":\"https:\/\/brulen.com\/#organization\",\"name\":\"BRULEN\",\"url\":\"https:\/\/brulen.com\/\",\"logo\":{\"@type\":\"ImageObject\",\"inLanguage\":\"es\",\"@id\":\"https:\/\/brulen.com\/#\/schema\/logo\/image\/\",\"url\":\"https:\/\/brulen.com\/brunew\/wp-content\/uploads\/2020\/11\/Brulen-Site-Logo-1.png\",\"contentUrl\":\"https:\/\/brulen.com\/brunew\/wp-content\/uploads\/2020\/11\/Brulen-Site-Logo-1.png\",\"width\":350,\"height\":169,\"caption\":\"BRULEN\"},\"image\":{\"@id\":\"https:\/\/brulen.com\/#\/schema\/logo\/image\/\"},\"sameAs\":[\"https:\/\/www.facebook.com\/BrulenMusic\",\"https:\/\/x.com\/brulen\"],\"publishingPrinciples\":\"https:\/\/brulen.com\/it\/privacy-statement-us\/\"}]}<\/script>\n<!-- \/ Yoast SEO Premium plugin. -->","yoast_head_json":{"title":"Declaraci\u00f3n de privacidad (EE. UU.) \u22c6 \u2605 BRULEN\u00ae \u2605 Artista de grabaci\u00f3n","description":"Cantante, compositor, m\u00fasico y artista de grabaci\u00f3n te ofrece nueva m\u00fasica rock cl\u00e1sica infundida poderosamente por el gran John Lennon hace mucho tiempo \u2605\u2605\u2605\u2605\u2605","robots":{"index":"index","follow":"follow","max-snippet":"max-snippet:-1","max-image-preview":"max-image-preview:large","max-video-preview":"max-video-preview:-1"},"canonical":"https:\/\/brulen.com\/es\/privacy-statement-us\/","og_locale":"es_ES","og_type":"article","og_title":"Privacy Statement (US)","og_description":"Singer, songwriter, musician &amp; recording artist brings you new classic rock music powerfully infused by the great John Lennon long ago \u2605\u2605\u2605\u2605\u2605","og_url":"https:\/\/brulen.com\/es\/privacy-statement-us\/","og_site_name":"\u2605 BRULEN\u00ae \u2605 Recording Artist","article_publisher":"https:\/\/www.facebook.com\/BrulenMusic","article_modified_time":"2021-10-16T05:54:24+00:00","og_image":[{"width":818,"height":1444,"url":"https:\/\/brulen.com\/brunew\/wp-content\/uploads\/2021\/09\/20191016_194308-818x1444-818x1444.jpg","type":"image\/jpeg"}],"twitter_card":"summary_large_image","twitter_site":"@brulen","schema":{"@context":"https:\/\/schema.org","@graph":[{"@type":"WebPage","@id":"https:\/\/brulen.com\/it\/privacy-statement-us\/","url":"https:\/\/brulen.com\/it\/privacy-statement-us\/","name":"Declaraci\u00f3n de privacidad (EE. UU.) \u22c6 \u2605 BRULEN\u00ae \u2605 Artista de grabaci\u00f3n","isPartOf":{"@id":"https:\/\/brulen.com\/#website"},"datePublished":"2021-10-13T03:09:53+00:00","dateModified":"2021-10-16T05:54:24+00:00","description":"Cantante, compositor, m\u00fasico y artista de grabaci\u00f3n te ofrece nueva m\u00fasica rock cl\u00e1sica infundida poderosamente por el gran John Lennon hace mucho tiempo \u2605\u2605\u2605\u2605\u2605","breadcrumb":{"@id":"https:\/\/brulen.com\/it\/privacy-statement-us\/#breadcrumb"},"inLanguage":"es","potentialAction":[{"@type":"ReadAction","target":["https:\/\/brulen.com\/it\/privacy-statement-us\/"]}]},{"@type":"BreadcrumbList","@id":"https:\/\/brulen.com\/it\/privacy-statement-us\/#breadcrumb","itemListElement":[{"@type":"ListItem","position":1,"name":"Home","item":"https:\/\/brulen.com\/"},{"@type":"ListItem","position":2,"name":"Privacy Statement (US)"}]},{"@type":"WebSite","@id":"https:\/\/brulen.com\/#website","url":"https:\/\/brulen.com\/","name":"\u2605 BRULEN\u00ae \u2605 Artista de grabaci\u00f3n","description":"Artista de grabaci\u00f3n","publisher":{"@id":"https:\/\/brulen.com\/#organization"},"potentialAction":[{"@type":"SearchAction","target":{"@type":"EntryPoint","urlTemplate":"https:\/\/brulen.com\/?s={search_term_string}"},"query-input":{"@type":"PropertyValueSpecification","valueRequired":true,"valueName":"search_term_string"}}],"inLanguage":"es"},{"@type":"Organization","@id":"https:\/\/brulen.com\/#organization","name":"BRULEN","url":"https:\/\/brulen.com\/","logo":{"@type":"ImageObject","inLanguage":"es","@id":"https:\/\/brulen.com\/#\/schema\/logo\/image\/","url":"https:\/\/brulen.com\/brunew\/wp-content\/uploads\/2020\/11\/Brulen-Site-Logo-1.png","contentUrl":"https:\/\/brulen.com\/brunew\/wp-content\/uploads\/2020\/11\/Brulen-Site-Logo-1.png","width":350,"height":169,"caption":"BRULEN"},"image":{"@id":"https:\/\/brulen.com\/#\/schema\/logo\/image\/"},"sameAs":["https:\/\/www.facebook.com\/BrulenMusic","https:\/\/x.com\/brulen"],"publishingPrinciples":"https:\/\/brulen.com\/it\/privacy-statement-us\/"}]}},"jetpack_sharing_enabled":true,"_links":{"self":[{"href":"https:\/\/brulen.com\/es\/wp-json\/wp\/v2\/pages\/5080","targetHints":{"allow":["GET"]}}],"collection":[{"href":"https:\/\/brulen.com\/es\/wp-json\/wp\/v2\/pages"}],"about":[{"href":"https:\/\/brulen.com\/es\/wp-json\/wp\/v2\/types\/page"}],"author":[{"embeddable":true,"href":"https:\/\/brulen.com\/es\/wp-json\/wp\/v2\/users\/1"}],"replies":[{"embeddable":true,"href":"https:\/\/brulen.com\/es\/wp-json\/wp\/v2\/comments?post=5080"}],"version-history":[{"count":0,"href":"https:\/\/brulen.com\/es\/wp-json\/wp\/v2\/pages\/5080\/revisions"}],"wp:attachment":[{"href":"https:\/\/brulen.com\/es\/wp-json\/wp\/v2\/media?parent=5080"}],"curies":[{"name":"wp","href":"https:\/\/api.w.org\/{rel}","templated":true}]}}