{"id":3460,"date":"2021-09-29T01:35:42","date_gmt":"2021-09-29T08:35:42","guid":{"rendered":"https:\/\/brulen.com\/?page_id=3460"},"modified":"2023-03-25T18:30:50","modified_gmt":"2023-03-26T01:30:50","slug":"history","status":"publish","type":"page","link":"https:\/\/brulen.com\/es\/history\/","title":{"rendered":"Historia"},"content":{"rendered":"<div data-elementor-type=\"wp-page\" data-elementor-id=\"3460\" class=\"elementor elementor-3460\" data-elementor-post-type=\"page\">\n\t\t\t\t\t\t<section data-particle_enable=\"false\" data-particle-mobile-disabled=\"false\" class=\"elementor-section elementor-top-section elementor-element elementor-element-2d19831 headline transparent elementor-section-stretched elementor-section-boxed elementor-section-height-default elementor-section-height-default\" data-id=\"2d19831\" data-element_type=\"section\" data-e-type=\"section\" data-settings=\"{&quot;stretch_section&quot;:&quot;section-stretched&quot;,&quot;background_background&quot;:&quot;video&quot;,&quot;shape_divider_bottom&quot;:&quot;tilt&quot;,&quot;background_video_link&quot;:&quot;https:\\\/\\\/brulen.com\\\/brunew\\\/wp-content\\\/videos\\\/Rock%20concert%20out%20of%20focus.mp4&quot;,&quot;background_play_on_mobile&quot;:&quot;yes&quot;}\">\n\t\t\t\t\t\t\t\t<div class=\"elementor-background-video-container\">\n\t\t\t\t\t\t\t\t\t\t\t\t\t<video class=\"elementor-background-video-hosted\" role=\"presentation\" autoplay muted playsinline loop><\/video>\n\t\t\t\t\t\t\t\t\t\t\t<\/div>\n\t\t\t\t\t\t\t\t\t<div class=\"elementor-background-overlay\"><\/div>\n\t\t\t\t\t\t<div class=\"elementor-shape elementor-shape-bottom\" aria-hidden=\"true\" data-negative=\"false\">\n\t\t\t<svg xmlns=\"http:\/\/www.w3.org\/2000\/svg\" viewbox=\"0 0 1000 100\" preserveaspectratio=\"none\">\n\t<path class=\"elementor-shape-fill\" d=\"M0,6V0h1000v100L0,6z\"\/>\n<\/svg>\t\t<\/div>\n\t\t\t\t\t<div class=\"elementor-container elementor-column-gap-default\">\n\t\t\t\t\t<div class=\"elementor-column elementor-col-100 elementor-top-column elementor-element elementor-element-2140d5a\" data-id=\"2140d5a\" data-element_type=\"column\" data-e-type=\"column\">\n\t\t\t<div class=\"elementor-widget-wrap elementor-element-populated\">\n\t\t\t\t\t\t<div class=\"elementor-element elementor-element-79cc54e animated-fast elementor-invisible elementor-widget elementor-widget-heading\" data-id=\"79cc54e\" data-element_type=\"widget\" data-e-type=\"widget\" data-settings=\"{&quot;_animation&quot;:&quot;fadeInUp&quot;}\" data-widget_type=\"heading.default\">\n\t\t\t\t<div class=\"elementor-widget-container\">\n\t\t\t\t\t<span class=\"elementor-heading-title elementor-size-default\">Brulen<\/span>\t\t\t\t<\/div>\n\t\t\t\t<\/div>\n\t\t\t\t<div class=\"elementor-element elementor-element-286522e animated-fast elementor-invisible elementor-widget elementor-widget-heading\" data-id=\"286522e\" data-element_type=\"widget\" data-e-type=\"widget\" data-settings=\"{&quot;_animation&quot;:&quot;fadeInUp&quot;,&quot;_animation_delay&quot;:200}\" data-widget_type=\"heading.default\">\n\t\t\t\t<div class=\"elementor-widget-container\">\n\t\t\t\t\t<h1 class=\"elementor-heading-title elementor-size-default\">Historia<\/h1>\t\t\t\t<\/div>\n\t\t\t\t<\/div>\n\t\t\t\t\t<\/div>\n\t\t<\/div>\n\t\t\t\t\t<\/div>\n\t\t<\/section>\n\t\t\t\t<section data-particle_enable=\"false\" data-particle-mobile-disabled=\"false\" class=\"elementor-section elementor-top-section elementor-element elementor-element-75a69c0 elementor-section-boxed elementor-section-height-default elementor-section-height-default\" data-id=\"75a69c0\" data-element_type=\"section\" data-e-type=\"section\">\n\t\t\t\t\t\t<div class=\"elementor-container elementor-column-gap-default\">\n\t\t\t\t\t<div class=\"elementor-column elementor-col-100 elementor-top-column elementor-element elementor-element-32095de\" data-id=\"32095de\" data-element_type=\"column\" data-e-type=\"column\">\n\t\t\t<div class=\"elementor-widget-wrap elementor-element-populated\">\n\t\t\t\t\t\t<div class=\"elementor-element elementor-element-82b0f41 elementor-position-left elementor-vertical-align-top elementor-widget elementor-widget-image-box\" data-id=\"82b0f41\" data-element_type=\"widget\" data-e-type=\"widget\" data-widget_type=\"image-box.default\">\n\t\t\t\t<div class=\"elementor-widget-container\">\n\t\t\t\t\t<div class=\"elementor-image-box-wrapper\"><figure class=\"elementor-image-box-img\"><img fetchpriority=\"high\" decoding=\"async\" width=\"552\" height=\"736\" src=\"https:\/\/brulen.com\/brunew\/wp-content\/uploads\/2021\/09\/20201015_051235-1-552x736-552x736.jpg\" class=\"attachment-full size-full wp-image-2474\" alt=\"Brulen Photo\" srcset=\"https:\/\/brulen.com\/brunew\/wp-content\/uploads\/2021\/09\/20201015_051235-1-552x736-552x736.jpg 552w, https:\/\/brulen.com\/brunew\/wp-content\/uploads\/2021\/09\/20201015_051235-1-552x736-552x736-225x300.jpg 225w, https:\/\/brulen.com\/brunew\/wp-content\/uploads\/2021\/09\/20201015_051235-1-552x736-552x736-9x12.jpg 9w, https:\/\/brulen.com\/brunew\/wp-content\/uploads\/2021\/09\/20201015_051235-1-552x736-552x736-440x587.jpg 440w\" sizes=\"(max-width: 552px) 100vw, 552px\" \/><\/figure><div class=\"elementor-image-box-content\"><h3 class=\"elementor-image-box-title\">BRULEN \u2605 Multiinstrumentista<\/h3><p class=\"elementor-image-box-description\">Brulen (Bruce Bierman) era un joven instrumentista polivalente autodidacta que tuvo como mentor al gran John Lennon cuando solo ten\u00eda diecisiete a\u00f1os. Brulen canta, toca el piano y el bajo, la guitarra r\u00edtmica y solista y la bater\u00eda, adem\u00e1s de ser un compositor autodidacta formado por Lennon. Brulen tambi\u00e9n escribe y toca las partes de producci\u00f3n, incluidas las cuerdas, los cuernos y los arreglos orquestales. Brulen produce todas sus grabaciones. Adem\u00e1s, como exingeniero de sonido, Brulen graba, mezcla y masteriza todo lo que escucha... a excepci\u00f3n de los invitados destacados que se ven en los cr\u00e9ditos. Para acerca de... melod\u00edas contagiosas y memorables, muy parecidas a las canciones en solitario de The Beatles y Lennon.<\/p><\/div><\/div>\t\t\t\t<\/div>\n\t\t\t\t<\/div>\n\t\t\t\t\t<\/div>\n\t\t<\/div>\n\t\t\t\t\t<\/div>\n\t\t<\/section>\n\t\t\t\t<section data-particle_enable=\"false\" data-particle-mobile-disabled=\"false\" class=\"elementor-section elementor-top-section elementor-element elementor-element-aaabd54 elementor-section-boxed elementor-section-height-default elementor-section-height-default\" data-id=\"aaabd54\" data-element_type=\"section\" data-e-type=\"section\">\n\t\t\t\t\t\t<div class=\"elementor-container elementor-column-gap-default\">\n\t\t\t\t\t<div class=\"elementor-column elementor-col-100 elementor-top-column elementor-element elementor-element-5a3dc1a\" data-id=\"5a3dc1a\" data-element_type=\"column\" data-e-type=\"column\">\n\t\t\t<div class=\"elementor-widget-wrap elementor-element-populated\">\n\t\t\t\t\t\t<div class=\"elementor-element elementor-element-0eb0af0 elementor-position-left elementor-vertical-align-top elementor-widget elementor-widget-image-box\" data-id=\"0eb0af0\" data-element_type=\"widget\" data-e-type=\"widget\" data-widget_type=\"image-box.default\">\n\t\t\t\t<div class=\"elementor-widget-container\">\n\t\t\t\t\t<div class=\"elementor-image-box-wrapper\"><figure class=\"elementor-image-box-img\"><img decoding=\"async\" width=\"250\" height=\"315\" src=\"https:\/\/brulen.com\/brunew\/wp-content\/uploads\/2023\/03\/peelyokolennon.jpg\" class=\"attachment-full size-full wp-image-8553\" alt=\"\" srcset=\"https:\/\/brulen.com\/brunew\/wp-content\/uploads\/2023\/03\/peelyokolennon.jpg 250w, https:\/\/brulen.com\/brunew\/wp-content\/uploads\/2023\/03\/peelyokolennon-238x300.jpg 238w, https:\/\/brulen.com\/brunew\/wp-content\/uploads\/2023\/03\/peelyokolennon-10x12.jpg 10w\" sizes=\"(max-width: 250px) 100vw, 250px\" \/><\/figure><div class=\"elementor-image-box-content\"><h3 class=\"elementor-image-box-title\">David Peel y la banda del Lower East Side en Apple Records<\/h3><p class=\"elementor-image-box-description\">David Peel no ten\u00eda idea de lo que comenz\u00f3 cuando le present\u00f3 a Bruce Bierman al ex Beatle John Lennon en 1972. El resultado fue mucha m\u00fasica excelente que qued\u00f3 escondida durante m\u00e1s de treinta a\u00f1os hasta ahora. Puedes leer todo sobre David Peel y John Lennon en muchos libros de John Lennon y los Beatles. A continuaci\u00f3n, hay algunos libros que documentan a Bruce Bierman y John Lennon.<\/p><\/div><\/div>\t\t\t\t<\/div>\n\t\t\t\t<\/div>\n\t\t\t\t\t<\/div>\n\t\t<\/div>\n\t\t\t\t\t<\/div>\n\t\t<\/section>\n\t\t\t\t<section data-particle_enable=\"false\" data-particle-mobile-disabled=\"false\" class=\"elementor-section elementor-top-section elementor-element elementor-element-a9faf62 elementor-section-boxed elementor-section-height-default elementor-section-height-default\" data-id=\"a9faf62\" data-element_type=\"section\" data-e-type=\"section\">\n\t\t\t\t\t\t<div class=\"elementor-container elementor-column-gap-default\">\n\t\t\t\t\t<div class=\"elementor-column elementor-col-100 elementor-top-column elementor-element elementor-element-10d0171\" data-id=\"10d0171\" data-element_type=\"column\" data-e-type=\"column\">\n\t\t\t<div class=\"elementor-widget-wrap elementor-element-populated\">\n\t\t\t\t\t\t<div class=\"elementor-element elementor-element-13037e2 elementor-position-left elementor-widget__width-inherit elementor-vertical-align-top elementor-widget elementor-widget-image-box\" data-id=\"13037e2\" data-element_type=\"widget\" data-e-type=\"widget\" data-widget_type=\"image-box.default\">\n\t\t\t\t<div class=\"elementor-widget-container\">\n\t\t\t\t\t<div class=\"elementor-image-box-wrapper\"><figure class=\"elementor-image-box-img\"><img decoding=\"async\" width=\"123\" height=\"187\" src=\"https:\/\/brulen.com\/brunew\/wp-content\/uploads\/2021\/09\/beatles_badman.gif\" class=\"attachment-full size-full wp-image-3619\" alt=\"The Beatles Diary: Volume 2\" \/><\/figure><div class=\"elementor-image-box-content\"><h3 class=\"elementor-image-box-title\">The Beatles Diary: Volumen 2: Despu\u00e9s de la ruptura, 1970-2001<\/h3><p class=\"elementor-image-box-description\">The Beatles Diary: Volume 2: After the Break-Up, 1970-2001 por Keith Badman Keith Badman es un destacado autor de los Beatles y ha escrito varios libros sobre los Beatles. &quot;John tambi\u00e9n le da aproximadamente 25 horas de m\u00fasica in\u00e9dita de Lennon a Bruce Bierman...&quot;<\/p><\/div><\/div>\t\t\t\t<\/div>\n\t\t\t\t<\/div>\n\t\t\t\t\t<\/div>\n\t\t<\/div>\n\t\t\t\t\t<\/div>\n\t\t<\/section>\n\t\t\t\t<section data-particle_enable=\"false\" data-particle-mobile-disabled=\"false\" class=\"elementor-section elementor-top-section elementor-element elementor-element-2e64a8b elementor-section-boxed elementor-section-height-default elementor-section-height-default\" data-id=\"2e64a8b\" data-element_type=\"section\" data-e-type=\"section\">\n\t\t\t\t\t\t<div class=\"elementor-container elementor-column-gap-default\">\n\t\t\t\t\t<div class=\"elementor-column elementor-col-100 elementor-top-column elementor-element elementor-element-97d809f\" data-id=\"97d809f\" data-element_type=\"column\" data-e-type=\"column\">\n\t\t\t<div class=\"elementor-widget-wrap elementor-element-populated\">\n\t\t\t\t\t\t<div class=\"elementor-element elementor-element-d1de282 elementor-position-left elementor-widget__width-inherit elementor-vertical-align-top elementor-widget elementor-widget-image-box\" data-id=\"d1de282\" data-element_type=\"widget\" data-e-type=\"widget\" data-widget_type=\"image-box.default\">\n\t\t\t\t<div class=\"elementor-widget-container\">\n\t\t\t\t\t<div class=\"elementor-image-box-wrapper\"><figure class=\"elementor-image-box-img\"><img loading=\"lazy\" decoding=\"async\" width=\"141\" height=\"187\" src=\"https:\/\/brulen.com\/brunew\/wp-content\/uploads\/2021\/09\/beatles_ulimate_book.gif\" class=\"attachment-full size-full wp-image-3621\" alt=\"the beatles: The Ultimate Recording Guide\" \/><\/figure><div class=\"elementor-image-box-content\"><h3 class=\"elementor-image-box-title\">los beatles: la gu\u00eda de grabaci\u00f3n definitiva por Allen J. Weiner<\/h3><p class=\"elementor-image-box-description\">por Allen J. Weiner Tambi\u00e9n un destacado autor de los Beatles, Weiner compil\u00f3 un extenso libro que cubre la historia de todas las grabaciones conocidas de los Beatles, discograf\u00edas de EE. UU. y el Reino Unido, copias piratas, canciones in\u00e9ditas, grabaciones en solitario y m\u00e1s. Bierman figura en la secci\u00f3n de 1972 de grabaciones in\u00e9ditas de John Lennon.<\/p><\/div><\/div>\t\t\t\t<\/div>\n\t\t\t\t<\/div>\n\t\t\t\t\t<\/div>\n\t\t<\/div>\n\t\t\t\t\t<\/div>\n\t\t<\/section>\n\t\t\t\t<section data-particle_enable=\"false\" data-particle-mobile-disabled=\"false\" class=\"elementor-section elementor-top-section elementor-element elementor-element-f3b0cd4 elementor-section-boxed elementor-section-height-default elementor-section-height-default\" data-id=\"f3b0cd4\" data-element_type=\"section\" data-e-type=\"section\">\n\t\t\t\t\t\t<div class=\"elementor-container elementor-column-gap-default\">\n\t\t\t\t\t<div class=\"elementor-column elementor-col-100 elementor-top-column elementor-element elementor-element-e4dc878\" data-id=\"e4dc878\" data-element_type=\"column\" data-e-type=\"column\">\n\t\t\t<div class=\"elementor-widget-wrap elementor-element-populated\">\n\t\t\t\t\t\t<div class=\"elementor-element elementor-element-fd0233d elementor-position-left elementor-widget__width-inherit elementor-vertical-align-top elementor-widget elementor-widget-image-box\" data-id=\"fd0233d\" data-element_type=\"widget\" data-e-type=\"widget\" data-widget_type=\"image-box.default\">\n\t\t\t\t<div class=\"elementor-widget-container\">\n\t\t\t\t\t<div class=\"elementor-image-box-wrapper\"><figure class=\"elementor-image-box-img\"><img loading=\"lazy\" decoding=\"async\" width=\"487\" height=\"138\" src=\"https:\/\/brulen.com\/brunew\/wp-content\/uploads\/2021\/09\/Billboard.png\" class=\"attachment-full size-full wp-image-3623\" alt=\"\" srcset=\"https:\/\/brulen.com\/brunew\/wp-content\/uploads\/2021\/09\/Billboard.png 487w, https:\/\/brulen.com\/brunew\/wp-content\/uploads\/2021\/09\/Billboard-300x85.png 300w, https:\/\/brulen.com\/brunew\/wp-content\/uploads\/2021\/09\/Billboard-18x5.png 18w, https:\/\/brulen.com\/brunew\/wp-content\/uploads\/2021\/09\/Billboard-440x125.png 440w\" sizes=\"(max-width: 487px) 100vw, 487px\" \/><\/figure><div class=\"elementor-image-box-content\"><h3 class=\"elementor-image-box-title\">revista cartelera<\/h3><p class=\"elementor-image-box-description\">Tambi\u00e9n escribi\u00f3 un art\u00edculo en enero de 1991 sobre Bruce Bierman, Lost Lennon Music y su relaci\u00f3n con John Lennon. Bruce comparti\u00f3 algunos de sus recuerdos de John, sus intenciones y antecedentes.<\/p><\/div><\/div>\t\t\t\t<\/div>\n\t\t\t\t<\/div>\n\t\t\t\t\t<\/div>\n\t\t<\/div>\n\t\t\t\t\t<\/div>\n\t\t<\/section>\n\t\t\t\t<section data-particle_enable=\"false\" data-particle-mobile-disabled=\"false\" class=\"elementor-section elementor-top-section elementor-element elementor-element-bab033f elementor-section-boxed elementor-section-height-default elementor-section-height-default\" data-id=\"bab033f\" data-element_type=\"section\" data-e-type=\"section\">\n\t\t\t\t\t\t<div class=\"elementor-container elementor-column-gap-default\">\n\t\t\t\t\t<div class=\"elementor-column elementor-col-100 elementor-top-column elementor-element elementor-element-4829c7e\" data-id=\"4829c7e\" data-element_type=\"column\" data-e-type=\"column\">\n\t\t\t<div class=\"elementor-widget-wrap elementor-element-populated\">\n\t\t\t\t\t\t<div class=\"elementor-element elementor-element-9cfd4ed elementor-widget elementor-widget-spacer\" data-id=\"9cfd4ed\" data-element_type=\"widget\" data-e-type=\"widget\" data-widget_type=\"spacer.default\">\n\t\t\t\t<div class=\"elementor-widget-container\">\n\t\t\t\t\t\t\t<div class=\"elementor-spacer\">\n\t\t\t<div class=\"elementor-spacer-inner\"><\/div>\n\t\t<\/div>\n\t\t\t\t\t\t<\/div>\n\t\t\t\t<\/div>\n\t\t\t\t\t<\/div>\n\t\t<\/div>\n\t\t\t\t\t<\/div>\n\t\t<\/section>\n\t\t\t\t<\/div>","protected":false},"excerpt":{"rendered":"<p>Brulen History BRULEN \u2605 Multi-Instrumentalist Brulen (Bruce Bierman) was a young self-taught poly instrumentalist mentored by the great John Lennon beginning when he was just seventeen. Brulen sings, plays piano, and bass, rhythm and lead guitars and drums as well [&hellip;]<\/p>\n","protected":false},"author":1,"featured_media":0,"parent":0,"menu_order":0,"comment_status":"closed","ping_status":"closed","template":"","meta":{"footnotes":""},"class_list":["post-3460","page","type-page","status-publish","hentry"],"yoast_head":"<!-- This site is optimized with the Yoast SEO Premium plugin v27.2 (Yoast SEO v27.2) - https:\/\/yoast.com\/product\/yoast-seo-premium-wordpress\/ -->\n<title>History of BRULEN \u2605 Recording Artist \u2605<\/title>\n<meta name=\"description\" content=\"Singer, songwriter, musician &amp; recording artist brings you new classic rock music powerfully infused by the great John Lennon long ago \u2605\u2605\u2605\u2605\u2605\" \/>\n<meta name=\"robots\" content=\"index, follow, max-snippet:-1, max-image-preview:large, max-video-preview:-1\" \/>\n<link rel=\"canonical\" href=\"https:\/\/brulen.com\/es\/history\/\" \/>\n<meta property=\"og:locale\" content=\"es_ES\" \/>\n<meta property=\"og:type\" content=\"article\" \/>\n<meta property=\"og:title\" content=\"History\" \/>\n<meta property=\"og:description\" content=\"Singer, songwriter, musician &amp; recording artist brings you new classic rock music powerfully infused by the great John Lennon long ago \u2605\u2605\u2605\u2605\u2605\" \/>\n<meta property=\"og:url\" content=\"https:\/\/brulen.com\/es\/history\/\" \/>\n<meta property=\"og:site_name\" content=\"\u2605 BRULEN\u00ae \u2605 Recording Artist\" \/>\n<meta property=\"article:publisher\" content=\"https:\/\/www.facebook.com\/BrulenMusic\" \/>\n<meta property=\"article:modified_time\" content=\"2023-03-26T01:30:50+00:00\" \/>\n<meta property=\"og:image\" content=\"https:\/\/brulen.com\/brunew\/wp-content\/uploads\/2021\/09\/20201015_051235-1-552x736-552x736.jpg\" \/>\n<meta name=\"twitter:card\" content=\"summary_large_image\" \/>\n<meta name=\"twitter:site\" content=\"@brulen\" \/>\n<meta name=\"twitter:label1\" content=\"Tiempo de lectura\" \/>\n\t<meta name=\"twitter:data1\" content=\"2 minutos\" \/>\n<script type=\"application\/ld+json\" class=\"yoast-schema-graph\">{\"@context\":\"https:\/\/schema.org\",\"@graph\":[{\"@type\":\"WebPage\",\"@id\":\"https:\/\/brulen.com\/history\/\",\"url\":\"https:\/\/brulen.com\/history\/\",\"name\":\"History of BRULEN \u2605 Recording Artist \u2605\",\"isPartOf\":{\"@id\":\"https:\/\/brulen.com\/#website\"},\"primaryImageOfPage\":{\"@id\":\"https:\/\/brulen.com\/history\/#primaryimage\"},\"image\":{\"@id\":\"https:\/\/brulen.com\/history\/#primaryimage\"},\"thumbnailUrl\":\"https:\/\/brulen.com\/brunew\/wp-content\/uploads\/2021\/09\/20201015_051235-1-552x736-552x736.jpg\",\"datePublished\":\"2021-09-29T08:35:42+00:00\",\"dateModified\":\"2023-03-26T01:30:50+00:00\",\"description\":\"Singer, songwriter, musician &amp; recording artist brings you new classic rock music powerfully infused by the great John Lennon long ago \u2605\u2605\u2605\u2605\u2605\",\"breadcrumb\":{\"@id\":\"https:\/\/brulen.com\/history\/#breadcrumb\"},\"inLanguage\":\"es\",\"potentialAction\":[{\"@type\":\"ReadAction\",\"target\":[\"https:\/\/brulen.com\/history\/\"]}]},{\"@type\":\"ImageObject\",\"inLanguage\":\"es\",\"@id\":\"https:\/\/brulen.com\/history\/#primaryimage\",\"url\":\"https:\/\/brulen.com\/brunew\/wp-content\/uploads\/2021\/09\/20201015_051235-1-552x736-552x736.jpg\",\"contentUrl\":\"https:\/\/brulen.com\/brunew\/wp-content\/uploads\/2021\/09\/20201015_051235-1-552x736-552x736.jpg\"},{\"@type\":\"BreadcrumbList\",\"@id\":\"https:\/\/brulen.com\/history\/#breadcrumb\",\"itemListElement\":[{\"@type\":\"ListItem\",\"position\":1,\"name\":\"Home\",\"item\":\"https:\/\/brulen.com\/\"},{\"@type\":\"ListItem\",\"position\":2,\"name\":\"History\"}]},{\"@type\":\"WebSite\",\"@id\":\"https:\/\/brulen.com\/#website\",\"url\":\"https:\/\/brulen.com\/\",\"name\":\"\u2605 BRULEN\u00ae \u2605 Recording Artist\",\"description\":\"Recording Artist\",\"publisher\":{\"@id\":\"https:\/\/brulen.com\/#organization\"},\"potentialAction\":[{\"@type\":\"SearchAction\",\"target\":{\"@type\":\"EntryPoint\",\"urlTemplate\":\"https:\/\/brulen.com\/?s={search_term_string}\"},\"query-input\":{\"@type\":\"PropertyValueSpecification\",\"valueRequired\":true,\"valueName\":\"search_term_string\"}}],\"inLanguage\":\"es\"},{\"@type\":\"Organization\",\"@id\":\"https:\/\/brulen.com\/#organization\",\"name\":\"BRULEN\",\"url\":\"https:\/\/brulen.com\/\",\"logo\":{\"@type\":\"ImageObject\",\"inLanguage\":\"es\",\"@id\":\"https:\/\/brulen.com\/#\/schema\/logo\/image\/\",\"url\":\"https:\/\/brulen.com\/brunew\/wp-content\/uploads\/2020\/11\/Brulen-Site-Logo-1.png\",\"contentUrl\":\"https:\/\/brulen.com\/brunew\/wp-content\/uploads\/2020\/11\/Brulen-Site-Logo-1.png\",\"width\":350,\"height\":169,\"caption\":\"BRULEN\"},\"image\":{\"@id\":\"https:\/\/brulen.com\/#\/schema\/logo\/image\/\"},\"sameAs\":[\"https:\/\/www.facebook.com\/BrulenMusic\",\"https:\/\/x.com\/brulen\"],\"publishingPrinciples\":\"https:\/\/brulen.com\/it\/privacy-statement-us\/\"}]}<\/script>\n<!-- \/ Yoast SEO Premium plugin. -->","yoast_head_json":{"title":"Historia de BRULEN \u2605 Artista de grabaci\u00f3n \u2605","description":"Cantante, compositor, m\u00fasico y artista de grabaci\u00f3n te ofrece nueva m\u00fasica rock cl\u00e1sica infundida poderosamente por el gran John Lennon hace mucho tiempo \u2605\u2605\u2605\u2605\u2605","robots":{"index":"index","follow":"follow","max-snippet":"max-snippet:-1","max-image-preview":"max-image-preview:large","max-video-preview":"max-video-preview:-1"},"canonical":"https:\/\/brulen.com\/es\/history\/","og_locale":"es_ES","og_type":"article","og_title":"History","og_description":"Singer, songwriter, musician &amp; recording artist brings you new classic rock music powerfully infused by the great John Lennon long ago \u2605\u2605\u2605\u2605\u2605","og_url":"https:\/\/brulen.com\/es\/history\/","og_site_name":"\u2605 BRULEN\u00ae \u2605 Recording Artist","article_publisher":"https:\/\/www.facebook.com\/BrulenMusic","article_modified_time":"2023-03-26T01:30:50+00:00","og_image":[{"url":"https:\/\/brulen.com\/brunew\/wp-content\/uploads\/2021\/09\/20201015_051235-1-552x736-552x736.jpg","type":"","width":"","height":""}],"twitter_card":"summary_large_image","twitter_site":"@brulen","twitter_misc":{"Tiempo de lectura":"2 minutos"},"schema":{"@context":"https:\/\/schema.org","@graph":[{"@type":"WebPage","@id":"https:\/\/brulen.com\/history\/","url":"https:\/\/brulen.com\/history\/","name":"Historia de BRULEN \u2605 Artista de grabaci\u00f3n \u2605","isPartOf":{"@id":"https:\/\/brulen.com\/#website"},"primaryImageOfPage":{"@id":"https:\/\/brulen.com\/history\/#primaryimage"},"image":{"@id":"https:\/\/brulen.com\/history\/#primaryimage"},"thumbnailUrl":"https:\/\/brulen.com\/brunew\/wp-content\/uploads\/2021\/09\/20201015_051235-1-552x736-552x736.jpg","datePublished":"2021-09-29T08:35:42+00:00","dateModified":"2023-03-26T01:30:50+00:00","description":"Cantante, compositor, m\u00fasico y artista de grabaci\u00f3n te ofrece nueva m\u00fasica rock cl\u00e1sica infundida poderosamente por el gran John Lennon hace mucho tiempo \u2605\u2605\u2605\u2605\u2605","breadcrumb":{"@id":"https:\/\/brulen.com\/history\/#breadcrumb"},"inLanguage":"es","potentialAction":[{"@type":"ReadAction","target":["https:\/\/brulen.com\/history\/"]}]},{"@type":"ImageObject","inLanguage":"es","@id":"https:\/\/brulen.com\/history\/#primaryimage","url":"https:\/\/brulen.com\/brunew\/wp-content\/uploads\/2021\/09\/20201015_051235-1-552x736-552x736.jpg","contentUrl":"https:\/\/brulen.com\/brunew\/wp-content\/uploads\/2021\/09\/20201015_051235-1-552x736-552x736.jpg"},{"@type":"BreadcrumbList","@id":"https:\/\/brulen.com\/history\/#breadcrumb","itemListElement":[{"@type":"ListItem","position":1,"name":"Home","item":"https:\/\/brulen.com\/"},{"@type":"ListItem","position":2,"name":"History"}]},{"@type":"WebSite","@id":"https:\/\/brulen.com\/#website","url":"https:\/\/brulen.com\/","name":"\u2605 BRULEN\u00ae \u2605 Artista de grabaci\u00f3n","description":"Artista de grabaci\u00f3n","publisher":{"@id":"https:\/\/brulen.com\/#organization"},"potentialAction":[{"@type":"SearchAction","target":{"@type":"EntryPoint","urlTemplate":"https:\/\/brulen.com\/?s={search_term_string}"},"query-input":{"@type":"PropertyValueSpecification","valueRequired":true,"valueName":"search_term_string"}}],"inLanguage":"es"},{"@type":"Organization","@id":"https:\/\/brulen.com\/#organization","name":"BRULEN","url":"https:\/\/brulen.com\/","logo":{"@type":"ImageObject","inLanguage":"es","@id":"https:\/\/brulen.com\/#\/schema\/logo\/image\/","url":"https:\/\/brulen.com\/brunew\/wp-content\/uploads\/2020\/11\/Brulen-Site-Logo-1.png","contentUrl":"https:\/\/brulen.com\/brunew\/wp-content\/uploads\/2020\/11\/Brulen-Site-Logo-1.png","width":350,"height":169,"caption":"BRULEN"},"image":{"@id":"https:\/\/brulen.com\/#\/schema\/logo\/image\/"},"sameAs":["https:\/\/www.facebook.com\/BrulenMusic","https:\/\/x.com\/brulen"],"publishingPrinciples":"https:\/\/brulen.com\/it\/privacy-statement-us\/"}]}},"jetpack_sharing_enabled":true,"_links":{"self":[{"href":"https:\/\/brulen.com\/es\/wp-json\/wp\/v2\/pages\/3460","targetHints":{"allow":["GET"]}}],"collection":[{"href":"https:\/\/brulen.com\/es\/wp-json\/wp\/v2\/pages"}],"about":[{"href":"https:\/\/brulen.com\/es\/wp-json\/wp\/v2\/types\/page"}],"author":[{"embeddable":true,"href":"https:\/\/brulen.com\/es\/wp-json\/wp\/v2\/users\/1"}],"replies":[{"embeddable":true,"href":"https:\/\/brulen.com\/es\/wp-json\/wp\/v2\/comments?post=3460"}],"version-history":[{"count":12,"href":"https:\/\/brulen.com\/es\/wp-json\/wp\/v2\/pages\/3460\/revisions"}],"predecessor-version":[{"id":8565,"href":"https:\/\/brulen.com\/es\/wp-json\/wp\/v2\/pages\/3460\/revisions\/8565"}],"wp:attachment":[{"href":"https:\/\/brulen.com\/es\/wp-json\/wp\/v2\/media?parent=3460"}],"curies":[{"name":"wp","href":"https:\/\/api.w.org\/{rel}","templated":true}]}}