{"id":3606,"date":"2021-09-29T23:15:02","date_gmt":"2021-09-30T06:15:02","guid":{"rendered":"https:\/\/brulen.com\/product\/brulen-official-dad-hat\/"},"modified":"2021-09-30T17:27:11","modified_gmt":"2021-10-01T00:27:11","slug":"brulen-official-dad-hat","status":"publish","type":"product","link":"https:\/\/brulen.com\/de\/produkt\/brulen-official-dad-hat\/","title":{"rendered":"BRULEN\u00ae Offizieller Papa Hut"},"content":{"rendered":"<p>Dad-H\u00fcte sind nicht nur f\u00fcr V\u00e4ter. Dieses hat ein niedriges Profil mit einem verstellbaren Riemen und einem gebogenen Schirm.<\/p>\n<p>\u2022 100% Chino-Baumwoll-Twill<br \/>\n\u2022 Die gr\u00fcne Camo-Farbe ist 35% Chino-Baumwoll-Twill, 65% Polyester<br \/>\n\u2022 Unstrukturiert, 6-teilig, flaches Profil<br \/>\n\u2022 6 gestickte \u00d6sen<br \/>\n\u2022 3 \u215b\u201d (7,6 cm) Krone<br \/>\n\u2022 Verstellbarer Riemen mit antiker Schnalle<br \/>\n\u2022 Kopfumfang: 20 \u00bd\u2033\u201321 \u215d\u2033 (50,8 cm\u201353,3 cm)<br \/>\n\u2022 Rohprodukt aus Vietnam oder Bangladesch<\/p>","protected":false},"excerpt":{"rendered":"<p>Dad hats aren&#8217;t just for dads. This one&#8217;s got a low profile with an adjustable strap and curved visor. \u2022 100% chino cotton twill \u2022 Green Camo color is 35% chino cotton twill, 65% polyester \u2022 Unstructured, 6-panel, low-profile \u2022 [&hellip;]<\/p>\n","protected":false},"featured_media":3608,"template":"","meta":[],"product_brand":[],"product_cat":[59,58],"product_tag":[],"class_list":{"0":"post-3606","1":"product","2":"type-product","3":"status-publish","4":"has-post-thumbnail","6":"product_cat-clothing","7":"product_cat-tshirts","9":"first","10":"instock","11":"taxable","12":"shipping-taxable","13":"purchasable","14":"product-type-simple"},"yoast_head":"<!-- This site is optimized with the Yoast SEO Premium plugin v27.2 (Yoast SEO v27.2) - https:\/\/yoast.com\/product\/yoast-seo-premium-wordpress\/ -->\n<title>BRULEN\u00ae Official Dad Hat &#8902; \u2605 BRULEN\u00ae \u2605 Recording Artist<\/title>\n<meta name=\"description\" content=\"Singer, songwriter, musician &amp; recording artist brings you goodies including clothing and collectibles with the BRULEN official logo \u2605\u2605\u2605\u2605\u2605\" \/>\n<meta name=\"robots\" content=\"index, follow, max-snippet:-1, max-image-preview:large, max-video-preview:-1\" \/>\n<link rel=\"canonical\" href=\"https:\/\/brulen.com\/de\/produkt\/brulen-official-dad-hat\/\" \/>\n<meta property=\"og:locale\" content=\"de_DE\" \/>\n<meta property=\"og:type\" content=\"article\" \/>\n<meta property=\"og:title\" content=\"BRULEN\u00ae Official Dad Hat\" \/>\n<meta property=\"og:description\" content=\"Singer, songwriter, musician &amp; recording artist brings you new classic rock music powerfully infused by the great John Lennon long ago \u2605\u2605\u2605\u2605\u2605\" \/>\n<meta property=\"og:url\" content=\"https:\/\/brulen.com\/de\/produkt\/brulen-official-dad-hat\/\" \/>\n<meta property=\"og:site_name\" content=\"\u2605 BRULEN\u00ae \u2605 Recording Artist\" \/>\n<meta property=\"article:publisher\" content=\"https:\/\/www.facebook.com\/BrulenMusic\" \/>\n<meta property=\"article:modified_time\" content=\"2021-10-01T00:27:11+00:00\" \/>\n<meta property=\"og:image\" content=\"https:\/\/brulen.com\/brunew\/wp-content\/uploads\/2021\/09\/classic-dad-hat-black-front-615555e20e5bc-1000x1000.jpg\" \/>\n\t<meta property=\"og:image:width\" content=\"1000\" \/>\n\t<meta property=\"og:image:height\" content=\"1000\" \/>\n\t<meta property=\"og:image:type\" content=\"image\/jpeg\" \/>\n<meta name=\"twitter:card\" content=\"summary_large_image\" \/>\n<meta name=\"twitter:site\" content=\"@brulen\" \/>\n<meta name=\"twitter:label1\" content=\"Preis\" \/>\n\t<meta name=\"twitter:data1\" content=\"&#036;24.99\" \/>\n\t<meta name=\"twitter:label2\" content=\"Verf\u00fcgbarkeit\" \/>\n\t<meta name=\"twitter:data2\" content=\"Auf Lager\" \/>\n<script type=\"application\/ld+json\" class=\"yoast-schema-graph\">{\"@context\":\"https:\/\/schema.org\",\"@graph\":[{\"@type\":\"WebPage\",\"@id\":\"https:\/\/brulen.com\/ru\/product\/brulen-official-dad-hat\/\",\"url\":\"https:\/\/brulen.com\/ru\/product\/brulen-official-dad-hat\/\",\"name\":\"BRULEN\u00ae Official Dad Hat &#8902; \u2605 BRULEN\u00ae \u2605 Recording Artist\",\"isPartOf\":{\"@id\":\"https:\/\/brulen.com\/#website\"},\"primaryImageOfPage\":{\"@id\":\"https:\/\/brulen.com\/ru\/product\/brulen-official-dad-hat\/#primaryimage\"},\"image\":{\"@id\":\"https:\/\/brulen.com\/ru\/product\/brulen-official-dad-hat\/#primaryimage\"},\"thumbnailUrl\":\"https:\/\/brulen.com\/brunew\/wp-content\/uploads\/2021\/09\/classic-dad-hat-black-front-615555e20e5bc-1000x1000.jpg\",\"datePublished\":\"2021-09-30T06:15:02+00:00\",\"dateModified\":\"2021-10-01T00:27:11+00:00\",\"description\":\"Singer, songwriter, musician &amp; recording artist brings you goodies including clothing and collectibles with the BRULEN official logo \u2605\u2605\u2605\u2605\u2605\",\"breadcrumb\":{\"@id\":\"https:\/\/brulen.com\/ru\/product\/brulen-official-dad-hat\/#breadcrumb\"},\"inLanguage\":\"de\",\"potentialAction\":[{\"@type\":\"ReadAction\",\"target\":[\"https:\/\/brulen.com\/ru\/product\/brulen-official-dad-hat\/\"]}]},{\"@type\":\"ImageObject\",\"inLanguage\":\"de\",\"@id\":\"https:\/\/brulen.com\/ru\/product\/brulen-official-dad-hat\/#primaryimage\",\"url\":\"https:\/\/brulen.com\/brunew\/wp-content\/uploads\/2021\/09\/classic-dad-hat-black-front-615555e20e5bc-1000x1000.jpg\",\"contentUrl\":\"https:\/\/brulen.com\/brunew\/wp-content\/uploads\/2021\/09\/classic-dad-hat-black-front-615555e20e5bc-1000x1000.jpg\",\"width\":1000,\"height\":1000},{\"@type\":\"BreadcrumbList\",\"@id\":\"https:\/\/brulen.com\/ru\/product\/brulen-official-dad-hat\/#breadcrumb\",\"itemListElement\":[{\"@type\":\"ListItem\",\"position\":1,\"name\":\"Home\",\"item\":\"https:\/\/brulen.com\/\"},{\"@type\":\"ListItem\",\"position\":2,\"name\":\"Shop\",\"item\":\"https:\/\/brulen.com\/shop\/\"},{\"@type\":\"ListItem\",\"position\":3,\"name\":\"BRULEN\u00ae Official Dad Hat\"}]},{\"@type\":\"WebSite\",\"@id\":\"https:\/\/brulen.com\/#website\",\"url\":\"https:\/\/brulen.com\/\",\"name\":\"\u2605 BRULEN\u00ae \u2605 Recording Artist\",\"description\":\"Recording Artist\",\"publisher\":{\"@id\":\"https:\/\/brulen.com\/#organization\"},\"potentialAction\":[{\"@type\":\"SearchAction\",\"target\":{\"@type\":\"EntryPoint\",\"urlTemplate\":\"https:\/\/brulen.com\/?s={search_term_string}\"},\"query-input\":{\"@type\":\"PropertyValueSpecification\",\"valueRequired\":true,\"valueName\":\"search_term_string\"}}],\"inLanguage\":\"de\"},{\"@type\":\"Organization\",\"@id\":\"https:\/\/brulen.com\/#organization\",\"name\":\"BRULEN\",\"url\":\"https:\/\/brulen.com\/\",\"logo\":{\"@type\":\"ImageObject\",\"inLanguage\":\"de\",\"@id\":\"https:\/\/brulen.com\/#\/schema\/logo\/image\/\",\"url\":\"https:\/\/brulen.com\/brunew\/wp-content\/uploads\/2020\/11\/Brulen-Site-Logo-1.png\",\"contentUrl\":\"https:\/\/brulen.com\/brunew\/wp-content\/uploads\/2020\/11\/Brulen-Site-Logo-1.png\",\"width\":350,\"height\":169,\"caption\":\"BRULEN\"},\"image\":{\"@id\":\"https:\/\/brulen.com\/#\/schema\/logo\/image\/\"},\"sameAs\":[\"https:\/\/www.facebook.com\/BrulenMusic\",\"https:\/\/x.com\/brulen\"],\"publishingPrinciples\":\"https:\/\/brulen.com\/it\/privacy-statement-us\/\"}]}<\/script>\n<meta property=\"product:price:amount\" content=\"24.99\" \/>\n<meta property=\"product:price:currency\" content=\"USD\" \/>\n<meta property=\"og:availability\" content=\"instock\" \/>\n<meta property=\"product:availability\" content=\"instock\" \/>\n<meta property=\"product:retailer_item_id\" content=\"615555E46FD30\" \/>\n<meta property=\"product:condition\" content=\"new\" \/>\n<!-- \/ Yoast SEO Premium plugin. -->","yoast_head_json":{"title":"BRULEN\u00ae Official Dad Hat \u22c6 \u2605 BRULEN\u00ae \u2605 Aufnahmek\u00fcnstler","description":"S\u00e4nger, Songwriter, Musiker &amp; Aufnahmek\u00fcnstler bringt dir Goodies wie Kleidung und Sammlerst\u00fccke mit dem offiziellen BRULEN-Logo \u2605\u2605\u2605\u2605\u2605","robots":{"index":"index","follow":"follow","max-snippet":"max-snippet:-1","max-image-preview":"max-image-preview:large","max-video-preview":"max-video-preview:-1"},"canonical":"https:\/\/brulen.com\/de\/produkt\/brulen-official-dad-hat\/","og_locale":"de_DE","og_type":"article","og_title":"BRULEN\u00ae Official Dad Hat","og_description":"Singer, songwriter, musician &amp; recording artist brings you new classic rock music powerfully infused by the great John Lennon long ago \u2605\u2605\u2605\u2605\u2605","og_url":"https:\/\/brulen.com\/de\/produkt\/brulen-official-dad-hat\/","og_site_name":"\u2605 BRULEN\u00ae \u2605 Recording Artist","article_publisher":"https:\/\/www.facebook.com\/BrulenMusic","article_modified_time":"2021-10-01T00:27:11+00:00","og_image":[{"width":1000,"height":1000,"url":"https:\/\/brulen.com\/brunew\/wp-content\/uploads\/2021\/09\/classic-dad-hat-black-front-615555e20e5bc-1000x1000.jpg","type":"image\/jpeg"}],"twitter_card":"summary_large_image","twitter_site":"@brulen","twitter_misc":{"Preis":"&#36;24.99","Verf\u00fcgbarkeit":"Auf Lager"},"schema":{"@context":"https:\/\/schema.org","@graph":[{"@type":"WebPage","@id":"https:\/\/brulen.com\/ru\/product\/brulen-official-dad-hat\/","url":"https:\/\/brulen.com\/ru\/product\/brulen-official-dad-hat\/","name":"BRULEN\u00ae Official Dad Hat \u22c6 \u2605 BRULEN\u00ae \u2605 Aufnahmek\u00fcnstler","isPartOf":{"@id":"https:\/\/brulen.com\/#website"},"primaryImageOfPage":{"@id":"https:\/\/brulen.com\/ru\/product\/brulen-official-dad-hat\/#primaryimage"},"image":{"@id":"https:\/\/brulen.com\/ru\/product\/brulen-official-dad-hat\/#primaryimage"},"thumbnailUrl":"https:\/\/brulen.com\/brunew\/wp-content\/uploads\/2021\/09\/classic-dad-hat-black-front-615555e20e5bc-1000x1000.jpg","datePublished":"2021-09-30T06:15:02+00:00","dateModified":"2021-10-01T00:27:11+00:00","description":"S\u00e4nger, Songwriter, Musiker &amp; Aufnahmek\u00fcnstler bringt dir Goodies wie Kleidung und Sammlerst\u00fccke mit dem offiziellen BRULEN-Logo \u2605\u2605\u2605\u2605\u2605","breadcrumb":{"@id":"https:\/\/brulen.com\/ru\/product\/brulen-official-dad-hat\/#breadcrumb"},"inLanguage":"de","potentialAction":[{"@type":"ReadAction","target":["https:\/\/brulen.com\/ru\/product\/brulen-official-dad-hat\/"]}]},{"@type":"ImageObject","inLanguage":"de","@id":"https:\/\/brulen.com\/ru\/product\/brulen-official-dad-hat\/#primaryimage","url":"https:\/\/brulen.com\/brunew\/wp-content\/uploads\/2021\/09\/classic-dad-hat-black-front-615555e20e5bc-1000x1000.jpg","contentUrl":"https:\/\/brulen.com\/brunew\/wp-content\/uploads\/2021\/09\/classic-dad-hat-black-front-615555e20e5bc-1000x1000.jpg","width":1000,"height":1000},{"@type":"BreadcrumbList","@id":"https:\/\/brulen.com\/ru\/product\/brulen-official-dad-hat\/#breadcrumb","itemListElement":[{"@type":"ListItem","position":1,"name":"Home","item":"https:\/\/brulen.com\/"},{"@type":"ListItem","position":2,"name":"Shop","item":"https:\/\/brulen.com\/shop\/"},{"@type":"ListItem","position":3,"name":"BRULEN\u00ae Official Dad Hat"}]},{"@type":"WebSite","@id":"https:\/\/brulen.com\/#website","url":"https:\/\/brulen.com\/","name":"\u2605 BRULEN\u00ae \u2605 Aufnahmek\u00fcnstler","description":"Aufnahmek\u00fcnstler","publisher":{"@id":"https:\/\/brulen.com\/#organization"},"potentialAction":[{"@type":"SearchAction","target":{"@type":"EntryPoint","urlTemplate":"https:\/\/brulen.com\/?s={search_term_string}"},"query-input":{"@type":"PropertyValueSpecification","valueRequired":true,"valueName":"search_term_string"}}],"inLanguage":"de"},{"@type":"Organization","@id":"https:\/\/brulen.com\/#organization","name":"BR\u00dcLEN","url":"https:\/\/brulen.com\/","logo":{"@type":"ImageObject","inLanguage":"de","@id":"https:\/\/brulen.com\/#\/schema\/logo\/image\/","url":"https:\/\/brulen.com\/brunew\/wp-content\/uploads\/2020\/11\/Brulen-Site-Logo-1.png","contentUrl":"https:\/\/brulen.com\/brunew\/wp-content\/uploads\/2020\/11\/Brulen-Site-Logo-1.png","width":350,"height":169,"caption":"BRULEN"},"image":{"@id":"https:\/\/brulen.com\/#\/schema\/logo\/image\/"},"sameAs":["https:\/\/www.facebook.com\/BrulenMusic","https:\/\/x.com\/brulen"],"publishingPrinciples":"https:\/\/brulen.com\/it\/privacy-statement-us\/"}]},"product_price_amount":"24.99","product_price_currency":"USD","og_availability":"instock","product_availability":"instock","product_retailer_item_id":"615555E46FD30","product_condition":"new"},"jetpack_sharing_enabled":true,"_links":{"self":[{"href":"https:\/\/brulen.com\/de\/wp-json\/wp\/v2\/product\/3606","targetHints":{"allow":["GET"]}}],"collection":[{"href":"https:\/\/brulen.com\/de\/wp-json\/wp\/v2\/product"}],"about":[{"href":"https:\/\/brulen.com\/de\/wp-json\/wp\/v2\/types\/product"}],"wp:featuredmedia":[{"embeddable":true,"href":"https:\/\/brulen.com\/de\/wp-json\/wp\/v2\/media\/3608"}],"wp:attachment":[{"href":"https:\/\/brulen.com\/de\/wp-json\/wp\/v2\/media?parent=3606"}],"wp:term":[{"taxonomy":"product_brand","embeddable":true,"href":"https:\/\/brulen.com\/de\/wp-json\/wp\/v2\/product_brand?post=3606"},{"taxonomy":"product_cat","embeddable":true,"href":"https:\/\/brulen.com\/de\/wp-json\/wp\/v2\/product_cat?post=3606"},{"taxonomy":"product_tag","embeddable":true,"href":"https:\/\/brulen.com\/de\/wp-json\/wp\/v2\/product_tag?post=3606"}],"curies":[{"name":"wp","href":"https:\/\/api.w.org\/{rel}","templated":true}]}}