{"id":4802,"date":"2021-10-11T02:33:52","date_gmt":"2021-10-11T09:33:52","guid":{"rendered":"https:\/\/brulen.com\/terms-conditions\/"},"modified":"2021-10-11T02:33:59","modified_gmt":"2021-10-11T09:33:59","slug":"terms-conditions","status":"publish","type":"page","link":"https:\/\/brulen.com\/de\/terms-conditions\/","title":{"rendered":"Terms &amp; amp; Bedingungen"},"content":{"rendered":"<!-- This legal document was generated by Complianz Terms &amp; Conditions https:\/\/wordpress.org\/plugins\/complianz-terms-conditions -->\n<div id=\"cmplz-document\" class=\"cmplz-document cmplz-terms-conditions\"><p><i>Die Allgemeinen Gesch\u00e4ftsbedingungen wurden zuletzt am 30. M\u00e4rz 2025 aktualisiert<\/i><\/p><h2>1. Einf\u00fchrung<\/h2><p>Diese Allgemeinen Gesch\u00e4ftsbedingungen gelten f\u00fcr diese Website und f\u00fcr die Transaktionen im Zusammenhang mit unseren Produkten und Dienstleistungen. Du bist m\u00f6glicherweise an zus\u00e4tzliche Vertr\u00e4ge gebunden, die sich auf deine Beziehung zu uns oder auf Produkte oder Dienstleistungen beziehen, die du von uns erh\u00e4ltst. Wenn Bestimmungen dieser Zusatzvertr\u00e4ge mit Bestimmungen dieser Bedingungen in Konflikt stehen, haben die Bestimmungen dieser Zusatzvertr\u00e4ge Vorrang.<\/p><h2>2. Verbindlichkeit<\/h2><p>Durch die Registrierung, den Zugriff auf oder die anderweitige Nutzung dieser Website erkl\u00e4rt du dich hiermit einverstanden, an diese unten aufgef\u00fchrten Allgemeinen Gesch\u00e4ftsbedingungen gebunden zu sein. Die blo\u00dfe Nutzung dieser Website setzt die Kenntnis und Akzeptanz dieser Allgemeinen Gesch\u00e4ftsbedingungen voraus. In bestimmten F\u00e4llen k\u00f6nnen wir dich auch gebissen, ausdr\u00fccklich zuzustimmen.<\/p><h2>3. Elektronische Kommunikation<\/h2><p>Durch die Nutzung dieser Website oder die Kommunikation mit uns auf elektronischem Wege erkl\u00e4rst du dich damit einverstanden und erkennst an, dass wir auf unserer Website elektronisch mit dir kommunizieren oder dir eine E-Mail senden k\u00f6nnen, und stimmst zu, dass alle Vereinbarungen, Mitteilungen, Offenlegungen und sonstige Mitteilungen, die wir dir elektronisch zusenden, alle gesetzlichen Anforderungen erf\u00fcllen. Beinhaltet au\u00dferdem, aber nicht auf die Anforderung beschr\u00e4nkt, dass solche Mitteilungen schriftlich erfolgen sollten.<\/p><h2>4. Geistiges Eigentum<\/h2><p>Wir oder unsere Lizenzgeber besitzen und kontrollieren alle Urheberrechte und sonstigen Rechte an geistigem Eigentum auf der Website sowie die Daten, Informationen und sonstigen Ressourcen, die auf der Website angezeigt werden oder auf der Website zug\u00e4nglich sind.<\/p><p class=\"cmplz-subtitle\">4.1 Alle Rechte vorbehalten<\/p><p>Sofern bestimmte Inhalte nichts anderes vorschreiben, wird dir keine Lizenz oder ein anderes Recht unter Urheber-, Marken-, Patent- oder anderen Rechten an geistigem Eigentum gew\u00e4hrt. Dies bedeutet, dass du keine Ressourcen auf dieser Website verwendest, kopierst, reproduzierst, ausf\u00fchrst, anzeigst, verteilst, in ein elektronisches Medium einbettest, \u00e4nderst, zur\u00fcckentwickelst, dekompilierst, \u00fcbergibst, herunterl\u00e4dst, \u00fcbertragst, monetarisierst, verkaufst, vermarktest oder kommerzialisierst in beliebiger Form , ohne unsere vorherige schriftliche Genehmigung, au\u00dfer und nur insoweit, als dies in den Bestimmungen des zwingenden Rechts (wie dem Recht auf Zitat) anders festgelegt ist.<\/p><h2>5. Newsletter<\/h2><p>Ungeachtet des Obigen, kannst du unseren Newsletter in elektronischer Form an andere Personen weiterleiten, die m\u00f6glicherweise an einem Besuch unserer Website interessiert sind.<\/p><h2>6. Eigentum Dritter<\/h2><p>Unsere Website kann Hyperlinks oder andere Verweise auf Websites anderer Parteien enthalten. Wir \u00fcberwachen oder \u00fcberpr\u00fcfen nicht den Inhalt der Websites anderer Parteien, auf die von dieser Website aus verwiesen WIRD. Produkte oder Dienstleistungen, die von anderen Websites angeboten werden, unterliegen den Allgemeinen Gesch\u00e4ftsbedingungen dieser Dritten. Auf diesen Websites werden ge\u00e4u\u00dferte Meinungen oder Materialien von uns nicht unbedingt geteilt oder unterst\u00fctzt.<\/p><p>Wir sind nicht verantwortlich f\u00fcr Datenschutzpraktiken oder Inhalte dieser Websites. Du tr\u00e4gst alle Risiken, die mit der Nutzung dieser Websites und damit verbundener Dienste Dritter verbunden sind. Wir \u00fcbernehmen keine Verantwortung f\u00fcr Verluste oder Sch\u00e4den jeglicher Art, die sich aus Ihrer Weitergabe personenbezogener Daten an Dritte ergeben.<\/p><h2>7. Verantwortungsbewusster Umgang<\/h2><p>Durch den Besuch unserer Website erkl\u00e4ren Sie sich damit einverstanden, dass diese nur f\u00fcr die Zwecke zu verwenden, die durch diese Bedingungen, zus\u00e4tzliche Vertr\u00e4ge mit uns sowie geltenden Gesetzen, Vorschriften und allgemein anerkannten Online-Praktiken und Branchenrichtlinien beabsichtigt und gestattet sind. Du darfst unsere Website oder Dienste nicht verwenden, um Material zu verwenden, zu ver\u00f6ffentlichen oder zu verbreiten, das aus b\u00f6sartiger Computersoftware besteht (oder mit dieser verlinkt ist). Verwende die auf unserer Website gesammelten Daten f\u00fcr Direktmarketingaktivit\u00e4ten oder f\u00fchre systematische oder automatisierte Datenerfassungsaktivit\u00e4ten auf oder in Bezug auf unsere Website durch.<\/p><p>Die Teilnahme an Aktivit\u00e4ten, die Sch\u00e4den an der Website verursachen oder verursachen k\u00f6nnen oder die Leistung, Verf\u00fcgbarkeit oder Zug\u00e4nglichkeit der Website beeintr\u00e4chtigen, ist starkstens untersagt.<\/p><h2>8. Anmeldung<\/h2><p>Du kannst dich f\u00fcr ein Konto auf unserer Website registrieren. W\u00e4hrend dieses Prozesses, k\u00f6nnte es erforderlich sein, ein Passwort auszuw\u00e4hlen. Du bist f\u00fcr die Wahrung der Vertraulichkeit von Passw\u00f6rtern und Kontoinformationen verantwortlich und erkl\u00e4rst dich damit einverstanden, deren Passw\u00f6rter, Kontoinformationen oder den gesicherten Zugang zu unserer Website oder unseren Diensten nicht an andere Personen weiterzugeben. Du darfst keiner anderen Person erlauben, dein Konto f\u00fcr den Zugriff auf die Website zu verwenden, da du f\u00fcr alle Aktivit\u00e4ten verantwortlich bist, die durch die Verwendung deiner Passw\u00f6rter oder Konten erfolgen. Du musst uns vorher benachrichtigen, wenn du Kenntnis von einer Offenlegung deines Passworts erh\u00e4ltst.<\/p><p>Nach der K\u00fcndigung des Kontos k\u00f6nnen Sie ohne unsere Erlaubnis kein neues Konto anlegen.<\/p><h2>9. Ideeneinreichung<\/h2><p>Reiche keine Ideen, Erfindungen, Werke der Urheberschaft oder andere Informationen ein, die als dein eigenes geistiges Eigentum angesehen werden k\u00f6nnen und welche du uns pr\u00e4sentieren m\u00f6chtest, es sei denn, wir haben zuvor eine Vereinbarung \u00fcber das geistige Eigentum oder eine Geheimhaltungsvereinbarung unterzeichnet. Wenn du uns dies ohne eine solche schriftliche Vereinbarung mitteilst, gew\u00e4hrst du uns eine weltweite, unwiderrufliche, nicht exklusive, geb\u00fchrenfreie Lizenz zur Nutzung, Reproduktion, Speicherung, Anpassung, Ver\u00f6ffentlichung, \u00dcbersetzung und Verbreitung deiner Inhalte in bestehenden oder zuk\u00fcnftigen Medien .<\/p><h2>10. Beendigung der Nutzung<\/h2><p>Wir k\u00f6nnen nach eigenem Ermessen den Zugriff auf die Website oder einen darauf befindlichen Dienst jederzeit vor\u00fcbergehend oder dauerhaft \u00e4ndern oder einstellen. Du erkl\u00e4rst dich damit einverstanden, dass wir weder dir noch Dritten gegen\u00fcber f\u00fcr solche \u00c4nderungen, Aussetzungen oder deines Zugriffs auf oder deiner Nutzung der Website oder von Inhalten, die dich m\u00f6glicherweise auf der Website geteilt haben, haften. Du hast keinen Anspruch auf Entsch\u00e4digung oder sonstige Zahlung, selbst wenn bestimmte Funktionen, Einstellungen und\/oder Inhalte, die du beigesteuert hast oder auf die du dich verl\u00e4sst, dauerhaft verloren gehen. Du darfst keine Zugriffsbeschr\u00e4nkungsma\u00dfnahmen auf unserer Website umgehen oder versuchen, sie zu umgehen.<\/p><h2>11. Garantien und Haftung<\/h2><p>Durch nichts in diesem WIRD eine gesetzlich implizierte Garantie eingeschr\u00e4nkt oder ausgeschlossen, deren Einschr\u00e4nkung oder Ausschluss rechtswidrig w\u00e4re. Diese Website und alle Inhalte der Website werden \u201ewie sie sind\u201c und \u201ewie verf\u00fcgbar\u201c bereitgestellt und k\u00f6nnen Ungenauigkeiten oder Tippfehler enthalten. Wir lehnen ausdr\u00fccklich jede ausdr\u00fcckliche oder stillschweigende Gew\u00e4hrleistung jeder Art hinsichtlich der Verf\u00fcgbarkeit, zuverl\u00e4ssig oder vollst\u00e4ndig des Inhalts ab. Wir \u00fcbernehmen keine Garantie daf\u00fcr, dass:<\/p><p><ul>\n\t\t\t\t<li>Diese Website oder unsere Produkte oder Dienstleistungen erf\u00fcllen Ihre Anforderungen.<\/li>\n\t\t\t\t<li>Diese Website wird ununterbrochen, gestartet, sicher oder fehlerfrei verf\u00fcgbar sein;<\/li>\n\t\t\t\t<li>Die Qualit\u00e4t aller Produkte oder Dienstleistungen, die du \u00fcber diese Website gekauft oder erhalten hast, entspricht deinen Erwartungen.<\/li>\n\t\t\t<\/ul><\/p><p>Nichts auf dieser Website stellt eine rechtliche, finanzielle oder medizinische Beratung jeder Art dar oder soll diese darstellen. Wenn du eine Beratung ben\u00f6tigst, solltest du einen zuverl\u00e4ssigen Fachmann konsultieren.<\/p><p>Die folgenden Bestimmungen dieses Abschnitts w\u00e4ren im zul\u00e4ssigen gesetzlichen H\u00f6chstma\u00df und beschr\u00e4nkt unsere Haftung in Bezug auf Angelegenheiten, die f\u00fcr uns rechtswidrig oder rechtswidrig, unsere Haftung einzuschr\u00e4nken oder Auswirkungen, nicht ein oder aus. In keinem Fall haften wir f\u00fcr direkte oder indirekte Sch\u00e4den (Inklusive Sch\u00e4den f\u00fcr entgangenen Gewinn oder Umsatz, Verlust oder Schaden von Daten, Software oder Datenbank oder Verlust oder Schaden von Eigentum oder Daten), sterben dir oder Drittparteien entstehen, die Sich aus deinem Zugriff auf oder deiner Nutzung unserer Website ergibt.<\/p><p>Sofern in einem zus\u00e4tzlichen Vertrag nicht ausdr\u00fccklich etwas anderes bestimmt ist, haften wir dir gegen\u00fcber maximal f\u00fcr alle Sch\u00e4den, die aus der Website oder mit Produkten und Dienstleistungen entstehen oder damit in Verbindung stehen, die \u00fcber die Website vermarktet oder verkauft werden, unabh\u00e4ngig von der Form der rechtlichen Schritte, die eine Haftung auferlegen (ob vertraglich, nach Billigkeit, Fahrl\u00e4ssigkeit, vors\u00e4tzlichem Verhalten, unerlaubter Handlung oder auf andere Weise) wird auf $1 begrenzt. Diese gilt insgesamt f\u00fcr alle Ihre Anspr\u00fcche, Handlungen und Klagegr\u00fcnde aller Art und Art.<\/p><h2>12. Privatsph\u00e4re<\/h2><p>Um auf unsere Website und\/oder Dienstleistungen zugreifen zu k\u00f6nnen, m\u00fcssen Sie im Rahmen des Registrierungsprozesses m\u00f6glicherweise bestimmte Informationen \u00fcber dich selbst angeben. Du stimmst zu, dass alle von dir angegebenen Informationen immer genau, korrekt und aktuell sind.<\/p><p>Wir nehmen Ihre pers\u00f6nlichen Daten ernst und nehmen uns, Ihre Privatsph\u00e4re zu sch\u00fctzen. Wir werden Ihre E-Mail-Adresse nicht f\u00fcr unerw\u00fcnschte E-Mails verwenden. Alle von uns an dich gesendeten E-Mails versenden sich nur auf die Bereitstellung vereinbarter Produkte oder Dienstleistungen.<\/p><p>Wir haben eine Richtlinie entwickelt, um eventuelle Datenschutzbedenken auszur\u00e4umen. Weitere Informationen finden Sie in unserer <a href=\"#?cmplz_region_redirect=true\">Datenschutzerkl\u00e4rung<\/a> und in unserer <a href=\"#?cmplz_region_redirect=true\">Cookie-Richtlinie<\/a>.<\/p><h2>13. Barrierefreiheit<\/h2><p>Wir treten uns, die von uns bereitgestellten Inhalte f\u00fcr Menschen mit Behinderungen zug\u00e4nglich zu machen. Wenn du Eine Behinderung\/St\u00f6rung hast und aufgrund dieser Nicht auf einen Teil unserer Website zugreifen kannst, bitten wir dich, uns eine Mitteilung mit Einer detaillierten Beschreibung des aufgetretenen Problems zu senden. Wenn das Problem gem\u00e4\u00df den branchen\u00fcblichen Informationstechnologie-Tools und -Techniken leicht zu identifizieren und zu l\u00f6sen ist, werden wir es umgehend beheben.<\/p><h2>14. Ausfuhrbeschr\u00e4nkungen \/ Einhaltung von Gesetzen<\/h2><p>Der Zugriff auf die Website aus bestimmten oder L\u00e4ndern, in denen der Inhalt oder Kauf der auf der Website verkauften Produkte oder Dienstleistungen illegal ist, ist verboten. Du darfst diese Website nicht unter Versto\u00df gegen die Exportgesetze und -bestimmungen der Vereinigten Staaten von Amerika verwenden.<\/p><h2>15. Partnerschafts-Marketing<\/h2><p>\u00dcber diese Website k\u00f6nnen wir Partnerschafts-Marketing betreiben, wobei wir einen Anteil oder eine Provision f\u00fcr den Verkauf von Dienstleistungen oder Produkten auf oder \u00fcber diese Website erhalten. Wir k\u00f6nnen auch Sponsoring oder andere Formen der Werbeverg\u00fctung von Unternehmen akzeptieren. Diese Offenlegung soll den gesetzlichen Anforderungen in Bezug auf Marketing und Werbung entsprechen, die m\u00f6glicherweise gelten, wie z. B. den Regeln der US-amerikanischen Federal Trade Commission.<\/p><h2>16. Zuordnung<\/h2><p>Ohne unsere vorherige schriftliche Zustimmung d\u00fcrfen Sie Ihre Rechte und\/oder Pflichten aus diesen Gesch\u00e4ftsbedingungen weder ganz noch teilweise an Dritte abtreten, \u00fcbertragen oder an Dritte weitergeben. Jede angebliche Abtretung, die gegen diesen Abschnitt verst\u00f6\u00dft, ist nichtig.<\/p><h2>17. Verst\u00f6\u00dfe gegen diese Allgemeinen Gesch\u00e4ftsbedingungen<\/h2><p>Ungeachtet unserer anderen Rechte aus diesen Allgemeinen Gesch\u00e4ftsbedingungen k\u00f6nnen wir, wenn du in irgendeiner Weise gegen diese Allgemeinen Gesch\u00e4ftsbedingungen verst\u00f6\u00dft, Ma\u00dfnahmen ergreifen, die wir f\u00fcr angemessen halten, um den Versto\u00df zu behandeln, einschlie\u00dflich der vor\u00fcbergehenden oder dauerhaften Sperrung deines Zugriffs auf die Website und mit der Kontaktaufnahme deines Internetdienstanbieters mit der Aufforderung deinen Zugang zur Website zu sperren und\/oder rechtliche Schritte gegen dich einzuleiten.<\/p><h2>18. H\u00f6here Gewalt<\/h2><p>Mit Ausnahme der Zahlungsverpflichtung, einer Verz\u00f6gerung, ein Vers\u00e4umnis oder einer Unterlassung einer Partei bei der Erf\u00fcllung oder Einhaltung ihrer Verpflichtungen aus diesem Vertrag, gilt nicht als Versto\u00df gegen diese Allgemeinen Gesch\u00e4ftsbedingungen, wenn und solange eine solche Verz\u00f6gerung, ein Vers\u00e4umnis oder eine Unterlassung aus \u00fcber den vern\u00fcnftigen Grund hinausgehenden Grund der angemessenen Kontrolle dieser Partei liegt.<\/p><h2>19. Entsch\u00e4digung<\/h2><p>Du erkl\u00e4rst dich damit einverstanden, uns von s\u00e4mtlichen Anspr\u00fcchen, Verbindlichkeiten, Sch\u00e4den, Verlusten und Kosten im Zusammenhang mit deiner Verletzung dieser Allgemeinen Gesch\u00e4ftsbedingungen und der geltenden Gesetze, einschlie\u00dflich geistiger Eigentumsrechte und Datenschutzrechte, freizustellen, zu verteidigen und schadlos zu halten. Du wirst uns unerwarteterweise unsere Sch\u00e4den, Verluste, Kosten und Kosten im Zusammenhang mit oder aus solchen Anspr\u00fcchen erstatten.<\/p><h2>20. Verzicht<\/h2><p>Das Vers\u00e4umnis, eine der Bestimmungen dieser Allgemeinen Gesch\u00e4ftsbedingungen und einer Vereinbarung durchzusetzen, oder das Vers\u00e4umnis, eine K\u00fcndigungsoption auszu\u00fcben, gilt nicht als Verzicht auf diese Bestimmungen und ber\u00fchrt nicht die G\u00fcltigkeit dieser Allgemeinen Gesch\u00e4ftsbedingungen oder dieser Vereinbarungen oder ein Teil davon oder das Recht danach, jede einzelne Bestimmung durchzusetzen.<\/p><h2>21. Sprache<\/h2><p>Diese Allgemeinen Gesch\u00e4ftsbedingungen werden ausschlie\u00dflich in englischer Sprache ausgelegt und ausgelegt. Alle Mitteilungen und Korrespondenzen werden ausschlie\u00dflich in dieser Sprache verfasst.<\/p><h2>22. Vollst\u00e4ndige Vereinbarung<\/h2><p>Diese Allgemeinen Gesch\u00e4ftsbedingungen bilden zusammen mit unseren <a href=\"#?cmplz_region_redirect=true\"> Datenschutzbestimmungen<\/a> und unserer <a href=\"#?cmplz_region_redirect=true\">Cookie-Richtlinie<\/a> die gesamte Vereinbarung zwischen dir und Brulen, Inc. in Bezug auf deine Nutzung dieser Website.<\/p><h2>23. Aktualisierung dieser Allgemeinen Gesch\u00e4ftsbedingungen<\/h2><p>Wir k\u00f6nnen diese Allgemeinen Gesch\u00e4ftsbedingungen von Zeit zu Zeit aktualisieren. Das zu Beginn dieser Allgemeinen Gesch\u00e4ftsbedingungen angegebene Datum ist das letzte \u00dcberarbeitungsdatum. Wir Werden dich schriftlich \u00fcber \u00c4nderungen oder Aktualisierungen informieren, und die \u00fcberarbeiteten Allgemeinen Gesch\u00e4ftsbedingungen werden ab dem Datum wirksam, an dem wir dich dar\u00fcber informieren. Ihre tats\u00e4chliche Nutzung dieser Website nach der Ver\u00f6ffentlichung von \u00c4nderungen oder Aktualisierungen gilt als Hinweis auf Ihre Zustimmung zur Einhaltung und Bindung dieser Allgemeinen Gesch\u00e4ftsbedingungen. Um eine fr\u00fchere Version dieser Allgemeinen Gesch\u00e4ftsbedingungen anzufordern, kontaktieren Sie uns bitte.<\/p><h2>24. Rechtswahl und Gerichtsstand<\/h2><p>Diese Allgemeinen Gesch\u00e4ftsbedingungen unterliegen den Gesetzen der Vereinigten Staaten von Amerika. F\u00fcr alle Streitigkeiten im Zusammenhang mit diesen Allgemeinen Gesch\u00e4ftsbedingungen sind die Gerichte der Vereinigten Staaten von Amerika zust\u00e4ndig. Wenn ein Teil oder eine Bestimmung dieser Allgemeinen Gesch\u00e4ftsbedingungen von einem Gericht oder einer anderen Beh\u00f6rde als ung\u00fcltig und\/oder nach geltendem Recht nicht durchsetzbar befunden WIRD, WIRD dieser Teil oder diese Bestimmung im maximal zul\u00e4ssigen Umfang ge\u00e4ndert, gel\u00f6scht und\/oder durchgesetzt die Absicht dieser Allgemeinen Gesch\u00e4ftsbedingungen verwirklicht. Die \u00fcbrigen Bestimmungen bleiben erhalten.<\/p><h2>25. Kontaktinformationen<\/h2><p>Diese Website geh\u00f6rt und wird betrieben von Brulen, Inc. .<\/p><p>Du kannst uns bez\u00fcglich dieser Gesch\u00e4ftsbedingungen schriftlich oder per E-Mail an die folgende Adresse kontaktieren: &#116;e&#114;&#109;s&#064;b&#114;ul&#101;&#110;.&#099;&#111;&#109;<br>7260 West Azure Drive<br \/>\r\nSte 140-1500<br \/>\r\nLas Vegas, Nevada 89130<\/p><h2>26. Herunterladen<\/h2><p>Du kannst auch unsere Allgemeinen Gesch\u00e4ftsbedingungen als PDF-Datei <a href=\"https:\/\/brulen.com\/de\/brunew\/wp-content\/plugins\/complianz-terms-conditions\/download.php\/\">herunterladen<\/a> .<\/p><\/div>","protected":false},"excerpt":{"rendered":"","protected":false},"author":1,"featured_media":0,"parent":0,"menu_order":0,"comment_status":"closed","ping_status":"closed","template":"","meta":{"footnotes":""},"class_list":["post-4802","page","type-page","status-publish","hentry"],"yoast_head":"<!-- This site is optimized with the Yoast SEO Premium plugin v27.2 (Yoast SEO v27.2) - https:\/\/yoast.com\/product\/yoast-seo-premium-wordpress\/ -->\n<title>Terms &amp; Conditions &#8902; \u2605 BRULEN\u00ae \u2605 Recording Artist<\/title>\n<meta name=\"description\" content=\"Singer, songwriter, musician &amp; recording artist brings you new classic rock music powerfully infused by the great John Lennon long ago \u2605\u2605\u2605\u2605\u2605\" \/>\n<meta name=\"robots\" content=\"index, follow, max-snippet:-1, max-image-preview:large, max-video-preview:-1\" \/>\n<link rel=\"canonical\" href=\"https:\/\/brulen.com\/de\/terms-conditions\/\" \/>\n<meta property=\"og:locale\" content=\"de_DE\" \/>\n<meta property=\"og:type\" content=\"article\" \/>\n<meta property=\"og:title\" content=\"Terms &amp; Conditions\" \/>\n<meta property=\"og:description\" content=\"Singer, songwriter, musician &amp; recording artist brings you new classic rock music powerfully infused by the great John Lennon long ago \u2605\u2605\u2605\u2605\u2605\" \/>\n<meta property=\"og:url\" content=\"https:\/\/brulen.com\/de\/terms-conditions\/\" \/>\n<meta property=\"og:site_name\" content=\"\u2605 BRULEN\u00ae \u2605 Recording Artist\" \/>\n<meta property=\"article:publisher\" content=\"https:\/\/www.facebook.com\/BrulenMusic\" \/>\n<meta property=\"article:modified_time\" content=\"2021-10-11T09:33:59+00:00\" \/>\n<meta property=\"og:image\" content=\"https:\/\/brulen.com\/brunew\/wp-content\/uploads\/2021\/09\/20191016_194308-818x1444-818x1444.jpg\" \/>\n\t<meta property=\"og:image:width\" content=\"818\" \/>\n\t<meta property=\"og:image:height\" content=\"1444\" \/>\n\t<meta property=\"og:image:type\" content=\"image\/jpeg\" \/>\n<meta name=\"twitter:card\" content=\"summary_large_image\" \/>\n<meta name=\"twitter:site\" content=\"@brulen\" \/>\n<script type=\"application\/ld+json\" class=\"yoast-schema-graph\">{\"@context\":\"https:\/\/schema.org\",\"@graph\":[{\"@type\":\"WebPage\",\"@id\":\"https:\/\/brulen.com\/terms-conditions\/\",\"url\":\"https:\/\/brulen.com\/terms-conditions\/\",\"name\":\"Terms & Conditions &#8902; \u2605 BRULEN\u00ae \u2605 Recording Artist\",\"isPartOf\":{\"@id\":\"https:\/\/brulen.com\/#website\"},\"datePublished\":\"2021-10-11T09:33:52+00:00\",\"dateModified\":\"2021-10-11T09:33:59+00:00\",\"description\":\"Singer, songwriter, musician &amp; recording artist brings you new classic rock music powerfully infused by the great John Lennon long ago \u2605\u2605\u2605\u2605\u2605\",\"breadcrumb\":{\"@id\":\"https:\/\/brulen.com\/terms-conditions\/#breadcrumb\"},\"inLanguage\":\"de\",\"potentialAction\":[{\"@type\":\"ReadAction\",\"target\":[\"https:\/\/brulen.com\/terms-conditions\/\"]}]},{\"@type\":\"BreadcrumbList\",\"@id\":\"https:\/\/brulen.com\/terms-conditions\/#breadcrumb\",\"itemListElement\":[{\"@type\":\"ListItem\",\"position\":1,\"name\":\"Home\",\"item\":\"https:\/\/brulen.com\/\"},{\"@type\":\"ListItem\",\"position\":2,\"name\":\"Terms &#038; Conditions\"}]},{\"@type\":\"WebSite\",\"@id\":\"https:\/\/brulen.com\/#website\",\"url\":\"https:\/\/brulen.com\/\",\"name\":\"\u2605 BRULEN\u00ae \u2605 Recording Artist\",\"description\":\"Recording Artist\",\"publisher\":{\"@id\":\"https:\/\/brulen.com\/#organization\"},\"potentialAction\":[{\"@type\":\"SearchAction\",\"target\":{\"@type\":\"EntryPoint\",\"urlTemplate\":\"https:\/\/brulen.com\/?s={search_term_string}\"},\"query-input\":{\"@type\":\"PropertyValueSpecification\",\"valueRequired\":true,\"valueName\":\"search_term_string\"}}],\"inLanguage\":\"de\"},{\"@type\":\"Organization\",\"@id\":\"https:\/\/brulen.com\/#organization\",\"name\":\"BRULEN\",\"url\":\"https:\/\/brulen.com\/\",\"logo\":{\"@type\":\"ImageObject\",\"inLanguage\":\"de\",\"@id\":\"https:\/\/brulen.com\/#\/schema\/logo\/image\/\",\"url\":\"https:\/\/brulen.com\/brunew\/wp-content\/uploads\/2020\/11\/Brulen-Site-Logo-1.png\",\"contentUrl\":\"https:\/\/brulen.com\/brunew\/wp-content\/uploads\/2020\/11\/Brulen-Site-Logo-1.png\",\"width\":350,\"height\":169,\"caption\":\"BRULEN\"},\"image\":{\"@id\":\"https:\/\/brulen.com\/#\/schema\/logo\/image\/\"},\"sameAs\":[\"https:\/\/www.facebook.com\/BrulenMusic\",\"https:\/\/x.com\/brulen\"],\"publishingPrinciples\":\"https:\/\/brulen.com\/it\/privacy-statement-us\/\"}]}<\/script>\n<!-- \/ Yoast SEO Premium plugin. -->","yoast_head_json":{"title":"Allgemeine Gesch\u00e4ftsbedingungen \u22c6 \u2605 BRULEN\u00ae \u2605 Aufnahmek\u00fcnstler","description":"S\u00e4nger, Songwriter, Musiker und Aufnahmek\u00fcnstler bringt Ihnen neue klassische Rockmusik, die vor langer Zeit kraftvoll von dem gro\u00dfen John Lennon durchdrungen wurde \u2605\u2605\u2605\u2605\u2605","robots":{"index":"index","follow":"follow","max-snippet":"max-snippet:-1","max-image-preview":"max-image-preview:large","max-video-preview":"max-video-preview:-1"},"canonical":"https:\/\/brulen.com\/de\/terms-conditions\/","og_locale":"de_DE","og_type":"article","og_title":"Terms & Conditions","og_description":"Singer, songwriter, musician &amp; recording artist brings you new classic rock music powerfully infused by the great John Lennon long ago \u2605\u2605\u2605\u2605\u2605","og_url":"https:\/\/brulen.com\/de\/terms-conditions\/","og_site_name":"\u2605 BRULEN\u00ae \u2605 Recording Artist","article_publisher":"https:\/\/www.facebook.com\/BrulenMusic","article_modified_time":"2021-10-11T09:33:59+00:00","og_image":[{"width":818,"height":1444,"url":"https:\/\/brulen.com\/brunew\/wp-content\/uploads\/2021\/09\/20191016_194308-818x1444-818x1444.jpg","type":"image\/jpeg"}],"twitter_card":"summary_large_image","twitter_site":"@brulen","schema":{"@context":"https:\/\/schema.org","@graph":[{"@type":"WebPage","@id":"https:\/\/brulen.com\/terms-conditions\/","url":"https:\/\/brulen.com\/terms-conditions\/","name":"Allgemeine Gesch\u00e4ftsbedingungen \u22c6 \u2605 BRULEN\u00ae \u2605 Aufnahmek\u00fcnstler","isPartOf":{"@id":"https:\/\/brulen.com\/#website"},"datePublished":"2021-10-11T09:33:52+00:00","dateModified":"2021-10-11T09:33:59+00:00","description":"S\u00e4nger, Songwriter, Musiker und Aufnahmek\u00fcnstler bringt Ihnen neue klassische Rockmusik, die vor langer Zeit kraftvoll von dem gro\u00dfen John Lennon durchdrungen wurde \u2605\u2605\u2605\u2605\u2605","breadcrumb":{"@id":"https:\/\/brulen.com\/terms-conditions\/#breadcrumb"},"inLanguage":"de","potentialAction":[{"@type":"ReadAction","target":["https:\/\/brulen.com\/terms-conditions\/"]}]},{"@type":"BreadcrumbList","@id":"https:\/\/brulen.com\/terms-conditions\/#breadcrumb","itemListElement":[{"@type":"ListItem","position":1,"name":"Home","item":"https:\/\/brulen.com\/"},{"@type":"ListItem","position":2,"name":"Terms &#038; Conditions"}]},{"@type":"WebSite","@id":"https:\/\/brulen.com\/#website","url":"https:\/\/brulen.com\/","name":"\u2605 BRULEN\u00ae \u2605 Aufnahmek\u00fcnstler","description":"Aufnahmek\u00fcnstler","publisher":{"@id":"https:\/\/brulen.com\/#organization"},"potentialAction":[{"@type":"SearchAction","target":{"@type":"EntryPoint","urlTemplate":"https:\/\/brulen.com\/?s={search_term_string}"},"query-input":{"@type":"PropertyValueSpecification","valueRequired":true,"valueName":"search_term_string"}}],"inLanguage":"de"},{"@type":"Organization","@id":"https:\/\/brulen.com\/#organization","name":"BR\u00dcLEN","url":"https:\/\/brulen.com\/","logo":{"@type":"ImageObject","inLanguage":"de","@id":"https:\/\/brulen.com\/#\/schema\/logo\/image\/","url":"https:\/\/brulen.com\/brunew\/wp-content\/uploads\/2020\/11\/Brulen-Site-Logo-1.png","contentUrl":"https:\/\/brulen.com\/brunew\/wp-content\/uploads\/2020\/11\/Brulen-Site-Logo-1.png","width":350,"height":169,"caption":"BRULEN"},"image":{"@id":"https:\/\/brulen.com\/#\/schema\/logo\/image\/"},"sameAs":["https:\/\/www.facebook.com\/BrulenMusic","https:\/\/x.com\/brulen"],"publishingPrinciples":"https:\/\/brulen.com\/it\/privacy-statement-us\/"}]}},"jetpack_sharing_enabled":true,"_links":{"self":[{"href":"https:\/\/brulen.com\/de\/wp-json\/wp\/v2\/pages\/4802","targetHints":{"allow":["GET"]}}],"collection":[{"href":"https:\/\/brulen.com\/de\/wp-json\/wp\/v2\/pages"}],"about":[{"href":"https:\/\/brulen.com\/de\/wp-json\/wp\/v2\/types\/page"}],"author":[{"embeddable":true,"href":"https:\/\/brulen.com\/de\/wp-json\/wp\/v2\/users\/1"}],"replies":[{"embeddable":true,"href":"https:\/\/brulen.com\/de\/wp-json\/wp\/v2\/comments?post=4802"}],"version-history":[{"count":0,"href":"https:\/\/brulen.com\/de\/wp-json\/wp\/v2\/pages\/4802\/revisions"}],"wp:attachment":[{"href":"https:\/\/brulen.com\/de\/wp-json\/wp\/v2\/media?parent=4802"}],"curies":[{"name":"wp","href":"https:\/\/api.w.org\/{rel}","templated":true}]}}